{"id":3114,"date":"2020-10-20T12:20:06","date_gmt":"2020-10-20T12:20:06","guid":{"rendered":"https:\/\/www.niemibil.se\/?page_id=3114"},"modified":"2021-12-06T15:48:27","modified_gmt":"2021-12-06T14:48:27","slug":"history","status":"publish","type":"page","link":"https:\/\/www.niemibil.se\/en\/history\/","title":{"rendered":"History"},"content":{"rendered":"<div data-elementor-type=\"wp-page\" data-elementor-id=\"3114\" class=\"elementor elementor-3114\" data-elementor-post-type=\"page\">\n\t\t\t\t\t\t<section class=\"elementor-section elementor-top-section elementor-element elementor-element-771969b9 elementor-section-height-min-height elementor-section-boxed elementor-section-height-default elementor-section-items-middle\" data-id=\"771969b9\" data-element_type=\"section\" data-e-type=\"section\" data-settings=\"{&quot;background_background&quot;:&quot;classic&quot;}\">\n\t\t\t\t\t\t\t<div class=\"elementor-background-overlay\"><\/div>\n\t\t\t\t\t\t\t<div class=\"elementor-container elementor-column-gap-default\">\n\t\t\t\t\t<div class=\"elementor-column elementor-col-100 elementor-top-column elementor-element elementor-element-153c2820\" data-id=\"153c2820\" data-element_type=\"column\" data-e-type=\"column\">\n\t\t\t<div class=\"elementor-widget-wrap elementor-element-populated\">\n\t\t\t\t\t\t<div class=\"elementor-element elementor-element-e25d2fb elementor-widget elementor-widget-heading\" data-id=\"e25d2fb\" data-element_type=\"widget\" data-e-type=\"widget\" data-widget_type=\"heading.default\">\n\t\t\t\t\t<h1 class=\"elementor-heading-title elementor-size-default\">Our history <\/h1>\t\t\t\t<\/div>\n\t\t\t\t<div class=\"elementor-element elementor-element-367a5c4d elementor-widget__width-initial elementor-widget elementor-widget-text-editor\" data-id=\"367a5c4d\" data-element_type=\"widget\" data-e-type=\"widget\" data-widget_type=\"text-editor.default\">\n\t\t\t\t\t\t\t\t\t<p>Niemi Bil has had an exciting journey from the small garage workshop. Today we are an authorized Mazda dealer and provide service for cars of various makes and models in the workshop. And it all started 14 years ago.\u00a0<\/p>\t\t\t\t\t\t\t\t<\/div>\n\t\t\t\t\t<\/div>\n\t\t<\/div>\n\t\t\t\t\t<\/div>\n\t\t<\/section>\n\t\t\t\t<section class=\"elementor-section elementor-top-section elementor-element elementor-element-701b3605 elementor-section-boxed elementor-section-height-default elementor-section-height-default\" data-id=\"701b3605\" data-element_type=\"section\" data-e-type=\"section\">\n\t\t\t\t\t\t<div class=\"elementor-container elementor-column-gap-default\">\n\t\t\t\t\t<div class=\"elementor-column elementor-col-100 elementor-top-column elementor-element elementor-element-9dd82ba\" data-id=\"9dd82ba\" data-element_type=\"column\" data-e-type=\"column\">\n\t\t\t<div class=\"elementor-widget-wrap elementor-element-populated\">\n\t\t\t\t\t\t<div class=\"elementor-element elementor-element-3de5434e elementor-widget elementor-widget-heading\" data-id=\"3de5434e\" data-element_type=\"widget\" data-e-type=\"widget\" data-widget_type=\"heading.default\">\n\t\t\t\t\t<h3 class=\"elementor-heading-title elementor-size-default\">To do better yourself<\/h3>\t\t\t\t<\/div>\n\t\t\t\t<div class=\"elementor-element elementor-element-659761a8 elementor-widget elementor-widget-text-editor\" data-id=\"659761a8\" data-element_type=\"widget\" data-e-type=\"widget\" data-widget_type=\"text-editor.default\">\n\t\t\t\t\t\t\t\t\t<p>There has always been a special mentality that has driven us at Niemi Bil. Ever since the beginning in 2006 when the doors to the then small garage workshop were opened, and Roger Niemi decided to do things differently. Do things better.<\/p><h5>The small big company<\/h5><p>The idea of opening your own business grew stronger as the automotive industry changed. Local workshops were absorbed into ever larger corporate portfolios and over time lost their own identity. Niemi Bil thought differently. The feeling of the small, family-run business would follow as the company began to grow.<\/p><h5>A really good result<\/h5><p>Then as now, the motto has been the same, \u201cWe only do it if we can do it really well\u201d. And 14 years later, with hindsight, we have done really well. Today we are proud to call ourselves an authorized Mazda dealer and to be able to provide our customers with high-quality service in the workshop. In our car showrooms we also have carefully selected used models from manufacturers that we have long experience in mediating and servicing.<\/p><h5><span style=\"font-family: open-sans, sans-serif; font-size: 1rem;\">The culture is intact<\/span><\/h5><p><span style=\"font-family: open-sans, sans-serif; font-size: 1rem;\">Despite a long and fast-paced journey, we have maintained the values we have always believed in, thanks in large part to committed employees. We still have our roots in the north, and for us, hard work and honesty always come first.<\/span><\/p>\t\t\t\t\t\t\t\t<\/div>\n\t\t\t\t\t<\/div>\n\t\t<\/div>\n\t\t\t\t\t<\/div>\n\t\t<\/section>\n\t\t\t\t<\/div>","protected":false},"excerpt":{"rendered":"<p>V\u00e5r historia Niemi Bil har haft en sp\u00e4nnande resa fr\u00e5n den lilla garageverkstaden. Idag \u00e4r vi auktoriserad Mazda\u00e5terf\u00f6rs\u00e4ljare och ger bilar, av olika m\u00e4rken och modeller, service i verkstaden. Och allting startade f\u00f6r 14 \u00e5r sedan.\u00a0 Att g\u00f6ra det b\u00e4ttre sj\u00e4lv Det har alltid varit en speciell mentalitet som sporrat oss p\u00e5 Niemi Bil. \u00c4nda [&hellip;]<\/p>\n","protected":false},"author":1,"featured_media":0,"parent":0,"menu_order":0,"comment_status":"closed","ping_status":"closed","template":"","meta":{"_acf_changed":false,"footnotes":""},"class_list":["post-3114","page","type-page","status-publish","hentry"],"acf":[],"_links":{"self":[{"href":"https:\/\/www.niemibil.se\/en\/wp-json\/wp\/v2\/pages\/3114","targetHints":{"allow":["GET"]}}],"collection":[{"href":"https:\/\/www.niemibil.se\/en\/wp-json\/wp\/v2\/pages"}],"about":[{"href":"https:\/\/www.niemibil.se\/en\/wp-json\/wp\/v2\/types\/page"}],"author":[{"embeddable":true,"href":"https:\/\/www.niemibil.se\/en\/wp-json\/wp\/v2\/users\/1"}],"replies":[{"embeddable":true,"href":"https:\/\/www.niemibil.se\/en\/wp-json\/wp\/v2\/comments?post=3114"}],"version-history":[{"count":0,"href":"https:\/\/www.niemibil.se\/en\/wp-json\/wp\/v2\/pages\/3114\/revisions"}],"wp:attachment":[{"href":"https:\/\/www.niemibil.se\/en\/wp-json\/wp\/v2\/media?parent=3114"}],"curies":[{"name":"wp","href":"https:\/\/api.w.org\/{rel}","templated":true}]}}