{"id":2639501,"date":"2026-01-20T14:08:49","date_gmt":"2026-01-20T13:08:49","guid":{"rendered":"https:\/\/www.niemibil.se\/?page_id=2639501"},"modified":"2026-02-12T12:21:06","modified_gmt":"2026-02-12T11:21:06","slug":"delbetalning","status":"publish","type":"page","link":"https:\/\/www.niemibil.se\/en\/delbetalning\/","title":{"rendered":"Delbetalning info"},"content":{"rendered":"<div data-elementor-type=\"wp-page\" data-elementor-id=\"2639501\" class=\"elementor elementor-2639501\" data-elementor-post-type=\"page\">\n\t\t\t\t\t\t<section class=\"elementor-section elementor-top-section elementor-element elementor-element-c0b2a10 elementor-section-height-min-height elementor-section-items-bottom elementor-section-boxed elementor-section-height-default\" data-id=\"c0b2a10\" data-element_type=\"section\" data-e-type=\"section\" data-settings=\"{&quot;background_background&quot;:&quot;classic&quot;}\">\n\t\t\t\t\t\t\t<div class=\"elementor-background-overlay\"><\/div>\n\t\t\t\t\t\t\t<div class=\"elementor-container elementor-column-gap-default\">\n\t\t\t\t\t<div class=\"elementor-column elementor-col-100 elementor-top-column elementor-element elementor-element-22d1266e\" data-id=\"22d1266e\" data-element_type=\"column\" data-e-type=\"column\">\n\t\t\t<div class=\"elementor-widget-wrap elementor-element-populated\">\n\t\t\t\t\t\t<div class=\"elementor-element elementor-element-1f14ab7 elementor-widget elementor-widget-spacer\" data-id=\"1f14ab7\" data-element_type=\"widget\" data-e-type=\"widget\" data-widget_type=\"spacer.default\">\n\t\t\t\t\t\t\t<div class=\"elementor-spacer\">\n\t\t\t<div class=\"elementor-spacer-inner\"><\/div>\n\t\t<\/div>\n\t\t\t\t\t\t<\/div>\n\t\t\t\t<div class=\"elementor-element elementor-element-7f0ed131 elementor-widget elementor-widget-heading\" data-id=\"7f0ed131\" data-element_type=\"widget\" data-e-type=\"widget\" data-widget_type=\"heading.default\">\n\t\t\t\t\t<h1 class=\"elementor-heading-title elementor-size-default\">Delbetala dina k\u00f6p<\/h1>\t\t\t\t<\/div>\n\t\t\t\t<div class=\"elementor-element elementor-element-4a698714 elementor-widget elementor-widget-text-editor\" data-id=\"4a698714\" data-element_type=\"widget\" data-e-type=\"widget\" data-widget_type=\"text-editor.default\">\n\t\t\t\t\t\t\t\t\t<p>Du kan sj\u00e4lvklart v\u00e4lja att dela upp din betalning p\u00e5 alla Niemi Bils verkst\u00e4der. Det kan vara ett bra alternativ f\u00f6r dig som vill kunna hantera ov\u00e4ntade utgifter utan att de s\u00e4tter allt f\u00f6r stora k\u00e4ppar i hjulet f\u00f6r din vardag!<\/p><p>Prata med din verkstad f\u00f6r att komma fram till ett uppl\u00e4gg som passar dig!\u00a0<\/p>\t\t\t\t\t\t\t\t<\/div>\n\t\t\t\t<div class=\"elementor-element elementor-element-0322672 elementor-widget elementor-widget-text-editor\" data-id=\"0322672\" data-element_type=\"widget\" data-e-type=\"widget\" data-widget_type=\"text-editor.default\">\n\t\t\t\t\t\t\t\t\t<p><strong>Delbetalning \u00e4r r\u00e4ntefritt upp till 24 m\u00e5nader<\/strong><\/p>\t\t\t\t\t\t\t\t<\/div>\n\t\t\t\t<div class=\"elementor-element elementor-element-e964754 elementor-widget elementor-widget-spacer\" data-id=\"e964754\" data-element_type=\"widget\" data-e-type=\"widget\" data-widget_type=\"spacer.default\">\n\t\t\t\t\t\t\t<div class=\"elementor-spacer\">\n\t\t\t<div class=\"elementor-spacer-inner\"><\/div>\n\t\t<\/div>\n\t\t\t\t\t\t<\/div>\n\t\t\t\t\t<\/div>\n\t\t<\/div>\n\t\t\t\t\t<\/div>\n\t\t<\/section>\n\t\t<div class=\"elementor-element elementor-element-73d00e7 e-flex e-con-boxed e-con e-parent\" data-id=\"73d00e7\" data-element_type=\"container\" data-e-type=\"container\">\n\t\t\t\t\t<div class=\"e-con-inner\">\n\t\t\t\t<div class=\"elementor-element elementor-element-0cbe451 elementor-widget elementor-widget-spacer\" data-id=\"0cbe451\" data-element_type=\"widget\" data-e-type=\"widget\" data-widget_type=\"spacer.default\">\n\t\t\t\t\t\t\t<div class=\"elementor-spacer\">\n\t\t\t<div class=\"elementor-spacer-inner\"><\/div>\n\t\t<\/div>\n\t\t\t\t\t\t<\/div>\n\t\t\t\t\t<\/div>\n\t\t\t\t<\/div>\n\t\t<div class=\"elementor-element elementor-element-01b4251 e-flex e-con-boxed e-con e-parent\" data-id=\"01b4251\" data-element_type=\"container\" data-e-type=\"container\">\n\t\t\t\t\t<div class=\"e-con-inner\">\n\t\t<div class=\"elementor-element elementor-element-33ee9d3 e-con-full e-flex e-con e-child\" data-id=\"33ee9d3\" data-element_type=\"container\" data-e-type=\"container\">\n\t\t\t\t<div class=\"elementor-element elementor-element-b445089 elementor-widget elementor-widget-heading\" data-id=\"b445089\" data-element_type=\"widget\" data-e-type=\"widget\" data-widget_type=\"heading.default\">\n\t\t\t\t\t<h2 class=\"elementor-heading-title elementor-size-default\">S\u00e5 h\u00e4r fungerar det<\/h2>\t\t\t\t<\/div>\n\t\t\t\t<div class=\"elementor-element elementor-element-3f17638 elementor-widget elementor-widget-spacer\" data-id=\"3f17638\" data-element_type=\"widget\" data-e-type=\"widget\" data-widget_type=\"spacer.default\">\n\t\t\t\t\t\t\t<div class=\"elementor-spacer\">\n\t\t\t<div class=\"elementor-spacer-inner\"><\/div>\n\t\t<\/div>\n\t\t\t\t\t\t<\/div>\n\t\t\t\t\t\t\t\t<p class=\"e-2103c94-a93d82b e-paragraph-base\" data-interaction-id=\"2103c94\" data-interactions=\"&#x5B;&#x5D;\"  data-e-type=\"widget\" data-id=\"2103c94\">\n\t\t\t\t\t\t\t\tOm delbetalning \u00e4r det b\u00e4sta alternativet f\u00f6r dig s\u00e5 hj\u00e4lper v\u00e5ra servicer\u00e5dgivare till med att l\u00e4gga upp din m\u00e5nadskostnad n\u00e4r du bes\u00f6ker oss p\u00e5 verkstaden!\n\t\t\t\t\t<\/p>\n\t\t\t\t<div class=\"elementor-element elementor-element-2ff3b0b elementor-widget elementor-widget-spacer\" data-id=\"2ff3b0b\" data-element_type=\"widget\" data-e-type=\"widget\" data-widget_type=\"spacer.default\">\n\t\t\t\t\t\t\t<div class=\"elementor-spacer\">\n\t\t\t<div class=\"elementor-spacer-inner\"><\/div>\n\t\t<\/div>\n\t\t\t\t\t\t<\/div>\n\t\t\t\t<div class=\"elementor-element elementor-element-7c93ac4 elementor-position-inline-start elementor-mobile-position-inline-start elementor-view-default elementor-widget elementor-widget-icon-box\" data-id=\"7c93ac4\" data-element_type=\"widget\" data-e-type=\"widget\" data-widget_type=\"icon-box.default\">\n\t\t\t\t\t\t\t<div class=\"elementor-icon-box-wrapper\">\n\n\t\t\t\t\t\t<div class=\"elementor-icon-box-icon\">\n\t\t\t\t<a href=\"tel:\" class=\"elementor-icon\" tabindex=\"-1\">\n\t\t\t\t<i aria-hidden=\"true\" class=\"fas fa-check-circle\"><\/i>\t\t\t\t<\/a>\n\t\t\t<\/div>\n\t\t\t\n\t\t\t\t\t\t<div class=\"elementor-icon-box-content\">\n\n\t\t\t\t\n\t\t\t\t\t\t\t\t\t<p class=\"elementor-icon-box-description\">\n\t\t\t\t\t\tSignera smidigt med Bank ID\t\t\t\t\t<\/p>\n\t\t\t\t\n\t\t\t<\/div>\n\t\t\t\n\t\t<\/div>\n\t\t\t\t\t\t<\/div>\n\t\t\t\t<div class=\"elementor-element elementor-element-f11fdfc elementor-position-inline-start elementor-mobile-position-inline-start elementor-view-default elementor-widget elementor-widget-icon-box\" data-id=\"f11fdfc\" data-element_type=\"widget\" data-e-type=\"widget\" data-widget_type=\"icon-box.default\">\n\t\t\t\t\t\t\t<div class=\"elementor-icon-box-wrapper\">\n\n\t\t\t\t\t\t<div class=\"elementor-icon-box-icon\">\n\t\t\t\t<a href=\"tel:\" class=\"elementor-icon\" tabindex=\"-1\">\n\t\t\t\t<i aria-hidden=\"true\" class=\"fas fa-check-circle\"><\/i>\t\t\t\t<\/a>\n\t\t\t<\/div>\n\t\t\t\n\t\t\t\t\t\t<div class=\"elementor-icon-box-content\">\n\n\t\t\t\t\n\t\t\t\t\t\t\t\t\t<p class=\"elementor-icon-box-description\">\n\t\t\t\t\t\t30 dagar avgiftsfri betalning\t\t\t\t\t<\/p>\n\t\t\t\t\n\t\t\t<\/div>\n\t\t\t\n\t\t<\/div>\n\t\t\t\t\t\t<\/div>\n\t\t\t\t<div class=\"elementor-element elementor-element-44ffeda elementor-position-inline-start elementor-mobile-position-inline-start elementor-view-default elementor-widget elementor-widget-icon-box\" data-id=\"44ffeda\" data-element_type=\"widget\" data-e-type=\"widget\" data-widget_type=\"icon-box.default\">\n\t\t\t\t\t\t\t<div class=\"elementor-icon-box-wrapper\">\n\n\t\t\t\t\t\t<div class=\"elementor-icon-box-icon\">\n\t\t\t\t<a href=\"tel:\" class=\"elementor-icon\" tabindex=\"-1\">\n\t\t\t\t<i aria-hidden=\"true\" class=\"fas fa-check-circle\"><\/i>\t\t\t\t<\/a>\n\t\t\t<\/div>\n\t\t\t\n\t\t\t\t\t\t<div class=\"elementor-icon-box-content\">\n\n\t\t\t\t\n\t\t\t\t\t\t\t\t\t<p class=\"elementor-icon-box-description\">\n\t\t\t\t\t\tUpp 24 m\u00e5nader r\u00e4ntefri betalning\t\t\t\t\t<\/p>\n\t\t\t\t\n\t\t\t<\/div>\n\t\t\t\n\t\t<\/div>\n\t\t\t\t\t\t<\/div>\n\t\t\t\t<div class=\"elementor-element elementor-element-317c254 elementor-position-inline-start elementor-mobile-position-inline-start elementor-view-default elementor-widget elementor-widget-icon-box\" data-id=\"317c254\" data-element_type=\"widget\" data-e-type=\"widget\" data-widget_type=\"icon-box.default\">\n\t\t\t\t\t\t\t<div class=\"elementor-icon-box-wrapper\">\n\n\t\t\t\t\t\t<div class=\"elementor-icon-box-icon\">\n\t\t\t\t<a href=\"tel:\" class=\"elementor-icon\" tabindex=\"-1\">\n\t\t\t\t<i aria-hidden=\"true\" class=\"fas fa-check-circle\"><\/i>\t\t\t\t<\/a>\n\t\t\t<\/div>\n\t\t\t\n\t\t\t\t\t\t<div class=\"elementor-icon-box-content\">\n\n\t\t\t\t\n\t\t\t\t\t\t\t\t\t<p class=\"elementor-icon-box-description\">\n\t\t\t\t\t\tMaxkredit 30 000 kronor\t\t\t\t\t<\/p>\n\t\t\t\t\n\t\t\t<\/div>\n\t\t\t\n\t\t<\/div>\n\t\t\t\t\t\t<\/div>\n\t\t\t\t<div class=\"elementor-element elementor-element-1b914d4 elementor-hidden-mobile elementor-widget elementor-widget-spacer\" data-id=\"1b914d4\" data-element_type=\"widget\" data-e-type=\"widget\" data-widget_type=\"spacer.default\">\n\t\t\t\t\t\t\t<div class=\"elementor-spacer\">\n\t\t\t<div class=\"elementor-spacer-inner\"><\/div>\n\t\t<\/div>\n\t\t\t\t\t\t<\/div>\n\t\t\t\t<div class=\"elementor-element elementor-element-e438aa1 elementor-widget elementor-widget-heading\" data-id=\"e438aa1\" data-element_type=\"widget\" data-e-type=\"widget\" data-widget_type=\"heading.default\">\n\t\t\t\t\t<h4 class=\"elementor-heading-title elementor-size-default\">Kredtigivare<\/h4>\t\t\t\t<\/div>\n\t\t\t\t<div class=\"elementor-element elementor-element-79543d5 elementor-position-inline-start elementor-mobile-position-inline-start elementor-view-default elementor-widget elementor-widget-icon-box\" data-id=\"79543d5\" data-element_type=\"widget\" data-e-type=\"widget\" data-widget_type=\"icon-box.default\">\n\t\t\t\t\t\t\t<div class=\"elementor-icon-box-wrapper\">\n\n\t\t\t\t\t\t<div class=\"elementor-icon-box-icon\">\n\t\t\t\t<span  class=\"elementor-icon\">\n\t\t\t\t<i aria-hidden=\"true\" class=\"fas fa-arrow-alt-circle-right\"><\/i>\t\t\t\t<\/span>\n\t\t\t<\/div>\n\t\t\t\n\t\t\t\t\t\t<div class=\"elementor-icon-box-content\">\n\n\t\t\t\t\t\t\t\t\t<span class=\"elementor-icon-box-title\">\n\t\t\t\t\t\t<span  >\n\t\t\t\t\t\t\tResurs Bank AB (publ), Box 22209, 250 24 Helsingborg\t\t\t\t\t\t<\/span>\n\t\t\t\t\t<\/span>\n\t\t\t\t\n\t\t\t\t\n\t\t\t<\/div>\n\t\t\t\n\t\t<\/div>\n\t\t\t\t\t\t<\/div>\n\t\t\t\t<\/div>\n\t\t<div class=\"elementor-element elementor-element-a8df948 e-con-full e-flex e-con e-child\" data-id=\"a8df948\" data-element_type=\"container\" data-e-type=\"container\">\n\t\t\t\t<div class=\"elementor-element elementor-element-af2720b elementor-hidden-desktop elementor-hidden-tablet elementor-widget elementor-widget-spacer\" data-id=\"af2720b\" data-element_type=\"widget\" data-e-type=\"widget\" data-widget_type=\"spacer.default\">\n\t\t\t\t\t\t\t<div class=\"elementor-spacer\">\n\t\t\t<div class=\"elementor-spacer-inner\"><\/div>\n\t\t<\/div>\n\t\t\t\t\t\t<\/div>\n\t\t\t\t<div class=\"elementor-element elementor-element-aca7665 elementor-widget elementor-widget-heading\" data-id=\"aca7665\" data-element_type=\"widget\" data-e-type=\"widget\" data-widget_type=\"heading.default\">\n\t\t\t\t\t<h2 class=\"elementor-heading-title elementor-size-default\">Exempel<\/h2>\t\t\t\t<\/div>\n\t\t\t\t<div class=\"elementor-element elementor-element-fcef564 elementor-widget elementor-widget-spacer\" data-id=\"fcef564\" data-element_type=\"widget\" data-e-type=\"widget\" data-widget_type=\"spacer.default\">\n\t\t\t\t\t\t\t<div class=\"elementor-spacer\">\n\t\t\t<div class=\"elementor-spacer-inner\"><\/div>\n\t\t<\/div>\n\t\t\t\t\t\t<\/div>\n\t\t\t\t\t\t\t\n\t\t<img loading=\"lazy\" decoding=\"async\" class=\"e-image-base e-9e62388-d5c7b8b\" data-interaction-id=\"9e62388\" data-interactions=\"&#x5B;&#x5D;\" data-e-type=\"widget\" data-id=\"9e62388\" id=\"2640505\" src=\"https:\/\/www.niemibil.se\/wp-content\/uploads\/2026\/01\/delbetalning-tabell-1.webp\" width=\"1920\" height=\"1080\" srcset=\"https:\/\/www.niemibil.se\/wp-content\/uploads\/2026\/01\/delbetalning-tabell-1.webp 1920w, https:\/\/www.niemibil.se\/wp-content\/uploads\/2026\/01\/delbetalning-tabell-1-300x169.webp 300w, https:\/\/www.niemibil.se\/wp-content\/uploads\/2026\/01\/delbetalning-tabell-1-1024x576.webp 1024w, https:\/\/www.niemibil.se\/wp-content\/uploads\/2026\/01\/delbetalning-tabell-1-768x432.webp 768w, https:\/\/www.niemibil.se\/wp-content\/uploads\/2026\/01\/delbetalning-tabell-1-1536x864.webp 1536w, https:\/\/www.niemibil.se\/wp-content\/uploads\/2026\/01\/delbetalning-tabell-1-18x10.webp 18w\" alt=\"\">\n\t\t\t\t\t<div class=\"elementor-element elementor-element-64986e9 elementor-position-inline-start elementor-mobile-position-inline-start elementor-view-default elementor-widget elementor-widget-icon-box\" data-id=\"64986e9\" data-element_type=\"widget\" data-e-type=\"widget\" data-widget_type=\"icon-box.default\">\n\t\t\t\t\t\t\t<div class=\"elementor-icon-box-wrapper\">\n\n\t\t\t\t\t\t<div class=\"elementor-icon-box-icon\">\n\t\t\t\t<span  class=\"elementor-icon\">\n\t\t\t\t<i aria-hidden=\"true\" class=\"fas fa-info-circle\"><\/i>\t\t\t\t<\/span>\n\t\t\t<\/div>\n\t\t\t\n\t\t\t\t\t\t<div class=\"elementor-icon-box-content\">\n\n\t\t\t\t\t\t\t\t\t<span class=\"elementor-icon-box-title\">\n\t\t\t\t\t\t<span  >\n\t\t\t\t\t\t\tFakturaavgift avser varje m\u00e5nad. Hela beloppet kan \u00e5terbetalas n\u00e4r som helst utan extra avgifter\t\t\t\t\t\t<\/span>\n\t\t\t\t\t<\/span>\n\t\t\t\t\n\t\t\t\t\n\t\t\t<\/div>\n\t\t\t\n\t\t<\/div>\n\t\t\t\t\t\t<\/div>\n\t\t\t\t<div class=\"elementor-element elementor-element-ff829c6 elementor-widget elementor-widget-spacer\" data-id=\"ff829c6\" data-element_type=\"widget\" data-e-type=\"widget\" data-widget_type=\"spacer.default\">\n\t\t\t\t\t\t\t<div class=\"elementor-spacer\">\n\t\t\t<div class=\"elementor-spacer-inner\"><\/div>\n\t\t<\/div>\n\t\t\t\t\t\t<\/div>\n\t\t\t\t\t\t\t\t<p class=\"e-9552d09-b0ce04a e-paragraph-base\" data-interaction-id=\"9552d09\" data-interactions=\"&#x5B;&#x5D;\"  data-e-type=\"widget\" data-id=\"9552d09\">\n\t\t\t\t\t\t\t\tOm du betalar av fakturan direkt eller senast inom 30 dagar tillkommer inga kostnader eller avgifter. Vid 4 m\u00e5naders delbetalning tillkommer bara fakturaavgiften, och vid 6 m\u00e5nader och upp\u00e5t tillkommer uppl\u00e4ggningsavgift enligt tabellen.\n\t\t\t\t\t<\/p>\n\t\t\t\t<\/div>\n\t\t\t\t\t<\/div>\n\t\t\t\t<\/div>\n\t\t<div class=\"elementor-element elementor-element-6594d1b e-flex e-con-boxed e-con e-parent\" data-id=\"6594d1b\" data-element_type=\"container\" data-e-type=\"container\">\n\t\t\t\t\t<div class=\"e-con-inner\">\n\t\t\t\t<div class=\"elementor-element elementor-element-fe12b99 elementor-widget elementor-widget-spacer\" data-id=\"fe12b99\" data-element_type=\"widget\" data-e-type=\"widget\" data-widget_type=\"spacer.default\">\n\t\t\t\t\t\t\t<div class=\"elementor-spacer\">\n\t\t\t<div class=\"elementor-spacer-inner\"><\/div>\n\t\t<\/div>\n\t\t\t\t\t\t<\/div>\n\t\t\t\t\t<\/div>\n\t\t\t\t<\/div>\n\t\t<div class=\"elementor-element elementor-element-03084a2 e-flex e-con-boxed e-con e-parent\" data-id=\"03084a2\" data-element_type=\"container\" data-e-type=\"container\">\n\t\t\t\t\t<div class=\"e-con-inner\">\n\t\t<div class=\"elementor-element elementor-element-ff7edde e-con-full e-flex e-con e-child\" data-id=\"ff7edde\" data-element_type=\"container\" data-e-type=\"container\">\n\t\t\t\t\t\t\t\n\t\t<img loading=\"lazy\" decoding=\"async\" class=\"e-image-base e-eb6b2bd-feb5307\" data-interaction-id=\"eb6b2bd\" data-interactions=\"&#x5B;&#x5D;\" data-e-type=\"widget\" data-id=\"eb6b2bd\" id=\"2639515\" src=\"https:\/\/www.niemibil.se\/wp-content\/uploads\/2026\/01\/varningstriangel.svg\" width=\"150\" height=\"150\" srcset=\"\" alt=\"\">\n\t\t\t\t\t<\/div>\n\t\t<div class=\"elementor-element elementor-element-e0f77ed e-con-full e-flex e-con e-child\" data-id=\"e0f77ed\" data-element_type=\"container\" data-e-type=\"container\">\n\t\t\t\t\t\t\t\t<p class=\"e-41a6b77-6a76ca8 e-paragraph-base\" data-interaction-id=\"41a6b77\" data-interactions=\"&#x5B;&#x5D;\"  data-e-type=\"widget\" data-id=\"41a6b77\">\n\t\t\t\t\t\t\t\tBorrowing costs money!\n\t\t\t\t\t<\/p>\n\t\t\t\t\t\t\t\t<p class=\"e-b608329-5fc9f6d e-paragraph-base\" data-interaction-id=\"b608329\" data-interactions=\"&#x5B;&#x5D;\"  data-e-type=\"widget\" data-id=\"b608329\">\n\t\t\t\t\t\t\t\tIf you cannot repay the debt on time, you risk a payment notice. This can lead to difficulties in renting a home, taking out subscriptions and getting new loans. For support, contact the budget and debt counseling service in your municipality. Contact details can be found at konsumentverket.se.\n\t\t\t\t\t<\/p>\n\t\t\t\t<\/div>\n\t\t\t\t\t<\/div>\n\t\t\t\t<\/div>\n\t\t\t\t<\/div>","protected":false},"excerpt":{"rendered":"<p>Delbetala dina k\u00f6p Du kan sj\u00e4lvklart v\u00e4lja att dela upp din betalning p\u00e5 alla Niemi Bils verkst\u00e4der. Det kan vara ett bra alternativ f\u00f6r dig som vill kunna hantera ov\u00e4ntade utgifter utan att de s\u00e4tter allt f\u00f6r stora k\u00e4ppar i hjulet f\u00f6r din vardag! Prata med din verkstad f\u00f6r att komma fram till ett uppl\u00e4gg [&hellip;]<\/p>\n","protected":false},"author":18,"featured_media":2631377,"parent":0,"menu_order":0,"comment_status":"closed","ping_status":"closed","template":"","meta":{"_acf_changed":false,"footnotes":""},"class_list":["post-2639501","page","type-page","status-publish","has-post-thumbnail","hentry"],"acf":[],"_links":{"self":[{"href":"https:\/\/www.niemibil.se\/en\/wp-json\/wp\/v2\/pages\/2639501","targetHints":{"allow":["GET"]}}],"collection":[{"href":"https:\/\/www.niemibil.se\/en\/wp-json\/wp\/v2\/pages"}],"about":[{"href":"https:\/\/www.niemibil.se\/en\/wp-json\/wp\/v2\/types\/page"}],"author":[{"embeddable":true,"href":"https:\/\/www.niemibil.se\/en\/wp-json\/wp\/v2\/users\/18"}],"replies":[{"embeddable":true,"href":"https:\/\/www.niemibil.se\/en\/wp-json\/wp\/v2\/comments?post=2639501"}],"version-history":[{"count":44,"href":"https:\/\/www.niemibil.se\/en\/wp-json\/wp\/v2\/pages\/2639501\/revisions"}],"predecessor-version":[{"id":2642715,"href":"https:\/\/www.niemibil.se\/en\/wp-json\/wp\/v2\/pages\/2639501\/revisions\/2642715"}],"wp:featuredmedia":[{"embeddable":true,"href":"https:\/\/www.niemibil.se\/en\/wp-json\/wp\/v2\/media\/2631377"}],"wp:attachment":[{"href":"https:\/\/www.niemibil.se\/en\/wp-json\/wp\/v2\/media?parent=2639501"}],"curies":[{"name":"wp","href":"https:\/\/api.w.org\/{rel}","templated":true}]}}