{"id":2626234,"date":"2025-09-24T14:58:25","date_gmt":"2025-09-24T12:58:25","guid":{"rendered":"https:\/\/www.niemibil.se\/?post_type=verkstad&#038;p=2626234"},"modified":"2025-09-30T12:07:01","modified_gmt":"2025-09-30T10:07:01","slug":"workshop-campaign-extra-lights","status":"publish","type":"page","link":"https:\/\/www.niemibil.se\/en\/workshop-campaign-extra-lights\/","title":{"rendered":"Campaign Extra light"},"content":{"rendered":"<div data-elementor-type=\"wp-page\" data-elementor-id=\"2626234\" class=\"elementor elementor-2626234\" data-elementor-post-type=\"page\">\n\t\t\t\t\t\t<section class=\"elementor-section elementor-top-section elementor-element elementor-element-1aca4b45 elementor-section-height-min-height elementor-section-boxed elementor-section-height-default elementor-section-items-middle\" data-id=\"1aca4b45\" data-element_type=\"section\" data-e-type=\"section\" data-settings=\"{&quot;background_background&quot;:&quot;classic&quot;}\">\n\t\t\t\t\t\t\t<div class=\"elementor-background-overlay\"><\/div>\n\t\t\t\t\t\t\t<div class=\"elementor-container elementor-column-gap-default\">\n\t\t\t\t\t<div class=\"elementor-column elementor-col-100 elementor-top-column elementor-element elementor-element-6aa7aa66\" data-id=\"6aa7aa66\" data-element_type=\"column\" data-e-type=\"column\">\n\t\t\t<div class=\"elementor-widget-wrap elementor-element-populated\">\n\t\t\t\t\t\t<div class=\"elementor-element elementor-element-4b4df0ba elementor-widget elementor-widget-heading\" data-id=\"4b4df0ba\" data-element_type=\"widget\" data-e-type=\"widget\" data-widget_type=\"heading.default\">\n\t\t\t\t\t<h1 class=\"elementor-heading-title elementor-size-default\">Extra lights at a promotional price <br> at Niemi Car<\/h1>\t\t\t\t<\/div>\n\t\t\t\t<div class=\"elementor-element elementor-element-28ab2d05 elementor-widget elementor-widget-text-editor\" data-id=\"28ab2d05\" data-element_type=\"widget\" data-e-type=\"widget\" data-widget_type=\"text-editor.default\">\n\t\t\t\t\t\t\t\t\t<p>Are you looking for extra lights for your car? At Niemi Bil you will find powerful extra lights from well-known brands, of course at really good prices. We offer extra lights that give you better visibility and extra safety in dark and demanding driving conditions, regardless of whether you drive a passenger car, a van or larger vehicles.<\/p><p>Assembly is included in the price!<\/p>\t\t\t\t\t\t\t\t<\/div>\n\t\t\t\t<div class=\"elementor-element elementor-element-2a0ad803 elementor-align-center button-320 elementor-widget elementor-widget-button\" data-id=\"2a0ad803\" data-element_type=\"widget\" data-e-type=\"widget\" data-widget_type=\"button.default\">\n\t\t\t\t\t\t\t\t\t\t<a class=\"elementor-button elementor-button-link elementor-size-sm\" href=\"#form\">\n\t\t\t\t\t\t<span class=\"elementor-button-content-wrapper\">\n\t\t\t\t\t\t\t\t\t<span class=\"elementor-button-text\">Contact us!<\/span>\n\t\t\t\t\t<\/span>\n\t\t\t\t\t<\/a>\n\t\t\t\t\t\t\t\t<\/div>\n\t\t\t\t\t<\/div>\n\t\t<\/div>\n\t\t\t\t\t<\/div>\n\t\t<\/section>\n\t\t<div class=\"elementor-element elementor-element-8991961 e-flex e-con-boxed e-con e-parent\" data-id=\"8991961\" data-element_type=\"container\" data-e-type=\"container\">\n\t\t\t\t\t<div class=\"e-con-inner\">\n\t\t\t\t<div class=\"elementor-element elementor-element-762693c elementor-widget elementor-widget-spacer\" data-id=\"762693c\" data-element_type=\"widget\" data-e-type=\"widget\" data-widget_type=\"spacer.default\">\n\t\t\t\t\t\t\t<div class=\"elementor-spacer\">\n\t\t\t<div class=\"elementor-spacer-inner\"><\/div>\n\t\t<\/div>\n\t\t\t\t\t\t<\/div>\n\t\t\t\t<div class=\"elementor-element elementor-element-e43375c elementor-widget elementor-widget-heading\" data-id=\"e43375c\" data-element_type=\"widget\" data-e-type=\"widget\" data-widget_type=\"heading.default\">\n\t\t\t\t\t<h2 class=\"elementor-heading-title elementor-size-default\">Extra lights mounted and ready - Get it sorted for winter<\/h2>\t\t\t\t<\/div>\n\t\t\t\t<div class=\"elementor-element elementor-element-43e538b elementor-widget elementor-widget-text-editor\" data-id=\"43e538b\" data-element_type=\"widget\" data-e-type=\"widget\" data-widget_type=\"text-editor.default\">\n\t\t\t\t\t\t\t\t\t<p>Do you need new auxiliary lights for your car? Right now, Niemi Bil has promotional prices on auxiliary lights from popular brands. All auxiliary lights are carefully selected to cope with Swedish road conditions and provide the best possible lighting. Assembly and installation are included, so you quickly get the lighting you need. Welcome to Niemi Bil, Sweden&#039;s biggest heart for cars!<\/p><p><strong>Note!<\/strong> Promotional prices are only valid while stocks last.<\/p>\t\t\t\t\t\t\t\t<\/div>\n\t\t\t\t<div class=\"elementor-element elementor-element-b74cee8 elementor-widget elementor-widget-spacer\" data-id=\"b74cee8\" data-element_type=\"widget\" data-e-type=\"widget\" data-widget_type=\"spacer.default\">\n\t\t\t\t\t\t\t<div class=\"elementor-spacer\">\n\t\t\t<div class=\"elementor-spacer-inner\"><\/div>\n\t\t<\/div>\n\t\t\t\t\t\t<\/div>\n\t\t\t\t\t<\/div>\n\t\t\t\t<\/div>\n\t\t<div class=\"elementor-element elementor-element-41af8380 e-flex e-con-boxed e-con e-parent\" data-id=\"41af8380\" data-element_type=\"container\" data-e-type=\"container\">\n\t\t\t\t\t<div class=\"e-con-inner\">\n\t\t<div class=\"elementor-element elementor-element-7e444df4 e-con-full e-flex e-con e-child\" data-id=\"7e444df4\" data-element_type=\"container\" data-e-type=\"container\" data-settings=\"{&quot;background_background&quot;:&quot;classic&quot;}\">\n\t\t\t\t<div class=\"elementor-element elementor-element-54e06f9d elementor-widget__width-inherit elementor-widget elementor-widget-heading\" data-id=\"54e06f9d\" data-element_type=\"widget\" data-e-type=\"widget\" data-widget_type=\"heading.default\">\n\t\t\t\t\t<h2 class=\"elementor-heading-title elementor-size-default\">Cad Unico Led Ramp 20&quot;<\/h2>\t\t\t\t<\/div>\n\t\t\t\t<div class=\"elementor-element elementor-element-6dd47e35 elementor-widget elementor-widget-image\" data-id=\"6dd47e35\" data-element_type=\"widget\" data-e-type=\"widget\" data-widget_type=\"image.default\">\n\t\t\t\t\t\t\t\t\t\t\t\t\t\t\t<img loading=\"lazy\" decoding=\"async\" width=\"539\" height=\"202\" src=\"https:\/\/www.niemibil.se\/wp-content\/uploads\/2025\/09\/unico.webp\" class=\"attachment-large size-large wp-image-2626263\" alt=\"\" srcset=\"https:\/\/www.niemibil.se\/wp-content\/uploads\/2025\/09\/unico.webp 539w, https:\/\/www.niemibil.se\/wp-content\/uploads\/2025\/09\/unico-300x112.webp 300w, https:\/\/www.niemibil.se\/wp-content\/uploads\/2025\/09\/unico-18x7.webp 18w\" sizes=\"auto, (max-width: 539px) 100vw, 539px\">\t\t\t\t\t\t\t\t\t\t\t\t\t\t\t<\/div>\n\t\t\t\t<div class=\"elementor-element elementor-element-355c2fd5 elementor-widget__width-initial elementor-widget elementor-widget-text-editor\" data-id=\"355c2fd5\" data-element_type=\"widget\" data-e-type=\"widget\" data-widget_type=\"text-editor.default\">\n\t\t\t\t\t\t\t\t\t<p><em>From<\/em><\/p>\t\t\t\t\t\t\t\t<\/div>\n\t\t\t\t<div class=\"elementor-element elementor-element-6aa11a82 elementor-align-center elementor-widget elementor-widget-button\" data-id=\"6aa11a82\" data-element_type=\"widget\" data-e-type=\"widget\" data-widget_type=\"button.default\">\n\t\t\t\t\t\t\t\t\t\t<a class=\"elementor-button elementor-size-sm\" role=\"button\">\n\t\t\t\t\t\t<span class=\"elementor-button-content-wrapper\">\n\t\t\t\t\t\t\t\t\t<span class=\"elementor-button-text\">7,995 SEK<\/span>\n\t\t\t\t\t<\/span>\n\t\t\t\t\t<\/a>\n\t\t\t\t\t\t\t\t<\/div>\n\t\t\t\t<div class=\"elementor-element elementor-element-e9728ad elementor-widget__width-initial elementor-widget elementor-widget-text-editor\" data-id=\"e9728ad\" data-element_type=\"widget\" data-e-type=\"widget\" data-widget_type=\"text-editor.default\">\n\t\t\t\t\t\t\t\t\t<p>\u2705 12,600 Lumens<\/p><p>\u2705 Assembly included<\/p><p>\u2705 1 year warranty<\/p>\t\t\t\t\t\t\t\t<\/div>\n\t\t\t\t<div class=\"elementor-element elementor-element-396ea088 elementor-align-center elementor-widget elementor-widget-button\" data-id=\"396ea088\" data-element_type=\"widget\" data-e-type=\"widget\" data-widget_type=\"button.default\">\n\t\t\t\t\t\t\t\t\t\t<a class=\"elementor-button elementor-button-link elementor-size-sm\" href=\"#form\">\n\t\t\t\t\t\t<span class=\"elementor-button-content-wrapper\">\n\t\t\t\t\t\t\t\t\t<span class=\"elementor-button-text\">Contact us!<\/span>\n\t\t\t\t\t<\/span>\n\t\t\t\t\t<\/a>\n\t\t\t\t\t\t\t\t<\/div>\n\t\t\t\t<\/div>\n\t\t<div class=\"elementor-element elementor-element-6bca4143 e-con-full e-flex e-con e-child\" data-id=\"6bca4143\" data-element_type=\"container\" data-e-type=\"container\" data-settings=\"{&quot;background_background&quot;:&quot;classic&quot;}\">\n\t\t\t\t<div class=\"elementor-element elementor-element-7a940ec4 elementor-widget__width-inherit elementor-widget elementor-widget-heading\" data-id=\"7a940ec4\" data-element_type=\"widget\" data-e-type=\"widget\" data-widget_type=\"heading.default\">\n\t\t\t\t\t<h2 class=\"elementor-heading-title elementor-size-default\">Delgado LED Curved<\/h2>\t\t\t\t<\/div>\n\t\t\t\t<div class=\"elementor-element elementor-element-584a45ae elementor-widget elementor-widget-image\" data-id=\"584a45ae\" data-element_type=\"widget\" data-e-type=\"widget\" data-widget_type=\"image.default\">\n\t\t\t\t\t\t\t\t\t\t\t\t\t\t\t<img loading=\"lazy\" decoding=\"async\" width=\"539\" height=\"202\" src=\"https:\/\/www.niemibil.se\/wp-content\/uploads\/2025\/09\/delgado.webp\" class=\"attachment-large size-large wp-image-2626262\" alt=\"\" srcset=\"https:\/\/www.niemibil.se\/wp-content\/uploads\/2025\/09\/delgado.webp 539w, https:\/\/www.niemibil.se\/wp-content\/uploads\/2025\/09\/delgado-300x112.webp 300w, https:\/\/www.niemibil.se\/wp-content\/uploads\/2025\/09\/delgado-18x7.webp 18w\" sizes=\"auto, (max-width: 539px) 100vw, 539px\">\t\t\t\t\t\t\t\t\t\t\t\t\t\t\t<\/div>\n\t\t\t\t<div class=\"elementor-element elementor-element-4cf891ae elementor-widget__width-initial elementor-widget elementor-widget-text-editor\" data-id=\"4cf891ae\" data-element_type=\"widget\" data-e-type=\"widget\" data-widget_type=\"text-editor.default\">\n\t\t\t\t\t\t\t\t\t<p><em>From<\/em><\/p>\t\t\t\t\t\t\t\t<\/div>\n\t\t\t\t<div class=\"elementor-element elementor-element-47a374cf elementor-align-center elementor-widget elementor-widget-button\" data-id=\"47a374cf\" data-element_type=\"widget\" data-e-type=\"widget\" data-widget_type=\"button.default\">\n\t\t\t\t\t\t\t\t\t\t<a class=\"elementor-button elementor-size-sm\" role=\"button\">\n\t\t\t\t\t\t<span class=\"elementor-button-content-wrapper\">\n\t\t\t\t\t\t\t\t\t<span class=\"elementor-button-text\">7,995 SEK<\/span>\n\t\t\t\t\t<\/span>\n\t\t\t\t\t<\/a>\n\t\t\t\t\t\t\t\t<\/div>\n\t\t\t\t<div class=\"elementor-element elementor-element-27f41a31 elementor-widget__width-initial elementor-widget elementor-widget-text-editor\" data-id=\"27f41a31\" data-element_type=\"widget\" data-e-type=\"widget\" data-widget_type=\"text-editor.default\">\n\t\t\t\t\t\t\t\t\t<p>\u2705 9,600 Lumens<\/p><p>\u2705 Assembly included<\/p><p>\u2705 1 year warranty<\/p>\t\t\t\t\t\t\t\t<\/div>\n\t\t\t\t<div class=\"elementor-element elementor-element-2efc66da elementor-align-center elementor-widget elementor-widget-button\" data-id=\"2efc66da\" data-element_type=\"widget\" data-e-type=\"widget\" data-widget_type=\"button.default\">\n\t\t\t\t\t\t\t\t\t\t<a class=\"elementor-button elementor-button-link elementor-size-sm\" href=\"#form\">\n\t\t\t\t\t\t<span class=\"elementor-button-content-wrapper\">\n\t\t\t\t\t\t\t\t\t<span class=\"elementor-button-text\">Contact us!<\/span>\n\t\t\t\t\t<\/span>\n\t\t\t\t\t<\/a>\n\t\t\t\t\t\t\t\t<\/div>\n\t\t\t\t<\/div>\n\t\t\t\t\t<\/div>\n\t\t\t\t<\/div>\n\t\t<div class=\"elementor-element elementor-element-8ceb4e2 e-flex e-con-boxed e-con e-parent\" data-id=\"8ceb4e2\" data-element_type=\"container\" data-e-type=\"container\">\n\t\t\t\t\t<div class=\"e-con-inner\">\n\t\t\t\t<div class=\"elementor-element elementor-element-ec9b99e elementor-widget elementor-widget-heading\" data-id=\"ec9b99e\" data-element_type=\"widget\" data-e-type=\"widget\" data-widget_type=\"heading.default\">\n\t\t\t\t\t<h3 class=\"elementor-heading-title elementor-size-default\">Comparison<\/h3>\t\t\t\t<\/div>\n\t\t\t\t\t<\/div>\n\t\t\t\t<\/div>\n\t\t<div class=\"elementor-element elementor-element-b8d6041 e-flex e-con-boxed e-con e-parent\" data-id=\"b8d6041\" data-element_type=\"container\" data-e-type=\"container\">\n\t\t\t\t\t<div class=\"e-con-inner\">\n\t\t<div class=\"elementor-element elementor-element-78b5edc e-con-full e-flex e-con e-child\" data-id=\"78b5edc\" data-element_type=\"container\" data-e-type=\"container\">\n\t\t\t\t\t\t\t\n\t\t<img loading=\"lazy\" decoding=\"async\" class=\"e-image-base\" data-interaction-id=\"a593ade\" data-interactions=\"&#x5B;&#x5D;\" data-e-type=\"widget\" data-id=\"a593ade\" id=\"2626328\" src=\"https:\/\/www.niemibil.se\/wp-content\/uploads\/2025\/09\/Exrtraljus_jamforelse_.webp\" width=\"1080\" height=\"1280\" srcset=\"https:\/\/www.niemibil.se\/wp-content\/uploads\/2025\/09\/Exrtraljus_jamforelse_.webp 1080w, https:\/\/www.niemibil.se\/wp-content\/uploads\/2025\/09\/Exrtraljus_jamforelse_-253x300.webp 253w, https:\/\/www.niemibil.se\/wp-content\/uploads\/2025\/09\/Exrtraljus_jamforelse_-864x1024.webp 864w, https:\/\/www.niemibil.se\/wp-content\/uploads\/2025\/09\/Exrtraljus_jamforelse_-768x910.webp 768w, https:\/\/www.niemibil.se\/wp-content\/uploads\/2025\/09\/Exrtraljus_jamforelse_-10x12.webp 10w\" alt=\"\">\n\t\t\t\t\t<\/div>\n\t\t<div class=\"elementor-element elementor-element-98ec1ab e-con-full e-flex e-con e-child\" data-id=\"98ec1ab\" data-element_type=\"container\" data-e-type=\"container\">\n\t\t\t\t\t\t\t\n\t\t<img loading=\"lazy\" decoding=\"async\" class=\"e-image-base\" data-interaction-id=\"29f0d2d\" data-interactions=\"&#x5B;&#x5D;\" data-e-type=\"widget\" data-id=\"29f0d2d\" id=\"2626329\" src=\"https:\/\/www.niemibil.se\/wp-content\/uploads\/2025\/09\/Exrtraljus_jamforelse_2.webp\" width=\"1080\" height=\"1280\" srcset=\"https:\/\/www.niemibil.se\/wp-content\/uploads\/2025\/09\/Exrtraljus_jamforelse_2.webp 1080w, https:\/\/www.niemibil.se\/wp-content\/uploads\/2025\/09\/Exrtraljus_jamforelse_2-253x300.webp 253w, https:\/\/www.niemibil.se\/wp-content\/uploads\/2025\/09\/Exrtraljus_jamforelse_2-864x1024.webp 864w, https:\/\/www.niemibil.se\/wp-content\/uploads\/2025\/09\/Exrtraljus_jamforelse_2-768x910.webp 768w, https:\/\/www.niemibil.se\/wp-content\/uploads\/2025\/09\/Exrtraljus_jamforelse_2-10x12.webp 10w\" alt=\"\">\n\t\t\t\t\t<\/div>\n\t\t<div class=\"elementor-element elementor-element-f561de2 e-con-full e-flex e-con e-child\" data-id=\"f561de2\" data-element_type=\"container\" data-e-type=\"container\">\n\t\t\t\t\t\t\t\n\t\t<img loading=\"lazy\" decoding=\"async\" class=\"e-image-base\" data-interaction-id=\"da4a237\" data-interactions=\"&#x5B;&#x5D;\" data-e-type=\"widget\" data-id=\"da4a237\" id=\"2626330\" src=\"https:\/\/www.niemibil.se\/wp-content\/uploads\/2025\/09\/Exrtraljus_jamforelse_3.webp\" width=\"1080\" height=\"1280\" srcset=\"https:\/\/www.niemibil.se\/wp-content\/uploads\/2025\/09\/Exrtraljus_jamforelse_3.webp 1080w, https:\/\/www.niemibil.se\/wp-content\/uploads\/2025\/09\/Exrtraljus_jamforelse_3-253x300.webp 253w, https:\/\/www.niemibil.se\/wp-content\/uploads\/2025\/09\/Exrtraljus_jamforelse_3-864x1024.webp 864w, https:\/\/www.niemibil.se\/wp-content\/uploads\/2025\/09\/Exrtraljus_jamforelse_3-768x910.webp 768w, https:\/\/www.niemibil.se\/wp-content\/uploads\/2025\/09\/Exrtraljus_jamforelse_3-10x12.webp 10w\" alt=\"\">\n\t\t\t\t\t<\/div>\n\t\t\t\t\t<\/div>\n\t\t\t\t<\/div>\n\t\t\t\t<section class=\"elementor-section elementor-top-section elementor-element elementor-element-30dd42e3 elementor-section-boxed elementor-section-height-default elementor-section-height-default\" data-id=\"30dd42e3\" data-element_type=\"section\" data-e-type=\"section\" data-settings=\"{&quot;background_background&quot;:&quot;classic&quot;}\">\n\t\t\t\t\t\t<div class=\"elementor-container elementor-column-gap-default\">\n\t\t\t\t\t<div class=\"elementor-column elementor-col-100 elementor-top-column elementor-element elementor-element-59b3692a\" data-id=\"59b3692a\" data-element_type=\"column\" data-e-type=\"column\">\n\t\t\t<div class=\"elementor-widget-wrap elementor-element-populated\">\n\t\t\t\t\t\t<section class=\"elementor-section elementor-inner-section elementor-element elementor-element-17e9cb3d elementor-section-boxed elementor-section-height-default elementor-section-height-default\" data-id=\"17e9cb3d\" data-element_type=\"section\" data-e-type=\"section\">\n\t\t\t\t\t\t<div class=\"elementor-container elementor-column-gap-wider\">\n\t\t\t\t\t<div class=\"elementor-column elementor-col-100 elementor-inner-column elementor-element elementor-element-66dbfe3a\" data-id=\"66dbfe3a\" data-element_type=\"column\" data-e-type=\"column\">\n\t\t\t<div class=\"elementor-widget-wrap elementor-element-populated\">\n\t\t\t\t\t\t<div class=\"elementor-element elementor-element-2be2277 elementor-widget elementor-widget-menu-anchor\" data-id=\"2be2277\" data-element_type=\"widget\" data-e-type=\"widget\" data-widget_type=\"menu-anchor.default\">\n\t\t\t\t\t\t\t<div class=\"elementor-menu-anchor\" id=\"form\"><\/div>\n\t\t\t\t\t\t<\/div>\n\t\t\t\t<div class=\"elementor-element elementor-element-4353213e elementor-widget elementor-widget-heading\" data-id=\"4353213e\" data-element_type=\"widget\" data-e-type=\"widget\" data-widget_type=\"heading.default\">\n\t\t\t\t\t<h2 class=\"elementor-heading-title elementor-size-default\">Price request for additional lights<\/h2>\t\t\t\t<\/div>\n\t\t\t\t<div class=\"elementor-element elementor-element-5a7902bd elementor-widget elementor-widget-text-editor\" data-id=\"5a7902bd\" data-element_type=\"widget\" data-e-type=\"widget\" data-widget_type=\"text-editor.default\">\n\t\t\t\t\t\t\t\t\t<p>Send us some quick details about what you need and we will get back to you with more information and a price quote as quickly as we can! <strong>The price request is not binding.<\/strong><\/p>\t\t\t\t\t\t\t\t<\/div>\n\t\t\t\t<div class=\"elementor-element elementor-element-cb92ea4 elementor-widget elementor-widget-ws-form\" data-id=\"cb92ea4\" data-element_type=\"widget\" data-e-type=\"widget\" data-widget_type=\"ws-form.default\">\n\t\t\t\t<div class=\"elementor-widget-container\">\n\t\t\t\t\t<form action=\"https:\/\/www.niemibil.se\/en\/wp-json\/ws-form\/v1\/submit\" class=\"wsf-form wsf-form-canvas\" id=\"ws-form-1\" data-id=\"48\" method=\"POST\" data-instance-id=\"1\" data-wsf-style-id=\"1\" data-trp-original-action=\"https:\/\/www.niemibil.se\/en\/wp-json\/ws-form\/v1\/submit\"><input type=\"hidden\" name=\"trp-form-language\" value=\"en\"\/><\/form>\t\t\t\t<\/div>\n\t\t\t\t<\/div>\n\t\t\t\t<div class=\"elementor-element elementor-element-7496eb8 elementor-widget elementor-widget-spacer\" data-id=\"7496eb8\" data-element_type=\"widget\" data-e-type=\"widget\" data-widget_type=\"spacer.default\">\n\t\t\t\t\t\t\t<div class=\"elementor-spacer\">\n\t\t\t<div class=\"elementor-spacer-inner\"><\/div>\n\t\t<\/div>\n\t\t\t\t\t\t<\/div>\n\t\t\t\t\t<\/div>\n\t\t<\/div>\n\t\t\t\t\t<\/div>\n\t\t<\/section>\n\t\t\t\t\t<\/div>\n\t\t<\/div>\n\t\t\t\t\t<\/div>\n\t\t<\/section>\n\t\t\t\t<section class=\"elementor-section elementor-top-section elementor-element elementor-element-8d4e0fd elementor-section-full_width elementor-section-height-default elementor-section-height-default\" data-id=\"8d4e0fd\" data-element_type=\"section\" data-e-type=\"section\">\n\t\t\t\t\t\t<div class=\"elementor-container elementor-column-gap-no\">\n\t\t\t\t\t<div class=\"elementor-column elementor-col-100 elementor-top-column elementor-element elementor-element-6c556583\" data-id=\"6c556583\" data-element_type=\"column\" data-e-type=\"column\">\n\t\t\t<div class=\"elementor-widget-wrap elementor-element-populated\">\n\t\t\t\t\t\t\t<\/div>\n\t\t<\/div>\n\t\t\t\t\t<\/div>\n\t\t<\/section>\n\t\t\t\t<section class=\"elementor-section elementor-top-section elementor-element elementor-element-42341079 elementor-section-boxed elementor-section-height-default elementor-section-height-default\" data-id=\"42341079\" data-element_type=\"section\" data-e-type=\"section\">\n\t\t\t\t\t\t<div class=\"elementor-container elementor-column-gap-default\">\n\t\t\t\t\t<div class=\"elementor-column elementor-col-100 elementor-top-column elementor-element elementor-element-2461f5bb\" data-id=\"2461f5bb\" data-element_type=\"column\" data-e-type=\"column\">\n\t\t\t<div class=\"elementor-widget-wrap elementor-element-populated\">\n\t\t\t\t\t\t<div class=\"elementor-element elementor-element-390c238a elementor-widget elementor-widget-heading\" data-id=\"390c238a\" data-element_type=\"widget\" data-e-type=\"widget\" data-widget_type=\"heading.default\">\n\t\t\t\t\t<h2 class=\"elementor-heading-title elementor-size-default\">Why should you have extra lights?<\/h2>\t\t\t\t<\/div>\n\t\t\t\t\t<\/div>\n\t\t<\/div>\n\t\t\t\t\t<\/div>\n\t\t<\/section>\n\t\t\t\t<section class=\"elementor-section elementor-top-section elementor-element elementor-element-7a78841c elementor-section-boxed elementor-section-height-default elementor-section-height-default\" data-id=\"7a78841c\" data-element_type=\"section\" data-e-type=\"section\">\n\t\t\t\t\t\t<div class=\"elementor-container elementor-column-gap-wider\">\n\t\t\t\t\t<div class=\"elementor-column elementor-col-50 elementor-top-column elementor-element elementor-element-39e7b2b8\" data-id=\"39e7b2b8\" data-element_type=\"column\" data-e-type=\"column\">\n\t\t\t<div class=\"elementor-widget-wrap elementor-element-populated\">\n\t\t\t\t\t\t<div class=\"elementor-element elementor-element-a96fca1 elementor-widget elementor-widget-text-editor\" data-id=\"a96fca1\" data-element_type=\"widget\" data-e-type=\"widget\" data-widget_type=\"text-editor.default\">\n\t\t\t\t\t\t\t\t\t<h3>Why are auxiliary lights important on the car?<\/h3><p>Auxiliary lights are an important safety feature when driving on dark and poorly lit roads. With auxiliary lights, you get a stronger and more focused light, which allows you to detect obstacles, animals and other road users earlier. This provides a safer and more secure driving experience \u2013 especially during autumn, winter and early mornings.<\/p>\t\t\t\t\t\t\t\t<\/div>\n\t\t\t\t<div class=\"elementor-element elementor-element-1f535ab elementor-widget elementor-widget-text-editor\" data-id=\"1f535ab\" data-element_type=\"widget\" data-e-type=\"widget\" data-widget_type=\"text-editor.default\">\n\t\t\t\t\t\t\t\t\t<h3 dir=\"auto\">Advantages of additional lights:<\/h3><ul dir=\"auto\"><li class=\"text-start\">Better visibility on long and dark stretches of road<\/li><li class=\"text-start\">Increased reaction ability to obstacles and game<\/li><li class=\"text-start\">Safer driving in bad weather and rain<\/li><li class=\"text-start\">Less risk of accidents thanks to earlier detection of hazards<\/li><\/ul>\t\t\t\t\t\t\t\t<\/div>\n\t\t\t\t<div class=\"elementor-element elementor-element-9e5fdc6 elementor-widget elementor-widget-text-editor\" data-id=\"9e5fdc6\" data-element_type=\"widget\" data-e-type=\"widget\" data-widget_type=\"text-editor.default\">\n\t\t\t\t\t\t\t\t\t<p>Using auxiliary lights is especially recommended for those who often drive a lot in rural areas, on country roads or in areas where road and street lighting are lacking. Choose auxiliary lights for a safer and more comfortable journey!<\/p>\t\t\t\t\t\t\t\t<\/div>\n\t\t\t\t\t<\/div>\n\t\t<\/div>\n\t\t\t\t<div class=\"elementor-column elementor-col-50 elementor-top-column elementor-element elementor-element-58709764\" data-id=\"58709764\" data-element_type=\"column\" data-e-type=\"column\">\n\t\t\t<div class=\"elementor-widget-wrap elementor-element-populated\">\n\t\t\t\t\t\t<div class=\"elementor-element elementor-element-ac53576 elementor-widget elementor-widget-image\" data-id=\"ac53576\" data-element_type=\"widget\" data-e-type=\"widget\" data-widget_type=\"image.default\">\n\t\t\t\t\t\t\t\t\t\t\t\t\t\t\t<img loading=\"lazy\" decoding=\"async\" width=\"922\" height=\"642\" src=\"https:\/\/www.niemibil.se\/wp-content\/uploads\/2021\/01\/tjanstebil-sunset.jpg\" class=\"attachment-large size-large wp-image-17626\" alt=\"\" srcset=\"https:\/\/www.niemibil.se\/wp-content\/uploads\/2021\/01\/tjanstebil-sunset.jpg 922w, https:\/\/www.niemibil.se\/wp-content\/uploads\/2021\/01\/tjanstebil-sunset-300x209.jpg 300w, https:\/\/www.niemibil.se\/wp-content\/uploads\/2021\/01\/tjanstebil-sunset-768x535.jpg 768w\" sizes=\"auto, (max-width: 922px) 100vw, 922px\">\t\t\t\t\t\t\t\t\t\t\t\t\t\t\t<\/div>\n\t\t\t\t<div class=\"elementor-element elementor-element-984bbd5 elementor-widget elementor-widget-text-editor\" data-id=\"984bbd5\" data-element_type=\"widget\" data-e-type=\"widget\" data-widget_type=\"text-editor.default\">\n\t\t\t\t\t\t\t\t\t<p>Since the start in 2006, we have always had knowledgeable car specialists at Niemi Bil. Are you unsure? Feel free to get in touch and we will provide tips and advice!<\/p>\t\t\t\t\t\t\t\t<\/div>\n\t\t\t\t\t<\/div>\n\t\t<\/div>\n\t\t\t\t\t<\/div>\n\t\t<\/section>\n\t\t\t\t<\/div>","protected":false},"excerpt":{"rendered":"<p>Extraljus till kampanjpris hos Niemi Bil Letar du efter extraljus till din bil? Hos Niemi Bil hittar du kraftfulla extraljus fr\u00e5n v\u00e4lk\u00e4nda varum\u00e4rken, sj\u00e4lvklart till riktigt bra priser. Vi erbjuder extraljus som ger dig b\u00e4ttre sikt och extra trygghet under m\u00f6rka och kr\u00e4vande k\u00f6rf\u00f6rh\u00e5llanden, oavsett om du k\u00f6r personbil, transportbil eller st\u00f6rre fordon. Montering ing\u00e5r [&hellip;]<\/p>\n","protected":false},"author":18,"featured_media":0,"parent":0,"menu_order":0,"comment_status":"closed","ping_status":"closed","template":"","meta":{"_acf_changed":false,"footnotes":""},"class_list":["post-2626234","page","type-page","status-publish","hentry"],"acf":[],"_links":{"self":[{"href":"https:\/\/www.niemibil.se\/en\/wp-json\/wp\/v2\/pages\/2626234","targetHints":{"allow":["GET"]}}],"collection":[{"href":"https:\/\/www.niemibil.se\/en\/wp-json\/wp\/v2\/pages"}],"about":[{"href":"https:\/\/www.niemibil.se\/en\/wp-json\/wp\/v2\/types\/page"}],"author":[{"embeddable":true,"href":"https:\/\/www.niemibil.se\/en\/wp-json\/wp\/v2\/users\/18"}],"replies":[{"embeddable":true,"href":"https:\/\/www.niemibil.se\/en\/wp-json\/wp\/v2\/comments?post=2626234"}],"version-history":[{"count":24,"href":"https:\/\/www.niemibil.se\/en\/wp-json\/wp\/v2\/pages\/2626234\/revisions"}],"predecessor-version":[{"id":2626974,"href":"https:\/\/www.niemibil.se\/en\/wp-json\/wp\/v2\/pages\/2626234\/revisions\/2626974"}],"wp:attachment":[{"href":"https:\/\/www.niemibil.se\/en\/wp-json\/wp\/v2\/media?parent=2626234"}],"curies":[{"name":"wp","href":"https:\/\/api.w.org\/{rel}","templated":true}]}}