{"id":2196283,"date":"2025-02-20T11:53:56","date_gmt":"2025-02-20T10:53:56","guid":{"rendered":"https:\/\/www.niemibil.se\/?page_id=2196283"},"modified":"2025-10-09T14:06:21","modified_gmt":"2025-10-09T12:06:21","slug":"sponsorship-collaborations","status":"publish","type":"page","link":"https:\/\/www.niemibil.se\/en\/sponsorship-collaborations\/","title":{"rendered":"Sponsorship and collaborations \u2013 Application"},"content":{"rendered":"<div data-elementor-type=\"wp-page\" data-elementor-id=\"2196283\" class=\"elementor elementor-2196283\" data-elementor-post-type=\"page\">\n\t\t\t\t<div class=\"elementor-element elementor-element-07a6364 e-flex e-con-boxed e-con e-parent\" data-id=\"07a6364\" data-element_type=\"container\" data-e-type=\"container\" data-settings=\"{&quot;background_background&quot;:&quot;classic&quot;}\">\n\t\t\t\t\t<div class=\"e-con-inner\">\n\t\t<div class=\"elementor-element elementor-element-0ab1875 e-con-full e-flex e-con e-child\" data-id=\"0ab1875\" data-element_type=\"container\" data-e-type=\"container\">\n\t\t\t\t<div class=\"elementor-element elementor-element-4aa1ae4 elementor-widget elementor-widget-heading\" data-id=\"4aa1ae4\" data-element_type=\"widget\" data-e-type=\"widget\" data-widget_type=\"heading.default\">\n\t\t\t\t\t<h1 class=\"elementor-heading-title elementor-size-default\">Collaborate with Niemi Bil<\/h1>\t\t\t\t<\/div>\n\t\t\t\t<div class=\"elementor-element elementor-element-864d900 elementor-widget elementor-widget-spacer\" data-id=\"864d900\" data-element_type=\"widget\" data-e-type=\"widget\" data-widget_type=\"spacer.default\">\n\t\t\t\t\t\t\t<div class=\"elementor-spacer\">\n\t\t\t<div class=\"elementor-spacer-inner\"><\/div>\n\t\t<\/div>\n\t\t\t\t\t\t<\/div>\n\t\t\t\t<div class=\"elementor-element elementor-element-62a018d elementor-widget elementor-widget-heading\" data-id=\"62a018d\" data-element_type=\"widget\" data-e-type=\"widget\" data-widget_type=\"heading.default\">\n\t\t\t\t\t<h2 class=\"elementor-heading-title elementor-size-default\">A family business that strives for the industry&#039;s most satisfied customers<\/h2>\t\t\t\t<\/div>\n\t\t\t\t<div class=\"elementor-element elementor-element-c6a0055 elementor-widget elementor-widget-text-editor\" data-id=\"c6a0055\" data-element_type=\"widget\" data-e-type=\"widget\" data-widget_type=\"text-editor.default\">\n\t\t\t\t\t\t\t\t\t<p>Niemi Bil loves helping people and making them happy. You are our driving force at work, just as we are your driving force on the roads.<\/p>\t\t\t\t\t\t\t\t<\/div>\n\t\t\t\t<\/div>\n\t\t\t\t\t<\/div>\n\t\t\t\t<\/div>\n\t\t<div class=\"elementor-element elementor-element-447a6d6 e-flex e-con-boxed e-con e-parent\" data-id=\"447a6d6\" data-element_type=\"container\" data-e-type=\"container\" data-settings=\"{&quot;background_background&quot;:&quot;classic&quot;}\">\n\t\t\t\t\t<div class=\"e-con-inner\">\n\t\t<div class=\"elementor-element elementor-element-f98cb4f e-con-full e-flex e-con e-child\" data-id=\"f98cb4f\" data-element_type=\"container\" data-e-type=\"container\">\n\t\t\t\t<div class=\"elementor-element elementor-element-7c2b498 elementor-widget elementor-widget-heading\" data-id=\"7c2b498\" data-element_type=\"widget\" data-e-type=\"widget\" data-widget_type=\"heading.default\">\n\t\t\t\t\t<h2 class=\"elementor-heading-title elementor-size-default\">A bigger heart<\/h2>\t\t\t\t<\/div>\n\t\t\t\t<div class=\"elementor-element elementor-element-62df22b elementor-widget elementor-widget-text-editor\" data-id=\"62df22b\" data-element_type=\"widget\" data-e-type=\"widget\" data-widget_type=\"text-editor.default\">\n\t\t\t\t\t\t\t\t\t<p>Niemi Bil wants to be a positive force in society. We support sports, culture and youth. It is our way of giving back to the areas that have shaped us, and ultimately contribute to building an even better tomorrow.<\/p>\n<p>We are proud and humbled to be able to contribute to fantastic organizations, associations and role models around the country.<\/p>\t\t\t\t\t\t\t\t<\/div>\n\t\t\t\t<div class=\"elementor-element elementor-element-d7d7019 link-simple elementor-widget elementor-widget-heading\" data-id=\"d7d7019\" data-element_type=\"widget\" data-e-type=\"widget\" data-widget_type=\"heading.default\">\n\t\t\t\t\t<span class=\"elementor-heading-title elementor-size-default\"><a href=\"#sponsorfunkar\">Read more about how it works<\/a><\/span>\t\t\t\t<\/div>\n\t\t\t\t<\/div>\n\t\t<div class=\"elementor-element elementor-element-2f3df53 e-con-full e-flex e-con e-child\" data-id=\"2f3df53\" data-element_type=\"container\" data-e-type=\"container\">\n\t\t\t\t<div class=\"elementor-element elementor-element-64ef693 elementor-widget elementor-widget-image\" data-id=\"64ef693\" data-element_type=\"widget\" data-e-type=\"widget\" data-widget_type=\"image.default\">\n\t\t\t\t\t\t\t\t\t\t\t\t\t\t\t<img loading=\"lazy\" decoding=\"async\" width=\"960\" height=\"640\" src=\"https:\/\/www.niemibil.se\/wp-content\/uploads\/2025\/02\/image001.webp\" class=\"attachment-large size-large wp-image-2196336\" alt=\"\" srcset=\"https:\/\/www.niemibil.se\/wp-content\/uploads\/2025\/02\/image001.webp 960w, https:\/\/www.niemibil.se\/wp-content\/uploads\/2025\/02\/image001-300x200.webp 300w, https:\/\/www.niemibil.se\/wp-content\/uploads\/2025\/02\/image001-768x512.webp 768w, https:\/\/www.niemibil.se\/wp-content\/uploads\/2025\/02\/image001-18x12.webp 18w\" sizes=\"auto, (max-width: 960px) 100vw, 960px\">\t\t\t\t\t\t\t\t\t\t\t\t\t\t\t<\/div>\n\t\t\t\t<\/div>\n\t\t\t\t\t<\/div>\n\t\t\t\t<\/div>\n\t\t<div class=\"elementor-element elementor-element-579317a e-flex e-con-boxed e-con e-parent\" data-id=\"579317a\" data-element_type=\"container\" data-e-type=\"container\" data-settings=\"{&quot;background_background&quot;:&quot;classic&quot;}\">\n\t\t\t\t\t<div class=\"e-con-inner\">\n\t\t<div class=\"elementor-element elementor-element-6b25f1b e-con-full e-flex e-con e-child\" data-id=\"6b25f1b\" data-element_type=\"container\" data-e-type=\"container\">\n\t\t\t\t<div class=\"elementor-element elementor-element-fee7f43 elementor-widget elementor-widget-text-editor\" data-id=\"fee7f43\" data-element_type=\"widget\" data-e-type=\"widget\" data-widget_type=\"text-editor.default\">\n\t\t\t\t\t\t\t\t\t<p>LATEST NEWS<\/p>\t\t\t\t\t\t\t\t<\/div>\n\t\t\t\t<div class=\"elementor-element elementor-element-7b85bd8 elementor-widget elementor-widget-heading\" data-id=\"7b85bd8\" data-element_type=\"widget\" data-e-type=\"widget\" data-widget_type=\"heading.default\">\n\t\t\t\t\t<h2 class=\"elementor-heading-title elementor-size-default\">Upcoming time: Focus on existing collaborations<\/h2>\t\t\t\t<\/div>\n\t\t\t\t<div class=\"elementor-element elementor-element-cbfdff8 elementor-widget__width-initial elementor-widget elementor-widget-text-editor\" data-id=\"cbfdff8\" data-element_type=\"widget\" data-e-type=\"widget\" data-widget_type=\"text-editor.default\">\n\t\t\t\t\t\t\t\t\t<p>We have received hundreds of inquiries during the year and have over 100 new collaborations underway around the country.<\/p><p><strong><em>For us at Niemi Bil, it is important that we always carry out our commitments with 100% heart and maintain participation as a partner.<\/em><\/strong><\/p><p>Based on this, we will focus on our existing collaborations and engagements in the coming time to be able to implement these in the best possible way and give these partnerships the attention they deserve.<\/p><p>We will continue to support the local areas and regions we operate in \u2013 and welcome more applications when we are ready to take care of it in the future. So stay tuned!<\/p>\t\t\t\t\t\t\t\t<\/div>\n\t\t\t\t<\/div>\n\t\t\t\t\t<\/div>\n\t\t\t\t<\/div>\n\t\t<div class=\"elementor-element elementor-element-25b250a e-flex e-con-boxed e-con e-parent\" data-id=\"25b250a\" data-element_type=\"container\" data-e-type=\"container\">\n\t\t\t\t\t<div class=\"e-con-inner\">\n\t\t\t\t<div class=\"elementor-element elementor-element-71e78d1 elementor-widget elementor-widget-menu-anchor\" data-id=\"71e78d1\" data-element_type=\"widget\" data-e-type=\"widget\" data-widget_type=\"menu-anchor.default\">\n\t\t\t\t\t\t\t<div class=\"elementor-menu-anchor\" id=\"sponsorfunkar\"><\/div>\n\t\t\t\t\t\t<\/div>\n\t\t\t\t<div class=\"elementor-element elementor-element-66786dd elementor-widget elementor-widget-heading\" data-id=\"66786dd\" data-element_type=\"widget\" data-e-type=\"widget\" data-widget_type=\"heading.default\">\n\t\t\t\t\t<h2 class=\"elementor-heading-title elementor-size-default\">Would you like to seek sponsorship or collaborations with Niemi Bil?<\/h2>\t\t\t\t<\/div>\n\t\t<div class=\"elementor-element elementor-element-4f4b465 e-con-full e-flex e-con e-child\" data-id=\"4f4b465\" data-element_type=\"container\" data-e-type=\"container\">\n\t\t<div class=\"elementor-element elementor-element-6dc6a65 e-con-full e-flex e-con e-child\" data-id=\"6dc6a65\" data-element_type=\"container\" data-e-type=\"container\">\n\t\t\t\t<div class=\"elementor-element elementor-element-6c75944 elementor-widget elementor-widget-image\" data-id=\"6c75944\" data-element_type=\"widget\" data-e-type=\"widget\" data-widget_type=\"image.default\">\n\t\t\t\t\t\t\t\t\t\t\t\t\t\t\t<img loading=\"lazy\" decoding=\"async\" width=\"600\" height=\"780\" src=\"https:\/\/www.niemibil.se\/wp-content\/uploads\/2025\/02\/image002-600x780.webp\" class=\"attachment-contact-thumbnail size-contact-thumbnail wp-image-2196342\" alt=\"\">\t\t\t\t\t\t\t\t\t\t\t\t\t\t\t<\/div>\n\t\t\t\t<\/div>\n\t\t<div class=\"elementor-element elementor-element-807d1a5 e-con-full e-flex e-con e-child\" data-id=\"807d1a5\" data-element_type=\"container\" data-e-type=\"container\">\n\t\t\t\t<div class=\"elementor-element elementor-element-fa3375c elementor-widget elementor-widget-text-editor\" data-id=\"fa3375c\" data-element_type=\"widget\" data-e-type=\"widget\" data-widget_type=\"text-editor.default\">\n\t\t\t\t\t\t\t\t\t<p>How nice to hear! We focus primarily on helping associations and organizations near the locations where we are located. Today we have facilities in Lule\u00e5, Ume\u00e5, Skellefte\u00e5, Kiruna, G\u00e4vle and Uppsala. We strive to help in sports, culture, community involvement and charity.<\/p><p><strong>We are particularly concerned about:<\/strong><\/p><ul><li>The equal value and right of all people to participate<\/li><li>Children and young people<\/li><\/ul><p><strong>We have some core values that are also important to us:<\/strong><\/p><ul><li>Hard work<\/li><li>Consideration<\/li><li>Honesty<\/li><\/ul><p>If you think that together we could be a good match and make a difference? Then you and your association are warmly welcome to apply! Apply by filling out the form below so that we can receive your request.<\/p>\t\t\t\t\t\t\t\t<\/div>\n\t\t\t\t<\/div>\n\t\t\t\t<\/div>\n\t\t\t\t<div class=\"elementor-element elementor-element-095e7b2 elementor-widget elementor-widget-button\" data-id=\"095e7b2\" data-element_type=\"widget\" data-e-type=\"widget\" data-widget_type=\"button.default\">\n\t\t\t\t\t\t\t\t\t\t<a class=\"elementor-button elementor-button-link elementor-size-sm\" href=\"#ansokan\">\n\t\t\t\t\t\t<span class=\"elementor-button-content-wrapper\">\n\t\t\t\t\t\t\t\t\t<span class=\"elementor-button-text\">Make a sponsorship request<\/span>\n\t\t\t\t\t<\/span>\n\t\t\t\t\t<\/a>\n\t\t\t\t\t\t\t\t<\/div>\n\t\t\t\t\t<\/div>\n\t\t\t\t<\/div>\n\t\t<div class=\"elementor-element elementor-element-110dd37 e-flex e-con-boxed e-con e-parent\" data-id=\"110dd37\" data-element_type=\"container\" data-e-type=\"container\" data-settings=\"{&quot;background_background&quot;:&quot;classic&quot;}\">\n\t\t\t\t\t<div class=\"e-con-inner\">\n\t\t<div class=\"elementor-element elementor-element-a868eb0 e-con-full e-flex e-con e-child\" data-id=\"a868eb0\" data-element_type=\"container\" data-e-type=\"container\">\n\t\t\t\t<div class=\"elementor-element elementor-element-1fe6caa elementor-widget elementor-widget-image\" data-id=\"1fe6caa\" data-element_type=\"widget\" data-e-type=\"widget\" data-widget_type=\"image.default\">\n\t\t\t\t\t\t\t\t\t\t\t\t\t\t\t<img loading=\"lazy\" decoding=\"async\" width=\"1024\" height=\"719\" src=\"https:\/\/www.niemibil.se\/wp-content\/uploads\/2025\/02\/Niemi-bil-Gammmelstad-Floorball-Cup-2024-1024x719.webp\" class=\"attachment-large size-large wp-image-2196390\" alt=\"\" srcset=\"https:\/\/www.niemibil.se\/wp-content\/uploads\/2025\/02\/Niemi-bil-Gammmelstad-Floorball-Cup-2024-1024x719.webp 1024w, https:\/\/www.niemibil.se\/wp-content\/uploads\/2025\/02\/Niemi-bil-Gammmelstad-Floorball-Cup-2024-300x211.webp 300w, https:\/\/www.niemibil.se\/wp-content\/uploads\/2025\/02\/Niemi-bil-Gammmelstad-Floorball-Cup-2024-768x539.webp 768w, https:\/\/www.niemibil.se\/wp-content\/uploads\/2025\/02\/Niemi-bil-Gammmelstad-Floorball-Cup-2024-1536x1079.webp 1536w, https:\/\/www.niemibil.se\/wp-content\/uploads\/2025\/02\/Niemi-bil-Gammmelstad-Floorball-Cup-2024-18x12.webp 18w, https:\/\/www.niemibil.se\/wp-content\/uploads\/2025\/02\/Niemi-bil-Gammmelstad-Floorball-Cup-2024.webp 1915w\" sizes=\"auto, (max-width: 1024px) 100vw, 1024px\">\t\t\t\t\t\t\t\t\t\t\t\t\t\t\t<\/div>\n\t\t\t\t<\/div>\n\t\t<div class=\"elementor-element elementor-element-63ef508 e-con-full e-flex e-con e-child\" data-id=\"63ef508\" data-element_type=\"container\" data-e-type=\"container\">\n\t\t\t\t<div class=\"elementor-element elementor-element-1fc65af elementor-widget elementor-widget-heading\" data-id=\"1fc65af\" data-element_type=\"widget\" data-e-type=\"widget\" data-widget_type=\"heading.default\">\n\t\t\t\t\t<h2 class=\"elementor-heading-title elementor-size-default\">Where Niemi Bil is located, you can apply for cooperation.<\/h2>\t\t\t\t<\/div>\n\t\t\t\t<div class=\"elementor-element elementor-element-ccd4a5a elementor-widget elementor-widget-text-editor\" data-id=\"ccd4a5a\" data-element_type=\"widget\" data-e-type=\"widget\" data-widget_type=\"text-editor.default\">\n\t\t\t\t\t\t\t\t\t<p>We strive to have a broad mix of activities and associations that we support \u2013 spread across all locations where we operate and are present locally.<\/p>\n<p>Submit an application and we&#039;ll see if we can support your business. Our ambition is to help as many people as possible \u2013 but we can&#039;t guarantee that we can offer everything you&#039;re looking for. Thank you for your understanding!<\/p>\t\t\t\t\t\t\t\t<\/div>\n\t\t\t\t<div class=\"elementor-element elementor-element-e3d7306 link-simple elementor-widget elementor-widget-heading\" data-id=\"e3d7306\" data-element_type=\"widget\" data-e-type=\"widget\" data-widget_type=\"heading.default\">\n\t\t\t\t\t<span class=\"elementor-heading-title elementor-size-default\"><a href=\"#ansokan\">Apply for sponsorship and collaboration<\/a><\/span>\t\t\t\t<\/div>\n\t\t\t\t<\/div>\n\t\t\t\t\t<\/div>\n\t\t\t\t<\/div>\n\t\t<div class=\"elementor-element elementor-element-879178b e-flex e-con-boxed e-con e-parent\" data-id=\"879178b\" data-element_type=\"container\" data-e-type=\"container\" id=\"ansokan\">\n\t\t\t\t\t<div class=\"e-con-inner\">\n\t\t\t\t<div class=\"elementor-element elementor-element-4cb5149 elementor-widget elementor-widget-heading\" data-id=\"4cb5149\" data-element_type=\"widget\" data-e-type=\"widget\" data-widget_type=\"heading.default\">\n\t\t\t\t\t<h2 class=\"elementor-heading-title elementor-size-default\">Application<\/h2>\t\t\t\t<\/div>\n\t\t\t\t<div class=\"elementor-element elementor-element-63316f0 elementor-widget elementor-widget-text-editor\" data-id=\"63316f0\" data-element_type=\"widget\" data-e-type=\"widget\" data-widget_type=\"text-editor.default\">\n\t\t\t\t\t\t\t\t\t<p style=\"text-align: center;\"><strong>The application period has closed and we have received several hundred requests. We will reopen the application process when we are ready to accept more.<\/strong><\/p>\t\t\t\t\t\t\t\t<\/div>\n\t\t\t\t<div class=\"elementor-element elementor-element-3e364ea elementor-hidden-desktop elementor-hidden-tablet elementor-hidden-mobile elementor-widget elementor-widget-ws-form\" data-id=\"3e364ea\" data-element_type=\"widget\" data-e-type=\"widget\" data-widget_type=\"ws-form.default\">\n\t\t\t\t<div class=\"elementor-widget-container\">\n\t\t\t\t\t<form action=\"https:\/\/www.niemibil.se\/en\/wp-json\/ws-form\/v1\/submit\" class=\"wsf-form wsf-form-canvas\" id=\"ws-form-1\" data-id=\"27\" method=\"POST\" data-instance-id=\"1\" data-wsf-style-id=\"1\" data-trp-original-action=\"https:\/\/www.niemibil.se\/en\/wp-json\/ws-form\/v1\/submit\"><input type=\"hidden\" name=\"trp-form-language\" value=\"en\"\/><\/form>\t\t\t\t<\/div>\n\t\t\t\t<\/div>\n\t\t\t\t\t<\/div>\n\t\t\t\t<\/div>\n\t\t\t\t<\/div>","protected":false},"excerpt":{"rendered":"<p>Samarbeta med Niemi Bil Ett familjef\u00f6retag som str\u00e4var efter branschens n\u00f6jdaste kunder Niemi Bil \u00e4lskar att hj\u00e4lpa m\u00e4nniskor och g\u00f6ra dem glada. Du \u00e4r v\u00e5r drivkraft i arbetet, precis som vi \u00e4r din drivkraft p\u00e5 v\u00e4garna. Ett st\u00f6rre hj\u00e4rta Niemi Bil vill vara en positiv kraft i samh\u00e4llet. Vi st\u00f6ttar idrott, kultur och ungdom. Det [&hellip;]<\/p>\n","protected":false},"author":1,"featured_media":2196342,"parent":0,"menu_order":0,"comment_status":"closed","ping_status":"closed","template":"","meta":{"_acf_changed":false,"footnotes":""},"class_list":["post-2196283","page","type-page","status-publish","has-post-thumbnail","hentry"],"acf":[],"_links":{"self":[{"href":"https:\/\/www.niemibil.se\/en\/wp-json\/wp\/v2\/pages\/2196283","targetHints":{"allow":["GET"]}}],"collection":[{"href":"https:\/\/www.niemibil.se\/en\/wp-json\/wp\/v2\/pages"}],"about":[{"href":"https:\/\/www.niemibil.se\/en\/wp-json\/wp\/v2\/types\/page"}],"author":[{"embeddable":true,"href":"https:\/\/www.niemibil.se\/en\/wp-json\/wp\/v2\/users\/1"}],"replies":[{"embeddable":true,"href":"https:\/\/www.niemibil.se\/en\/wp-json\/wp\/v2\/comments?post=2196283"}],"version-history":[{"count":26,"href":"https:\/\/www.niemibil.se\/en\/wp-json\/wp\/v2\/pages\/2196283\/revisions"}],"predecessor-version":[{"id":2628059,"href":"https:\/\/www.niemibil.se\/en\/wp-json\/wp\/v2\/pages\/2196283\/revisions\/2628059"}],"wp:featuredmedia":[{"embeddable":true,"href":"https:\/\/www.niemibil.se\/en\/wp-json\/wp\/v2\/media\/2196342"}],"wp:attachment":[{"href":"https:\/\/www.niemibil.se\/en\/wp-json\/wp\/v2\/media?parent=2196283"}],"curies":[{"name":"wp","href":"https:\/\/api.w.org\/{rel}","templated":true}]}}