{"id":2190159,"date":"2024-12-13T08:59:20","date_gmt":"2024-12-13T07:59:20","guid":{"rendered":"https:\/\/www.niemibil.se\/?page_id=2190159"},"modified":"2025-06-19T12:55:06","modified_gmt":"2025-06-19T10:55:06","slug":"the-dream-car","status":"publish","type":"page","link":"https:\/\/www.niemibil.se\/en\/the-dream-car\/","title":{"rendered":"The dream car"},"content":{"rendered":"<div data-elementor-type=\"wp-page\" data-elementor-id=\"2190159\" class=\"elementor elementor-2190159\" data-elementor-post-type=\"page\">\n\t\t\t\t\t\t<section class=\"elementor-section elementor-top-section elementor-element elementor-element-c0b2a10 elementor-section-height-min-height elementor-section-boxed elementor-section-height-default elementor-section-items-middle\" data-id=\"c0b2a10\" data-element_type=\"section\" data-e-type=\"section\" data-settings=\"{&quot;background_background&quot;:&quot;classic&quot;}\">\n\t\t\t\t\t\t\t<div class=\"elementor-background-overlay\"><\/div>\n\t\t\t\t\t\t\t<div class=\"elementor-container elementor-column-gap-default\">\n\t\t\t\t\t<div class=\"elementor-column elementor-col-100 elementor-top-column elementor-element elementor-element-22d1266e\" data-id=\"22d1266e\" data-element_type=\"column\" data-e-type=\"column\">\n\t\t\t<div class=\"elementor-widget-wrap elementor-element-populated\">\n\t\t\t\t\t\t<div class=\"elementor-element elementor-element-7f0ed131 elementor-widget elementor-widget-heading\" data-id=\"7f0ed131\" data-element_type=\"widget\" data-e-type=\"widget\" data-widget_type=\"heading.default\">\n\t\t\t\t\t<h1 class=\"elementor-heading-title elementor-size-default\">Find your dream car!<\/h1>\t\t\t\t<\/div>\n\t\t\t\t<div class=\"elementor-element elementor-element-4a698714 elementor-widget elementor-widget-text-editor\" data-id=\"4a698714\" data-element_type=\"widget\" data-e-type=\"widget\" data-widget_type=\"text-editor.default\">\n\t\t\t\t\t\t\t\t\t<p>Having trouble finding exactly the car you dream of? There are many things that need to be right when looking for a new car \u2013 make, model, price and much more \u2013 and it can be difficult to keep track of all the ad pages at once. That&#039;s where we come in!<\/p>\t\t\t\t\t\t\t\t<\/div>\n\t\t\t\t<div class=\"elementor-element elementor-element-2b09e85a elementor-align-center button-320 elementor-widget elementor-widget-button\" data-id=\"2b09e85a\" data-element_type=\"widget\" data-e-type=\"widget\" data-widget_type=\"button.default\">\n\t\t\t\t\t\t\t\t\t\t<a class=\"elementor-button elementor-button-link elementor-size-sm\" href=\"#drombilform\">\n\t\t\t\t\t\t<span class=\"elementor-button-content-wrapper\">\n\t\t\t\t\t\t\t\t\t<span class=\"elementor-button-text\">Start a watch here<\/span>\n\t\t\t\t\t<\/span>\n\t\t\t\t\t<\/a>\n\t\t\t\t\t\t\t\t<\/div>\n\t\t\t\t\t<\/div>\n\t\t<\/div>\n\t\t\t\t\t<\/div>\n\t\t<\/section>\n\t\t\t\t<section class=\"elementor-section elementor-top-section elementor-element elementor-element-790e9a2 elementor-section-boxed elementor-section-height-default elementor-section-height-default\" data-id=\"790e9a2\" data-element_type=\"section\" data-e-type=\"section\">\n\t\t\t\t\t\t<div class=\"elementor-container elementor-column-gap-default\">\n\t\t\t\t\t<div class=\"elementor-column elementor-col-100 elementor-top-column elementor-element elementor-element-38bd20c\" data-id=\"38bd20c\" data-element_type=\"column\" data-e-type=\"column\">\n\t\t\t<div class=\"elementor-widget-wrap elementor-element-populated\">\n\t\t\t\t\t\t<div class=\"elementor-element elementor-element-e138452 elementor-widget elementor-widget-spacer\" data-id=\"e138452\" data-element_type=\"widget\" data-e-type=\"widget\" data-widget_type=\"spacer.default\">\n\t\t\t\t\t\t\t<div class=\"elementor-spacer\">\n\t\t\t<div class=\"elementor-spacer-inner\"><\/div>\n\t\t<\/div>\n\t\t\t\t\t\t<\/div>\n\t\t\t\t<div class=\"elementor-element elementor-element-6db2126b elementor-widget elementor-widget-heading\" data-id=\"6db2126b\" data-element_type=\"widget\" data-e-type=\"widget\" data-widget_type=\"heading.default\">\n\t\t\t\t\t<h2 class=\"elementor-heading-title elementor-size-default\">Let us find your next car!<\/h2>\t\t\t\t<\/div>\n\t\t\t\t<div class=\"elementor-element elementor-element-b2cd563 elementor-widget elementor-widget-spacer\" data-id=\"b2cd563\" data-element_type=\"widget\" data-e-type=\"widget\" data-widget_type=\"spacer.default\">\n\t\t\t\t\t\t\t<div class=\"elementor-spacer\">\n\t\t\t<div class=\"elementor-spacer-inner\"><\/div>\n\t\t<\/div>\n\t\t\t\t\t\t<\/div>\n\t\t\t\t<div class=\"elementor-element elementor-element-b06f7ea elementor-hidden-mobile elementor-widget elementor-widget-heading\" data-id=\"b06f7ea\" data-element_type=\"widget\" data-e-type=\"widget\" data-widget_type=\"heading.default\">\n\t\t\t\t\t<h3 class=\"elementor-heading-title elementor-size-default\">Tell us what you are looking for - get an email immediately if a car in stock matches it.<\/h3>\t\t\t\t<\/div>\n\t\t\t\t<div class=\"elementor-element elementor-element-1507470 elementor-widget elementor-widget-spacer\" data-id=\"1507470\" data-element_type=\"widget\" data-e-type=\"widget\" data-widget_type=\"spacer.default\">\n\t\t\t\t\t\t\t<div class=\"elementor-spacer\">\n\t\t\t<div class=\"elementor-spacer-inner\"><\/div>\n\t\t<\/div>\n\t\t\t\t\t\t<\/div>\n\t\t\t\t<div class=\"elementor-element elementor-element-c7e3aa3 elementor-widget__width-initial elementor-widget elementor-widget-text-editor\" data-id=\"c7e3aa3\" data-element_type=\"widget\" data-e-type=\"widget\" data-widget_type=\"text-editor.default\">\n\t\t\t\t\t\t\t\t\t<p style=\"text-align: left;\">Tell us what you want in a car, such as how old it can be, how much it can cost and what brand you are looking for, and we will create an alert for you. As soon as something suitable comes into our warehouse, we will notify you. Convenient, right?<\/p>\t\t\t\t\t\t\t\t<\/div>\n\t\t\t\t<div class=\"elementor-element elementor-element-7d6bd26 elementor-widget__width-initial elementor-hidden-mobile elementor-widget elementor-widget-text-editor\" data-id=\"7d6bd26\" data-element_type=\"widget\" data-e-type=\"widget\" data-widget_type=\"text-editor.default\">\n\t\t\t\t\t\t\t\t\t<p style=\"text-align: left;\"><strong>That&#039;s why you will find your dream car at Niemi Bil!<\/strong><\/p><ul><li>We receive 150-200 new cars every week.<\/li><li>We offer home delivery to your door<\/li><li>You can take out up to a 5-year warranty<\/li><\/ul>\t\t\t\t\t\t\t\t<\/div>\n\t\t\t\t<div class=\"elementor-element elementor-element-b4c632c elementor-widget__width-initial elementor-hidden-desktop elementor-hidden-tablet elementor-widget elementor-widget-text-editor\" data-id=\"b4c632c\" data-element_type=\"widget\" data-e-type=\"widget\" data-widget_type=\"text-editor.default\">\n\t\t\t\t\t\t\t\t\t<p style=\"text-align: left;\"><strong>This is how it works:<\/strong><\/p>\n<ul>\n<li>We receive 150-200 new cars every week.<\/li>\n<li>You will receive an email immediately if a car in stock matches what you are looking for.<\/li>\n<li>End monitoring whenever you want<\/li>\n<\/ul>\t\t\t\t\t\t\t\t<\/div>\n\t\t\t\t<div class=\"elementor-element elementor-element-f9faba6 elementor-widget__width-initial elementor-widget-mobile__width-initial elementor-hidden-mobile elementor-widget elementor-widget-text-editor\" data-id=\"f9faba6\" data-element_type=\"widget\" data-e-type=\"widget\" data-widget_type=\"text-editor.default\">\n\t\t\t\t\t\t\t\t\t<p style=\"text-align: left;\">Of course, you are not obligated to buy the car we found, and you can cancel the monitoring at any time and stop receiving notifications about new cars that may be of interest.<\/p>\t\t\t\t\t\t\t\t<\/div>\n\t\t\t\t<div class=\"elementor-element elementor-element-727c39a elementor-widget__width-initial elementor-widget-mobile__width-initial elementor-hidden-desktop elementor-hidden-tablet elementor-hidden-mobile elementor-widget elementor-widget-text-editor\" data-id=\"727c39a\" data-element_type=\"widget\" data-e-type=\"widget\" data-widget_type=\"text-editor.default\">\n\t\t\t\t\t\t\t\t\t<p style=\"text-align: center;\">You will receive an email notification when we have found something that matches your description. Of course, you are not obligated to buy the car we have found and you can cancel the monitoring at any time!<\/p>\t\t\t\t\t\t\t\t<\/div>\n\t\t\t\t\t<\/div>\n\t\t<\/div>\n\t\t\t\t\t<\/div>\n\t\t<\/section>\n\t\t<div class=\"elementor-element elementor-element-1ea1dc0 e-flex e-con-boxed e-con e-parent\" data-id=\"1ea1dc0\" data-element_type=\"container\" data-e-type=\"container\">\n\t\t\t\t\t<div class=\"e-con-inner\">\n\t\t\t\t<div class=\"elementor-element elementor-element-f3f438f elementor-widget elementor-widget-spacer\" data-id=\"f3f438f\" data-element_type=\"widget\" data-e-type=\"widget\" data-widget_type=\"spacer.default\">\n\t\t\t\t\t\t\t<div class=\"elementor-spacer\">\n\t\t\t<div class=\"elementor-spacer-inner\"><\/div>\n\t\t<\/div>\n\t\t\t\t\t\t<\/div>\n\t\t\t\t\t<\/div>\n\t\t\t\t<\/div>\n\t\t<div class=\"elementor-element elementor-element-be8e175 e-flex e-con-boxed e-con e-parent\" data-id=\"be8e175\" data-element_type=\"container\" data-e-type=\"container\">\n\t\t\t\t\t<div class=\"e-con-inner\">\n\t\t<div class=\"elementor-element elementor-element-f156e93 e-con-full e-flex e-con e-child\" data-id=\"f156e93\" data-element_type=\"container\" data-e-type=\"container\">\n\t\t\t\t<div class=\"elementor-element elementor-element-6db3cc9 elementor-widget elementor-widget-menu-anchor\" data-id=\"6db3cc9\" data-element_type=\"widget\" data-e-type=\"widget\" data-widget_type=\"menu-anchor.default\">\n\t\t\t\t\t\t\t<div class=\"elementor-menu-anchor\" id=\"drombilform\"><\/div>\n\t\t\t\t\t\t<\/div>\n\t\t\t\t<div class=\"elementor-element elementor-element-fb93977 elementor-widget elementor-widget-text-editor\" data-id=\"fb93977\" data-element_type=\"widget\" data-e-type=\"widget\" data-widget_type=\"text-editor.default\">\n\t\t\t\t\t\t\t\t\t<p style=\"text-align: center;\"><strong>Describe your dream car here \u2013 We&#039;ll get in touch when something interesting comes in!<\/strong><\/p>\t\t\t\t\t\t\t\t<\/div>\n\t\t\t\t<div class=\"elementor-element elementor-element-9ff4ac1 elementor-widget elementor-widget-shortcode\" data-id=\"9ff4ac1\" data-element_type=\"widget\" data-e-type=\"widget\" data-widget_type=\"shortcode.default\">\n\t\t\t\t\t\t\t<div class=\"elementor-shortcode\"><form action=\"https:\/\/www.niemibil.se\/en\/wp-json\/ws-form\/v1\/submit\" class=\"wsf-form wsf-form-canvas\" id=\"ws-form-1\" data-id=\"35\" method=\"POST\" data-instance-id=\"1\" data-wsf-style-id=\"1\" data-trp-original-action=\"https:\/\/www.niemibil.se\/en\/wp-json\/ws-form\/v1\/submit\"><input type=\"hidden\" name=\"trp-form-language\" value=\"en\"\/><\/form><\/div>\n\t\t\t\t\t\t<\/div>\n\t\t\t\t<div class=\"elementor-element elementor-element-0f3ca9d elementor-widget elementor-widget-text-editor\" data-id=\"0f3ca9d\" data-element_type=\"widget\" data-e-type=\"widget\" data-widget_type=\"text-editor.default\">\n\t\t\t\t\t\t\t\t\t<p style=\"text-align: center;\">As soon as a new car in stock matches what you are looking for \u2013 you will receive an email. Of course, you can end the alerts whenever you want.\u00a0<\/p>\t\t\t\t\t\t\t\t<\/div>\n\t\t\t\t<\/div>\n\t\t<div class=\"elementor-element elementor-element-664dd16 e-con-full e-flex e-con e-child\" data-id=\"664dd16\" data-element_type=\"container\" data-e-type=\"container\">\n\t\t\t\t<div class=\"elementor-element elementor-element-465564d elementor-widget elementor-widget-image\" data-id=\"465564d\" data-element_type=\"widget\" data-e-type=\"widget\" data-widget_type=\"image.default\">\n\t\t\t\t\t\t\t\t\t\t\t\t\t\t\t<img loading=\"lazy\" decoding=\"async\" width=\"1024\" height=\"576\" src=\"https:\/\/www.niemibil.se\/wp-content\/uploads\/2024\/12\/Drombilen-labels-1024x576.webp\" class=\"attachment-large size-large wp-image-2190168\" alt=\"\" srcset=\"https:\/\/www.niemibil.se\/wp-content\/uploads\/2024\/12\/Drombilen-labels-1024x576.webp 1024w, https:\/\/www.niemibil.se\/wp-content\/uploads\/2024\/12\/Drombilen-labels-300x169.webp 300w, https:\/\/www.niemibil.se\/wp-content\/uploads\/2024\/12\/Drombilen-labels-768x432.webp 768w, https:\/\/www.niemibil.se\/wp-content\/uploads\/2024\/12\/Drombilen-labels-1536x864.webp 1536w, https:\/\/www.niemibil.se\/wp-content\/uploads\/2024\/12\/Drombilen-labels-18x10.webp 18w, https:\/\/www.niemibil.se\/wp-content\/uploads\/2024\/12\/Drombilen-labels.webp 1920w\" sizes=\"auto, (max-width: 1024px) 100vw, 1024px\">\t\t\t\t\t\t\t\t\t\t\t\t\t\t\t<\/div>\n\t\t\t\t<\/div>\n\t\t\t\t\t<\/div>\n\t\t\t\t<\/div>\n\t\t<div class=\"elementor-element elementor-element-6594d1b e-flex e-con-boxed e-con e-parent\" data-id=\"6594d1b\" data-element_type=\"container\" data-e-type=\"container\">\n\t\t\t\t\t<div class=\"e-con-inner\">\n\t\t\t\t<div class=\"elementor-element elementor-element-fe12b99 elementor-widget elementor-widget-spacer\" data-id=\"fe12b99\" data-element_type=\"widget\" data-e-type=\"widget\" data-widget_type=\"spacer.default\">\n\t\t\t\t\t\t\t<div class=\"elementor-spacer\">\n\t\t\t<div class=\"elementor-spacer-inner\"><\/div>\n\t\t<\/div>\n\t\t\t\t\t\t<\/div>\n\t\t\t\t\t<\/div>\n\t\t\t\t<\/div>\n\t\t<div class=\"elementor-element elementor-element-6183ec0 elementor-hidden-mobile e-flex e-con-boxed e-con e-parent\" data-id=\"6183ec0\" data-element_type=\"container\" data-e-type=\"container\">\n\t\t\t\t\t<div class=\"e-con-inner\">\n\t\t<div class=\"elementor-element elementor-element-c16e219 e-con-full e-flex e-con e-child\" data-id=\"c16e219\" data-element_type=\"container\" data-e-type=\"container\">\n\t\t\t\t<div class=\"elementor-element elementor-element-8d729f4 elementor-widget elementor-widget-image\" data-id=\"8d729f4\" data-element_type=\"widget\" data-e-type=\"widget\" data-widget_type=\"image.default\">\n\t\t\t\t\t\t\t\t\t\t\t\t\t\t\t<img loading=\"lazy\" decoding=\"async\" width=\"1024\" height=\"576\" src=\"https:\/\/www.niemibil.se\/wp-content\/uploads\/2024\/12\/Markus-letar-bil-1024x576.webp\" class=\"attachment-large size-large wp-image-2190277\" alt=\"\" srcset=\"https:\/\/www.niemibil.se\/wp-content\/uploads\/2024\/12\/Markus-letar-bil-1024x576.webp 1024w, https:\/\/www.niemibil.se\/wp-content\/uploads\/2024\/12\/Markus-letar-bil-300x169.webp 300w, https:\/\/www.niemibil.se\/wp-content\/uploads\/2024\/12\/Markus-letar-bil-768x432.webp 768w, https:\/\/www.niemibil.se\/wp-content\/uploads\/2024\/12\/Markus-letar-bil-1536x864.webp 1536w, https:\/\/www.niemibil.se\/wp-content\/uploads\/2024\/12\/Markus-letar-bil-18x10.webp 18w, https:\/\/www.niemibil.se\/wp-content\/uploads\/2024\/12\/Markus-letar-bil.webp 1920w\" sizes=\"auto, (max-width: 1024px) 100vw, 1024px\">\t\t\t\t\t\t\t\t\t\t\t\t\t\t\t<\/div>\n\t\t\t\t<div class=\"elementor-element elementor-element-d520a82 elementor-widget__width-initial elementor-widget elementor-widget-text-editor\" data-id=\"d520a82\" data-element_type=\"widget\" data-e-type=\"widget\" data-widget_type=\"text-editor.default\">\n\t\t\t\t\t\t\t\t\t<p style=\"text-align: center;\"><strong>Our salespeople will find a car that fits your description.<\/strong><\/p>\t\t\t\t\t\t\t\t<\/div>\n\t\t\t\t<\/div>\n\t\t<div class=\"elementor-element elementor-element-ee31fda e-con-full e-flex e-con e-child\" data-id=\"ee31fda\" data-element_type=\"container\" data-e-type=\"container\">\n\t\t\t\t<div class=\"elementor-element elementor-element-dbb8ce2 elementor-widget elementor-widget-image\" data-id=\"dbb8ce2\" data-element_type=\"widget\" data-e-type=\"widget\" data-widget_type=\"image.default\">\n\t\t\t\t\t\t\t\t\t\t\t\t\t\t\t<img loading=\"lazy\" decoding=\"async\" width=\"1024\" height=\"576\" src=\"https:\/\/www.niemibil.se\/wp-content\/uploads\/2024\/12\/Tobbe-hittar-bil-till-Markus-1024x576.webp\" class=\"attachment-large size-large wp-image-2190276\" alt=\"\" srcset=\"https:\/\/www.niemibil.se\/wp-content\/uploads\/2024\/12\/Tobbe-hittar-bil-till-Markus-1024x576.webp 1024w, https:\/\/www.niemibil.se\/wp-content\/uploads\/2024\/12\/Tobbe-hittar-bil-till-Markus-300x169.webp 300w, https:\/\/www.niemibil.se\/wp-content\/uploads\/2024\/12\/Tobbe-hittar-bil-till-Markus-768x432.webp 768w, https:\/\/www.niemibil.se\/wp-content\/uploads\/2024\/12\/Tobbe-hittar-bil-till-Markus-1536x864.webp 1536w, https:\/\/www.niemibil.se\/wp-content\/uploads\/2024\/12\/Tobbe-hittar-bil-till-Markus-18x10.webp 18w, https:\/\/www.niemibil.se\/wp-content\/uploads\/2024\/12\/Tobbe-hittar-bil-till-Markus.webp 1920w\" sizes=\"auto, (max-width: 1024px) 100vw, 1024px\">\t\t\t\t\t\t\t\t\t\t\t\t\t\t\t<\/div>\n\t\t\t\t<div class=\"elementor-element elementor-element-9b0bd1d elementor-widget__width-initial elementor-widget elementor-widget-text-editor\" data-id=\"9b0bd1d\" data-element_type=\"widget\" data-e-type=\"widget\" data-widget_type=\"text-editor.default\">\n\t\t\t\t\t\t\t\t\t<p style=\"text-align: center;\"><strong>As soon as we find something interesting, we will contact you.<\/strong><\/p>\t\t\t\t\t\t\t\t<\/div>\n\t\t\t\t<\/div>\n\t\t<div class=\"elementor-element elementor-element-5c7c8d8 e-con-full e-flex e-con e-child\" data-id=\"5c7c8d8\" data-element_type=\"container\" data-e-type=\"container\">\n\t\t\t\t<div class=\"elementor-element elementor-element-578d67d elementor-widget elementor-widget-image\" data-id=\"578d67d\" data-element_type=\"widget\" data-e-type=\"widget\" data-widget_type=\"image.default\">\n\t\t\t\t\t\t\t\t\t\t\t\t\t\t\t<img loading=\"lazy\" decoding=\"async\" width=\"1024\" height=\"576\" src=\"https:\/\/www.niemibil.se\/wp-content\/uploads\/2024\/12\/Tobbe-fortsatter-leta-1024x576.webp\" class=\"attachment-large size-large wp-image-2190275\" alt=\"\" srcset=\"https:\/\/www.niemibil.se\/wp-content\/uploads\/2024\/12\/Tobbe-fortsatter-leta-1024x576.webp 1024w, https:\/\/www.niemibil.se\/wp-content\/uploads\/2024\/12\/Tobbe-fortsatter-leta-300x169.webp 300w, https:\/\/www.niemibil.se\/wp-content\/uploads\/2024\/12\/Tobbe-fortsatter-leta-768x432.webp 768w, https:\/\/www.niemibil.se\/wp-content\/uploads\/2024\/12\/Tobbe-fortsatter-leta-1536x864.webp 1536w, https:\/\/www.niemibil.se\/wp-content\/uploads\/2024\/12\/Tobbe-fortsatter-leta-18x10.webp 18w, https:\/\/www.niemibil.se\/wp-content\/uploads\/2024\/12\/Tobbe-fortsatter-leta.webp 1920w\" sizes=\"auto, (max-width: 1024px) 100vw, 1024px\">\t\t\t\t\t\t\t\t\t\t\t\t\t\t\t<\/div>\n\t\t\t\t<div class=\"elementor-element elementor-element-611ea9f elementor-widget__width-initial elementor-widget elementor-widget-text-editor\" data-id=\"611ea9f\" data-element_type=\"widget\" data-e-type=\"widget\" data-widget_type=\"text-editor.default\">\n\t\t\t\t\t\t\t\t\t<p style=\"text-align: center;\"><strong>If it&#039;s not quite right, we&#039;ll keep looking!<\/strong><\/p>\t\t\t\t\t\t\t\t<\/div>\n\t\t\t\t<\/div>\n\t\t\t\t\t<\/div>\n\t\t\t\t<\/div>\n\t\t<div class=\"elementor-element elementor-element-5a7cf94 e-flex e-con-boxed e-con e-parent\" data-id=\"5a7cf94\" data-element_type=\"container\" data-e-type=\"container\">\n\t\t\t\t\t<div class=\"e-con-inner\">\n\t\t\t\t<div class=\"elementor-element elementor-element-2fbe182 elementor-widget elementor-widget-spacer\" data-id=\"2fbe182\" data-element_type=\"widget\" data-e-type=\"widget\" data-widget_type=\"spacer.default\">\n\t\t\t\t\t\t\t<div class=\"elementor-spacer\">\n\t\t\t<div class=\"elementor-spacer-inner\"><\/div>\n\t\t<\/div>\n\t\t\t\t\t\t<\/div>\n\t\t\t\t\t<\/div>\n\t\t\t\t<\/div>\n\t\t\t\t<\/div>","protected":false},"excerpt":{"rendered":"<p>Hitta din dr\u00f6mbil! Sv\u00e5rt att hitta precis den bil du dr\u00f6mmer om? Det \u00e4r mycket som ska st\u00e4mma n\u00e4r man letar ny bil &#8211; M\u00e4rke, modell, pris och mycket mer &#8211; och det kan vara sv\u00e5rt att h\u00e5lla koll p\u00e5 alla annonssidor samtidigt. Det \u00e4r d\u00e4r vi kommer in! Starta en bevakning h\u00e4r L\u00e5t oss [&hellip;]<\/p>\n","protected":false},"author":18,"featured_media":0,"parent":0,"menu_order":0,"comment_status":"closed","ping_status":"closed","template":"","meta":{"_acf_changed":false,"footnotes":""},"class_list":["post-2190159","page","type-page","status-publish","hentry"],"acf":[],"_links":{"self":[{"href":"https:\/\/www.niemibil.se\/en\/wp-json\/wp\/v2\/pages\/2190159","targetHints":{"allow":["GET"]}}],"collection":[{"href":"https:\/\/www.niemibil.se\/en\/wp-json\/wp\/v2\/pages"}],"about":[{"href":"https:\/\/www.niemibil.se\/en\/wp-json\/wp\/v2\/types\/page"}],"author":[{"embeddable":true,"href":"https:\/\/www.niemibil.se\/en\/wp-json\/wp\/v2\/users\/18"}],"replies":[{"embeddable":true,"href":"https:\/\/www.niemibil.se\/en\/wp-json\/wp\/v2\/comments?post=2190159"}],"version-history":[{"count":20,"href":"https:\/\/www.niemibil.se\/en\/wp-json\/wp\/v2\/pages\/2190159\/revisions"}],"predecessor-version":[{"id":2209707,"href":"https:\/\/www.niemibil.se\/en\/wp-json\/wp\/v2\/pages\/2190159\/revisions\/2209707"}],"wp:attachment":[{"href":"https:\/\/www.niemibil.se\/en\/wp-json\/wp\/v2\/media?parent=2190159"}],"curies":[{"name":"wp","href":"https:\/\/api.w.org\/{rel}","templated":true}]}}