{"id":2188266,"date":"2024-11-20T13:14:46","date_gmt":"2024-11-20T12:14:46","guid":{"rendered":"https:\/\/www.niemibil.se\/?page_id=2188266"},"modified":"2024-11-21T08:58:56","modified_gmt":"2024-11-21T07:58:56","slug":"subscribe","status":"publish","type":"page","link":"https:\/\/www.niemibil.se\/en\/subscribe\/","title":{"rendered":"Subscribe"},"content":{"rendered":"\t\t<div data-elementor-type=\"wp-page\" data-elementor-id=\"2188266\" class=\"elementor elementor-2188266\" data-elementor-post-type=\"page\">\n\t\t\t\t\t\t<section class=\"elementor-section elementor-top-section elementor-element elementor-element-c0b2a10 elementor-section-height-min-height elementor-section-boxed elementor-section-height-default elementor-section-items-middle\" data-id=\"c0b2a10\" data-element_type=\"section\" data-e-type=\"section\" data-settings=\"{&quot;background_background&quot;:&quot;classic&quot;}\">\n\t\t\t\t\t\t\t<div class=\"elementor-background-overlay\"><\/div>\n\t\t\t\t\t\t\t<div class=\"elementor-container elementor-column-gap-default\">\n\t\t\t\t\t<div class=\"elementor-column elementor-col-100 elementor-top-column elementor-element elementor-element-22d1266e\" data-id=\"22d1266e\" data-element_type=\"column\" data-e-type=\"column\">\n\t\t\t<div class=\"elementor-widget-wrap elementor-element-populated\">\n\t\t\t\t\t\t<div class=\"elementor-element elementor-element-7f0ed131 elementor-widget elementor-widget-heading\" data-id=\"7f0ed131\" data-element_type=\"widget\" data-e-type=\"widget\" data-widget_type=\"heading.default\">\n\t\t\t\t\t<h1 class=\"elementor-heading-title elementor-size-default\">Prenumerera p\u00e5 v\u00e5ra utskick!<\/h1>\t\t\t\t<\/div>\n\t\t\t\t<div class=\"elementor-element elementor-element-3961079 elementor-widget elementor-widget-spacer\" data-id=\"3961079\" data-element_type=\"widget\" data-e-type=\"widget\" data-widget_type=\"spacer.default\">\n\t\t\t\t\t\t\t<div class=\"elementor-spacer\">\n\t\t\t<div class=\"elementor-spacer-inner\"><\/div>\n\t\t<\/div>\n\t\t\t\t\t\t<\/div>\n\t\t\t\t<div class=\"elementor-element elementor-element-f93a68d elementor-widget elementor-widget-heading\" data-id=\"f93a68d\" data-element_type=\"widget\" data-e-type=\"widget\" data-widget_type=\"heading.default\">\n\t\t\t\t\t<h3 class=\"elementor-heading-title elementor-size-default\">I nyhetsbrevet varje vecka f\u00e5r du bland annat:<\/h3>\t\t\t\t<\/div>\n\t\t\t\t<div class=\"elementor-element elementor-element-4a698714 elementor-widget elementor-widget-text-editor\" data-id=\"4a698714\" data-element_type=\"widget\" data-e-type=\"widget\" data-widget_type=\"text-editor.default\">\n\t\t\t\t\t\t\t\t\t<ul><li style=\"text-align: left;\">Topplistan \u00f6ver veckans b\u00e4sta begagnade bilar<\/li><li style=\"text-align: left;\">Artiklar och annat l\u00e4sv\u00e4rt om bilar<\/li><li style=\"text-align: left;\">Kampanjer och erbjudanden<\/li><li style=\"text-align: left;\">Tips och trix f\u00f6r bilen och bil\u00e4garen (dig)<\/li><li style=\"text-align: left;\">Genomg\u00e5ng av bilar &#8211; \u00e4gandekostnad och funktioner<\/li><\/ul>\t\t\t\t\t\t\t\t<\/div>\n\t\t\t\t\t<\/div>\n\t\t<\/div>\n\t\t\t\t\t<\/div>\n\t\t<\/section>\n\t\t<div class=\"elementor-element elementor-element-de4a518 e-flex e-con-boxed e-con e-parent\" data-id=\"de4a518\" data-element_type=\"container\" data-e-type=\"container\">\n\t\t\t\t\t<div class=\"e-con-inner\">\n\t\t\t\t<div class=\"elementor-element elementor-element-94d87ad elementor-widget elementor-widget-spacer\" data-id=\"94d87ad\" data-element_type=\"widget\" data-e-type=\"widget\" data-widget_type=\"spacer.default\">\n\t\t\t\t\t\t\t<div class=\"elementor-spacer\">\n\t\t\t<div class=\"elementor-spacer-inner\"><\/div>\n\t\t<\/div>\n\t\t\t\t\t\t<\/div>\n\t\t\t\t\t<\/div>\n\t\t\t\t<\/div>\n\t\t<div class=\"elementor-element elementor-element-6481101 e-flex e-con-boxed e-con e-parent\" data-id=\"6481101\" data-element_type=\"container\" data-e-type=\"container\">\n\t\t\t\t\t<div class=\"e-con-inner\">\n\t\t<div class=\"elementor-element elementor-element-54015c3 e-con-full e-flex e-con e-child\" data-id=\"54015c3\" data-element_type=\"container\" data-e-type=\"container\">\n\t\t\t\t<div class=\"elementor-element elementor-element-4a28308 elementor-widget elementor-widget-heading\" data-id=\"4a28308\" data-element_type=\"widget\" data-e-type=\"widget\" data-widget_type=\"heading.default\">\n\t\t\t\t\t<h2 class=\"elementor-heading-title elementor-size-default\">Jag vill prenumerera!<\/h2>\t\t\t\t<\/div>\n\t\t\t\t<div class=\"elementor-element elementor-element-31ca000 elementor-widget elementor-widget-spacer\" data-id=\"31ca000\" data-element_type=\"widget\" data-e-type=\"widget\" data-widget_type=\"spacer.default\">\n\t\t\t\t\t\t\t<div class=\"elementor-spacer\">\n\t\t\t<div class=\"elementor-spacer-inner\"><\/div>\n\t\t<\/div>\n\t\t\t\t\t\t<\/div>\n\t\t\t\t<div class=\"elementor-element elementor-element-2035fbe elementor-widget elementor-widget-html\" data-id=\"2035fbe\" data-element_type=\"widget\" data-e-type=\"widget\" data-widget_type=\"html.default\">\n\t\t\t\t\t <style>\n        .grecaptcha-badge {display: none}\n        \n    .rulemailer-subscriber-form {\n      font-family: Lato, Avenir, sans-serif;\n      width: 312px;\n    }\n    .rulemailer-subscriber-form label {\n      display: inline-block;\n      font-weight: 700;\n      line-height: 20px;\n      letter-spacing: 0em;\n      color: #3F4752;\n      font-size: 14px;\n      margin-bottom: 8px\n    }\n    .rulemailer-subscriber-form input {\n      box-sizing: border-box;\n      display: block;\n      margin-bottom: 24px;\n      width: 100%;\n      border-radius: 8px;\n      padding: 9px 12px;\n      border: 1px solid #E7E9EE;\n      font-size: 14px;\n      font-weight: 400;\n      line-height: 20px;\n      letter-spacing: 0em;\n      color: #0F0F1F;\n    }\n    .rulemailer-subscriber-form input:focus {\n      outline: none;\n      border-color: #3A36DB;\n    }\n    .rulemailer-subscriber-form input[type='checkbox'] {\n      display: inline-block;\n      width: auto;\n      margin-right: 10px;\n    }\n    .rulemailer-subscriber-form button {\n      display: block;\n      width: 100%;\n      margin-top: 20px;\n      background: #D81132;\n      color: #fff;\n      line-height: 1.33;\n      font-size: 14px;\n      padding: 3px 16px;\n      height: 40px;\n      cursor: pointer;\n      border-radius: 8px;\n      border: 0;\n      box-shadow: 0px 1px 1px rgba(0, 0, 0, 0.08), 0px 2px 5px rgba(0, 0, 0, 0.12), inset 0px -1px 1px rgba(0, 0, 0, 0.16);\n      font-size: 14px;\n      font-weight: 400;\n      line-height: 20px;\n      letter-spacing: 0em;\n      text-align: center;\n\n    }\n    .rulemailer-subscriber-form button:hover {\n      background: #D81132;\n      color: #fff;\n    }\n    .rulemailer-subscriber-form button:active {\n      background: #D81132;\n      color: #fff;\n    }\n    .rulemailer-email-check {\n      display: none !important;\n    }\n\n      <\/style><script src=\"https:\/\/www.google.com\/recaptcha\/api.js\" async defer><\/script><div class=\"rulemailer-subscriber-form\"><form id=\"rule-optin-form\" action=\"https:\/\/app.rule.io\/subscriber-form\/subscriber\" method=\"POST\"><input type=\"hidden\" value=\"162325\" name=\"tags[]\"><input type=\"hidden\" value=\"165243\" name=\"tags[]\"><input type=\"hidden\" value=\"165186\" name=\"tags[]\"><input type=\"hidden\" name=\"token\" value=\"5c607b0c-8df376d-4c5182c-b92d688-0aae3ee-5da\"><label>E-post<\/label><input type='email' placeholder='E-post' name='rule_email' required><div><input type=\"checkbox\" name=\"confirmation\" required><span>Jag samtycker till att Niemi Bil lagrar mina uppgifter och ger dem till\u00e5telse att g\u00f6ra utskick till mig <\/span><a style=\"cursor: pointer;\" href='https:\/\/www.niemibil.se\/integritetspolicy\/' target='_blank'>Integritetspolicy<\/a><\/div><label class=\"rulemailer-email-check\">Are you a machine?<\/label><input type=\"checkbox\" name=\"email_field\" class=\"rulemailer-email-check\" value=\"1\" tabindex=\"-1\" autocomplete=\"off\"><input type=\"hidden\" name=\"language\" value=\"111\"><button class=\"g-recaptcha\" data-sitekey=\"6LfbPnAUAAAAACqfb_YCtJi7RY0WkK-1T4b9cUO8\" data-callback='submitRuleOptin'>Ge mig nyhetsbrev och erbjudanden!<\/button><\/form><\/div><script>function submitRuleOptin(token) {document.getElementById(\"rule-optin-form\").submit();}<\/script> \t\t\t\t<\/div>\n\t\t\t\t<\/div>\n\t\t<div class=\"elementor-element elementor-element-db26f47 e-con-full e-flex e-con e-child\" data-id=\"db26f47\" data-element_type=\"container\" data-e-type=\"container\">\n\t\t\t\t<div class=\"elementor-element elementor-element-ff2db62 elementor-widget elementor-widget-image\" data-id=\"ff2db62\" data-element_type=\"widget\" data-e-type=\"widget\" data-widget_type=\"image.default\">\n\t\t\t\t\t\t\t\t\t\t\t\t\t\t\t<img loading=\"lazy\" decoding=\"async\" width=\"1024\" height=\"576\" src=\"https:\/\/www.niemibil.se\/wp-content\/uploads\/2024\/11\/Nyhetsbrev-OMSLAG-1024x576.webp\" class=\"attachment-large size-large wp-image-2187315\" alt=\"\" srcset=\"https:\/\/www.niemibil.se\/wp-content\/uploads\/2024\/11\/Nyhetsbrev-OMSLAG-1024x576.webp 1024w, https:\/\/www.niemibil.se\/wp-content\/uploads\/2024\/11\/Nyhetsbrev-OMSLAG-300x169.webp 300w, https:\/\/www.niemibil.se\/wp-content\/uploads\/2024\/11\/Nyhetsbrev-OMSLAG-768x432.webp 768w, https:\/\/www.niemibil.se\/wp-content\/uploads\/2024\/11\/Nyhetsbrev-OMSLAG-1536x864.webp 1536w, https:\/\/www.niemibil.se\/wp-content\/uploads\/2024\/11\/Nyhetsbrev-OMSLAG-18x10.webp 18w, https:\/\/www.niemibil.se\/wp-content\/uploads\/2024\/11\/Nyhetsbrev-OMSLAG.webp 1920w\" sizes=\"auto, (max-width: 1024px) 100vw, 1024px\">\t\t\t\t\t\t\t\t\t\t\t\t\t\t\t<\/div>\n\t\t\t\t<\/div>\n\t\t\t\t\t<\/div>\n\t\t\t\t<\/div>\n\t\t<div class=\"elementor-element elementor-element-1c9bd15 e-flex e-con-boxed e-con e-parent\" data-id=\"1c9bd15\" data-element_type=\"container\" data-e-type=\"container\">\n\t\t\t\t\t<div class=\"e-con-inner\">\n\t\t\t\t<div class=\"elementor-element elementor-element-0f25f6d elementor-widget elementor-widget-spacer\" data-id=\"0f25f6d\" data-element_type=\"widget\" data-e-type=\"widget\" data-widget_type=\"spacer.default\">\n\t\t\t\t\t\t\t<div class=\"elementor-spacer\">\n\t\t\t<div class=\"elementor-spacer-inner\"><\/div>\n\t\t<\/div>\n\t\t\t\t\t\t<\/div>\n\t\t\t\t\t<\/div>\n\t\t\t\t<\/div>\n\t\t\t\t<\/div>\n\t\t","protected":false},"excerpt":{"rendered":"<p>Prenumerera p\u00e5 v\u00e5ra utskick! I nyhetsbrevet varje vecka f\u00e5r du bland annat: Topplistan \u00f6ver veckans b\u00e4sta begagnade bilar Artiklar och annat l\u00e4sv\u00e4rt om bilar Kampanjer och erbjudanden Tips och trix f\u00f6r bilen och bil\u00e4garen (dig) Genomg\u00e5ng av bilar &#8211; \u00e4gandekostnad och funktioner Jag vill prenumerera! E-postJag samtycker till att Niemi Bil lagrar mina uppgifter och [&hellip;]<\/p>\n","protected":false},"author":18,"featured_media":5602,"parent":0,"menu_order":0,"comment_status":"closed","ping_status":"closed","template":"","meta":{"_acf_changed":false,"footnotes":""},"class_list":["post-2188266","page","type-page","status-publish","has-post-thumbnail","hentry"],"acf":[],"_links":{"self":[{"href":"https:\/\/www.niemibil.se\/en\/wp-json\/wp\/v2\/pages\/2188266","targetHints":{"allow":["GET"]}}],"collection":[{"href":"https:\/\/www.niemibil.se\/en\/wp-json\/wp\/v2\/pages"}],"about":[{"href":"https:\/\/www.niemibil.se\/en\/wp-json\/wp\/v2\/types\/page"}],"author":[{"embeddable":true,"href":"https:\/\/www.niemibil.se\/en\/wp-json\/wp\/v2\/users\/18"}],"replies":[{"embeddable":true,"href":"https:\/\/www.niemibil.se\/en\/wp-json\/wp\/v2\/comments?post=2188266"}],"version-history":[{"count":20,"href":"https:\/\/www.niemibil.se\/en\/wp-json\/wp\/v2\/pages\/2188266\/revisions"}],"predecessor-version":[{"id":2188393,"href":"https:\/\/www.niemibil.se\/en\/wp-json\/wp\/v2\/pages\/2188266\/revisions\/2188393"}],"wp:featuredmedia":[{"embeddable":true,"href":"https:\/\/www.niemibil.se\/en\/wp-json\/wp\/v2\/media\/5602"}],"wp:attachment":[{"href":"https:\/\/www.niemibil.se\/en\/wp-json\/wp\/v2\/media?parent=2188266"}],"curies":[{"name":"wp","href":"https:\/\/api.w.org\/{rel}","templated":true}]}}