{"id":2187309,"date":"2024-11-18T08:20:58","date_gmt":"2024-11-18T07:20:58","guid":{"rendered":"https:\/\/www.niemibil.se\/?page_id=2187309"},"modified":"2024-11-18T10:10:08","modified_gmt":"2024-11-18T09:10:08","slug":"abdicate","status":"publish","type":"page","link":"https:\/\/www.niemibil.se\/en\/abdicate\/","title":{"rendered":"Deregistration landing"},"content":{"rendered":"<div data-elementor-type=\"wp-page\" data-elementor-id=\"2187309\" class=\"elementor elementor-2187309\" data-elementor-post-type=\"page\">\n\t\t\t\t\t\t<section class=\"elementor-section elementor-top-section elementor-element elementor-element-c0b2a10 elementor-section-height-min-height elementor-section-boxed elementor-section-height-default elementor-section-items-middle\" data-id=\"c0b2a10\" data-element_type=\"section\" data-e-type=\"section\" data-settings=\"{&quot;background_background&quot;:&quot;classic&quot;}\">\n\t\t\t\t\t\t\t<div class=\"elementor-background-overlay\"><\/div>\n\t\t\t\t\t\t\t<div class=\"elementor-container elementor-column-gap-default\">\n\t\t\t\t\t<div class=\"elementor-column elementor-col-100 elementor-top-column elementor-element elementor-element-22d1266e\" data-id=\"22d1266e\" data-element_type=\"column\" data-e-type=\"column\">\n\t\t\t<div class=\"elementor-widget-wrap elementor-element-populated\">\n\t\t\t\t\t\t<div class=\"elementor-element elementor-element-7f0ed131 elementor-widget elementor-widget-heading\" data-id=\"7f0ed131\" data-element_type=\"widget\" data-e-type=\"widget\" data-widget_type=\"heading.default\">\n\t\t\t\t\t<h1 class=\"elementor-heading-title elementor-size-default\">Sad that you are leaving us!<\/h1>\t\t\t\t<\/div>\n\t\t\t\t<div class=\"elementor-element elementor-element-4a698714 elementor-widget elementor-widget-text-editor\" data-id=\"4a698714\" data-element_type=\"widget\" data-e-type=\"widget\" data-widget_type=\"text-editor.default\">\n\t\t\t\t\t\t\t\t\t<p>You have been unsubscribed from our mailing list and will no longer receive messages, offers, information and other communications from us at Niemi Bil. We hope to see you again soon!<\/p>\n<p>Did you click wrong? No problem, you can always start over!<\/p>\t\t\t\t\t\t\t\t<\/div>\n\t\t\t\t<div class=\"elementor-element elementor-element-2b09e85a elementor-align-center button-320 elementor-widget elementor-widget-button\" data-id=\"2b09e85a\" data-element_type=\"widget\" data-e-type=\"widget\" data-widget_type=\"button.default\">\n\t\t\t\t\t\t\t\t\t\t<a class=\"elementor-button elementor-size-sm\" role=\"button\">\n\t\t\t\t\t\t<span class=\"elementor-button-content-wrapper\">\n\t\t\t\t\t\t\t\t\t<span class=\"elementor-button-text\">I want to subscribe again!<\/span>\n\t\t\t\t\t<\/span>\n\t\t\t\t\t<\/a>\n\t\t\t\t\t\t\t\t<\/div>\n\t\t\t\t\t<\/div>\n\t\t<\/div>\n\t\t\t\t\t<\/div>\n\t\t<\/section>\n\t\t\t\t<section class=\"elementor-section elementor-top-section elementor-element elementor-element-790e9a2 elementor-section-boxed elementor-section-height-default elementor-section-height-default\" data-id=\"790e9a2\" data-element_type=\"section\" data-e-type=\"section\">\n\t\t\t\t\t\t<div class=\"elementor-container elementor-column-gap-default\">\n\t\t\t\t\t<div class=\"elementor-column elementor-col-100 elementor-top-column elementor-element elementor-element-38bd20c\" data-id=\"38bd20c\" data-element_type=\"column\" data-e-type=\"column\">\n\t\t\t<div class=\"elementor-widget-wrap elementor-element-populated\">\n\t\t\t\t\t\t<div class=\"elementor-element elementor-element-6db2126b elementor-widget elementor-widget-heading\" data-id=\"6db2126b\" data-element_type=\"widget\" data-e-type=\"widget\" data-widget_type=\"heading.default\">\n\t\t\t\t\t<h2 class=\"elementor-heading-title elementor-size-default\">What you miss if you cancel your subscription:<\/h2>\t\t\t\t<\/div>\n\t\t\t\t<div class=\"elementor-element elementor-element-85b7f4f elementor-widget elementor-widget-spacer\" data-id=\"85b7f4f\" data-element_type=\"widget\" data-e-type=\"widget\" data-widget_type=\"spacer.default\">\n\t\t\t\t\t\t\t<div class=\"elementor-spacer\">\n\t\t\t<div class=\"elementor-spacer-inner\"><\/div>\n\t\t<\/div>\n\t\t\t\t\t\t<\/div>\n\t\t\t\t\t<\/div>\n\t\t<\/div>\n\t\t\t\t\t<\/div>\n\t\t<\/section>\n\t\t<div class=\"elementor-element elementor-element-ab8c8f1 e-flex e-con-boxed e-con e-parent\" data-id=\"ab8c8f1\" data-element_type=\"container\" data-e-type=\"container\">\n\t\t\t\t\t<div class=\"e-con-inner\">\n\t\t<div class=\"elementor-element elementor-element-82b9c4b e-con-full e-flex e-con e-child\" data-id=\"82b9c4b\" data-element_type=\"container\" data-e-type=\"container\">\n\t\t\t\t<div class=\"elementor-element elementor-element-9d167ac elementor-widget elementor-widget-image\" data-id=\"9d167ac\" data-element_type=\"widget\" data-e-type=\"widget\" data-widget_type=\"image.default\">\n\t\t\t\t\t\t\t\t\t\t\t\t\t\t\t<img decoding=\"async\" src=\"https:\/\/www.niemibil.se\/wp-content\/uploads\/elementor\/thumbs\/Nyhetsbrev-OMSLAG-qwyauf544yo4zpbgi91ydzpohc3dfstjbwnyb6ndeo.webp\" title=\"Newsletter COVER\" alt=\"Newsletter COVER\" loading=\"lazy\" \/>\t\t\t\t\t\t\t\t\t\t\t\t\t\t\t<\/div>\n\t\t\t\t<\/div>\n\t\t<div class=\"elementor-element elementor-element-d1b937f e-con-full e-flex e-con e-child\" data-id=\"d1b937f\" data-element_type=\"container\" data-e-type=\"container\">\n\t\t\t\t<div class=\"elementor-element elementor-element-a004915 elementor-widget elementor-widget-heading\" data-id=\"a004915\" data-element_type=\"widget\" data-e-type=\"widget\" data-widget_type=\"heading.default\">\n\t\t\t\t\t<h3 class=\"elementor-heading-title elementor-size-default\">Weekly Newsletter<\/h3>\t\t\t\t<\/div>\n\t\t\t\t<div class=\"elementor-element elementor-element-2b6f5b6 elementor-widget elementor-widget-spacer\" data-id=\"2b6f5b6\" data-element_type=\"widget\" data-e-type=\"widget\" data-widget_type=\"spacer.default\">\n\t\t\t\t\t\t\t<div class=\"elementor-spacer\">\n\t\t\t<div class=\"elementor-spacer-inner\"><\/div>\n\t\t<\/div>\n\t\t\t\t\t\t<\/div>\n\t\t\t\t<div class=\"elementor-element elementor-element-bcc80e3 elementor-widget elementor-widget-text-editor\" data-id=\"bcc80e3\" data-element_type=\"widget\" data-e-type=\"widget\" data-widget_type=\"text-editor.default\">\n\t\t\t\t\t\t\t\t\t<p>In Niemi Bil&#039;s newsletter, we update you as a reader about what has happened during the week. You will receive information about current offers and find out what will happen in the near future. In addition, there are lots of tips, articles and other fun things that our marketing department has in store for you.<\/p>\n<p>In addition, we always take a closer look at the most interesting used cars in stock at the moment!<\/p>\t\t\t\t\t\t\t\t<\/div>\n\t\t\t\t<\/div>\n\t\t\t\t\t<\/div>\n\t\t\t\t<\/div>\n\t\t<div class=\"elementor-element elementor-element-0c1f755 e-flex e-con-boxed e-con e-parent\" data-id=\"0c1f755\" data-element_type=\"container\" data-e-type=\"container\">\n\t\t\t\t\t<div class=\"e-con-inner\">\n\t\t<div class=\"elementor-element elementor-element-6a92480 e-con-full e-flex e-con e-child\" data-id=\"6a92480\" data-element_type=\"container\" data-e-type=\"container\">\n\t\t\t\t<div class=\"elementor-element elementor-element-8fd3bfc elementor-widget elementor-widget-image\" data-id=\"8fd3bfc\" data-element_type=\"widget\" data-e-type=\"widget\" data-widget_type=\"image.default\">\n\t\t\t\t\t\t\t\t\t\t\t\t\t\t\t<img loading=\"lazy\" decoding=\"async\" width=\"521\" height=\"521\" src=\"https:\/\/www.niemibil.se\/wp-content\/uploads\/2024\/11\/infobild.webp\" class=\"attachment-large size-large wp-image-2187321\" alt=\"\" srcset=\"https:\/\/www.niemibil.se\/wp-content\/uploads\/2024\/11\/infobild.webp 521w, https:\/\/www.niemibil.se\/wp-content\/uploads\/2024\/11\/infobild-300x300.webp 300w, https:\/\/www.niemibil.se\/wp-content\/uploads\/2024\/11\/infobild-150x150.webp 150w, https:\/\/www.niemibil.se\/wp-content\/uploads\/2024\/11\/infobild-12x12.webp 12w\" sizes=\"auto, (max-width: 521px) 100vw, 521px\">\t\t\t\t\t\t\t\t\t\t\t\t\t\t\t<\/div>\n\t\t\t\t<\/div>\n\t\t<div class=\"elementor-element elementor-element-0f43882 e-con-full e-flex e-con e-child\" data-id=\"0f43882\" data-element_type=\"container\" data-e-type=\"container\">\n\t\t\t\t<div class=\"elementor-element elementor-element-596683e elementor-widget elementor-widget-heading\" data-id=\"596683e\" data-element_type=\"widget\" data-e-type=\"widget\" data-widget_type=\"heading.default\">\n\t\t\t\t\t<h3 class=\"elementor-heading-title elementor-size-default\">Offers<\/h3>\t\t\t\t<\/div>\n\t\t\t\t<div class=\"elementor-element elementor-element-13342db elementor-widget elementor-widget-text-editor\" data-id=\"13342db\" data-element_type=\"widget\" data-e-type=\"widget\" data-widget_type=\"text-editor.default\">\n\t\t\t\t\t\t\t\t\t<p>As an existing customer, we may want to send you offers and invitations. This is something we can do when you subscribe or have given us permission to contact you.<\/p>\t\t\t\t\t\t\t\t<\/div>\n\t\t\t\t<\/div>\n\t\t<div class=\"elementor-element elementor-element-9fe3130 e-con-full e-flex e-con e-child\" data-id=\"9fe3130\" data-element_type=\"container\" data-e-type=\"container\">\n\t\t\t\t<div class=\"elementor-element elementor-element-5e6e039 elementor-widget elementor-widget-image\" data-id=\"5e6e039\" data-element_type=\"widget\" data-e-type=\"widget\" data-widget_type=\"image.default\">\n\t\t\t\t\t\t\t\t\t\t\t\t\t\t\t<img decoding=\"async\" src=\"https:\/\/www.niemibil.se\/wp-content\/plugins\/elementor\/assets\/images\/placeholder.png\" title=\"\" alt=\"\" loading=\"lazy\">\t\t\t\t\t\t\t\t\t\t\t\t\t\t\t<\/div>\n\t\t\t\t<\/div>\n\t\t<div class=\"elementor-element elementor-element-bc32658 e-con-full e-flex e-con e-child\" data-id=\"bc32658\" data-element_type=\"container\" data-e-type=\"container\">\n\t\t\t\t<div class=\"elementor-element elementor-element-4e15f60 elementor-widget elementor-widget-heading\" data-id=\"4e15f60\" data-element_type=\"widget\" data-e-type=\"widget\" data-widget_type=\"heading.default\">\n\t\t\t\t\t<h3 class=\"elementor-heading-title elementor-size-default\">Reminders<\/h3>\t\t\t\t<\/div>\n\t\t\t\t<div class=\"elementor-element elementor-element-8cfbccf elementor-widget elementor-widget-text-editor\" data-id=\"8cfbccf\" data-element_type=\"widget\" data-e-type=\"widget\" data-widget_type=\"text-editor.default\">\n\t\t\t\t\t\t\t\t\t<p>If you have booked a service appointment, tire change or any other service from us, we can only send you reminders if we have your approval to continue sending them.<\/p>\t\t\t\t\t\t\t\t<\/div>\n\t\t\t\t<\/div>\n\t\t<div class=\"elementor-element elementor-element-a655986 e-con-full e-flex e-con e-child\" data-id=\"a655986\" data-element_type=\"container\" data-e-type=\"container\">\n\t\t\t\t<div class=\"elementor-element elementor-element-03e487b elementor-widget elementor-widget-image\" data-id=\"03e487b\" data-element_type=\"widget\" data-e-type=\"widget\" data-widget_type=\"image.default\">\n\t\t\t\t\t\t\t\t\t\t\t\t\t\t\t<img loading=\"lazy\" decoding=\"async\" width=\"521\" height=\"521\" src=\"https:\/\/www.niemibil.se\/wp-content\/uploads\/2024\/11\/3.webp\" class=\"attachment-large size-large wp-image-2187335\" alt=\"\" srcset=\"https:\/\/www.niemibil.se\/wp-content\/uploads\/2024\/11\/3.webp 521w, https:\/\/www.niemibil.se\/wp-content\/uploads\/2024\/11\/3-300x300.webp 300w, https:\/\/www.niemibil.se\/wp-content\/uploads\/2024\/11\/3-150x150.webp 150w, https:\/\/www.niemibil.se\/wp-content\/uploads\/2024\/11\/3-12x12.webp 12w\" sizes=\"auto, (max-width: 521px) 100vw, 521px\">\t\t\t\t\t\t\t\t\t\t\t\t\t\t\t<\/div>\n\t\t\t\t<\/div>\n\t\t<div class=\"elementor-element elementor-element-2067345 e-con-full e-flex e-con e-child\" data-id=\"2067345\" data-element_type=\"container\" data-e-type=\"container\">\n\t\t\t\t<div class=\"elementor-element elementor-element-da58207 elementor-widget elementor-widget-heading\" data-id=\"da58207\" data-element_type=\"widget\" data-e-type=\"widget\" data-widget_type=\"heading.default\">\n\t\t\t\t\t<h3 class=\"elementor-heading-title elementor-size-default\">Offers<\/h3>\t\t\t\t<\/div>\n\t\t\t\t<div class=\"elementor-element elementor-element-952f732 elementor-widget elementor-widget-text-editor\" data-id=\"952f732\" data-element_type=\"widget\" data-e-type=\"widget\" data-widget_type=\"text-editor.default\">\n\t\t\t\t\t\t\t\t\t<p>As an existing customer, we may want to send you offers and invitations. This is something we can do when you subscribe or have given us permission to contact you.<\/p>\t\t\t\t\t\t\t\t<\/div>\n\t\t\t\t<\/div>\n\t\t\t\t\t<\/div>\n\t\t\t\t<\/div>\n\t\t\t\t<\/div>","protected":false},"excerpt":{"rendered":"<p>Tr\u00e5kigt att du l\u00e4mnar oss! Du har avregistrerats fr\u00e5n v\u00e5ra utskick och kommer inte l\u00e4ngre motta meddelanden, erbjudanden information och annan kommunikation fr\u00e5n oss p\u00e5 Niemi Bil. Vi hoppas att vi f\u00e5r se dig snart igen! Klickade du fel? Ingen fara, du kan alltid b\u00f6rja om! Jag vill prenumerera igen! Vad du missar om du [&hellip;]<\/p>\n","protected":false},"author":18,"featured_media":5602,"parent":0,"menu_order":0,"comment_status":"closed","ping_status":"closed","template":"","meta":{"_acf_changed":false,"footnotes":""},"class_list":["post-2187309","page","type-page","status-publish","has-post-thumbnail","hentry"],"acf":[],"_links":{"self":[{"href":"https:\/\/www.niemibil.se\/en\/wp-json\/wp\/v2\/pages\/2187309","targetHints":{"allow":["GET"]}}],"collection":[{"href":"https:\/\/www.niemibil.se\/en\/wp-json\/wp\/v2\/pages"}],"about":[{"href":"https:\/\/www.niemibil.se\/en\/wp-json\/wp\/v2\/types\/page"}],"author":[{"embeddable":true,"href":"https:\/\/www.niemibil.se\/en\/wp-json\/wp\/v2\/users\/18"}],"replies":[{"embeddable":true,"href":"https:\/\/www.niemibil.se\/en\/wp-json\/wp\/v2\/comments?post=2187309"}],"version-history":[{"count":20,"href":"https:\/\/www.niemibil.se\/en\/wp-json\/wp\/v2\/pages\/2187309\/revisions"}],"predecessor-version":[{"id":2188017,"href":"https:\/\/www.niemibil.se\/en\/wp-json\/wp\/v2\/pages\/2187309\/revisions\/2188017"}],"wp:featuredmedia":[{"embeddable":true,"href":"https:\/\/www.niemibil.se\/en\/wp-json\/wp\/v2\/media\/5602"}],"wp:attachment":[{"href":"https:\/\/www.niemibil.se\/en\/wp-json\/wp\/v2\/media?parent=2187309"}],"curies":[{"name":"wp","href":"https:\/\/api.w.org\/{rel}","templated":true}]}}