{"id":2186,"date":"2020-10-01T08:00:04","date_gmt":"2020-10-01T08:00:04","guid":{"rendered":"https:\/\/www.niemibil.se\/?page_id=2186"},"modified":"2026-01-07T09:32:15","modified_gmt":"2026-01-07T08:32:15","slug":"about-niemi-bil","status":"publish","type":"page","link":"https:\/\/www.niemibil.se\/en\/about-niemi-bil\/","title":{"rendered":"About Niemi Bil"},"content":{"rendered":"<div data-elementor-type=\"wp-page\" data-elementor-id=\"2186\" class=\"elementor elementor-2186\" data-elementor-post-type=\"page\">\n\t\t\t\t\t\t<section class=\"elementor-section elementor-top-section elementor-element elementor-element-7aae2d92 elementor-section-height-min-height elementor-section-boxed elementor-section-height-default elementor-section-items-middle\" data-id=\"7aae2d92\" data-element_type=\"section\" data-e-type=\"section\" data-settings=\"{&quot;background_background&quot;:&quot;classic&quot;}\">\n\t\t\t\t\t\t\t<div class=\"elementor-background-overlay\"><\/div>\n\t\t\t\t\t\t\t<div class=\"elementor-container elementor-column-gap-default\">\n\t\t\t\t\t<div class=\"elementor-column elementor-col-100 elementor-top-column elementor-element elementor-element-59a2c4c0\" data-id=\"59a2c4c0\" data-element_type=\"column\" data-e-type=\"column\">\n\t\t\t<div class=\"elementor-widget-wrap elementor-element-populated\">\n\t\t\t\t\t\t<div class=\"elementor-element elementor-element-5be33610 elementor-widget elementor-widget-heading\" data-id=\"5be33610\" data-element_type=\"widget\" data-e-type=\"widget\" data-widget_type=\"heading.default\">\n\t\t\t\t\t<h1 class=\"elementor-heading-title elementor-size-default\">A family business that strives for Sweden&#039;s most satisfied customers<\/h1>\t\t\t\t<\/div>\n\t\t\t\t<div class=\"elementor-element elementor-element-77737 elementor-widget elementor-widget-text-editor\" data-id=\"77737\" data-element_type=\"widget\" data-e-type=\"widget\" data-widget_type=\"text-editor.default\">\n\t\t\t\t\t\t\t\t\t<p>Niemi Bil loves helping people and making them happy. You are our driving force at work, just as we are your driving force on the roads.<\/p>\t\t\t\t\t\t\t\t<\/div>\n\t\t\t\t<div class=\"elementor-element elementor-element-426e4d80 elementor-align-center elementor-mobile-align-justify elementor-widget elementor-widget-button\" data-id=\"426e4d80\" data-element_type=\"widget\" data-e-type=\"widget\" data-widget_type=\"button.default\">\n\t\t\t\t\t\t\t\t\t\t<a class=\"elementor-button elementor-button-link elementor-size-sm\" href=\"https:\/\/www.niemibil.se\/en\/career\/\">\n\t\t\t\t\t\t<span class=\"elementor-button-content-wrapper\">\n\t\t\t\t\t\t\t\t\t<span class=\"elementor-button-text\">Read more about working with us<\/span>\n\t\t\t\t\t<\/span>\n\t\t\t\t\t<\/a>\n\t\t\t\t\t\t\t\t<\/div>\n\t\t\t\t\t<\/div>\n\t\t<\/div>\n\t\t\t\t\t<\/div>\n\t\t<\/section>\n\t\t\t\t<section class=\"elementor-section elementor-top-section elementor-element elementor-element-1328e7d2 elementor-section-boxed elementor-section-height-default elementor-section-height-default\" data-id=\"1328e7d2\" data-element_type=\"section\" data-e-type=\"section\">\n\t\t\t\t\t\t<div class=\"elementor-container elementor-column-gap-default\">\n\t\t\t\t\t<div class=\"elementor-column elementor-col-100 elementor-top-column elementor-element elementor-element-78ae5231\" data-id=\"78ae5231\" data-element_type=\"column\" data-e-type=\"column\">\n\t\t\t<div class=\"elementor-widget-wrap elementor-element-populated\">\n\t\t\t\t\t\t<div class=\"elementor-element elementor-element-71446cf8 elementor-widget elementor-widget-heading\" data-id=\"71446cf8\" data-element_type=\"widget\" data-e-type=\"widget\" data-widget_type=\"heading.default\">\n\t\t\t\t\t<h2 class=\"elementor-heading-title elementor-size-default\">We want to give you the best car ownership experience.<\/h2>\t\t\t\t<\/div>\n\t\t\t\t<div class=\"elementor-element elementor-element-6741c710 elementor-widget elementor-widget-text-editor\" data-id=\"6741c710\" data-element_type=\"widget\" data-e-type=\"widget\" data-widget_type=\"text-editor.default\">\n\t\t\t\t\t\t\t\t\t<p>Here you will meet passionate people who care about making sure you find the right one \u2013 whether you are buying your first car or repairing an old one. We know that this is how we create long-lasting relationships with our customers.<\/p>\t\t\t\t\t\t\t\t<\/div>\n\t\t\t\t\t<\/div>\n\t\t<\/div>\n\t\t\t\t\t<\/div>\n\t\t<\/section>\n\t\t\t\t<section class=\"elementor-section elementor-top-section elementor-element elementor-element-e1ea6b0 elementor-section-boxed elementor-section-height-default elementor-section-height-default\" data-id=\"e1ea6b0\" data-element_type=\"section\" data-e-type=\"section\">\n\t\t\t\t\t\t<div class=\"elementor-container elementor-column-gap-default\">\n\t\t\t\t\t<div class=\"elementor-column elementor-col-100 elementor-top-column elementor-element elementor-element-24e2279\" data-id=\"24e2279\" data-element_type=\"column\" data-e-type=\"column\">\n\t\t\t<div class=\"elementor-widget-wrap elementor-element-populated\">\n\t\t\t\t\t\t<div class=\"elementor-element elementor-element-191bddb elementor-widget elementor-widget-image\" data-id=\"191bddb\" data-element_type=\"widget\" data-e-type=\"widget\" data-widget_type=\"image.default\">\n\t\t\t\t\t\t\t\t\t\t\t\t\t\t\t<img loading=\"lazy\" decoding=\"async\" width=\"1640\" height=\"993\" src=\"https:\/\/www.niemibil.se\/wp-content\/uploads\/2020\/11\/NiemiBil-basket.jpg\" class=\"attachment-full size-full wp-image-8844\" alt=\"\" srcset=\"https:\/\/www.niemibil.se\/wp-content\/uploads\/2020\/11\/NiemiBil-basket.jpg 1640w, https:\/\/www.niemibil.se\/wp-content\/uploads\/2020\/11\/NiemiBil-basket-300x182.jpg 300w, https:\/\/www.niemibil.se\/wp-content\/uploads\/2020\/11\/NiemiBil-basket-1024x620.jpg 1024w, https:\/\/www.niemibil.se\/wp-content\/uploads\/2020\/11\/NiemiBil-basket-768x465.jpg 768w, https:\/\/www.niemibil.se\/wp-content\/uploads\/2020\/11\/NiemiBil-basket-1536x930.jpg 1536w\" sizes=\"auto, (max-width: 1640px) 100vw, 1640px\">\t\t\t\t\t\t\t\t\t\t\t\t\t\t\t<\/div>\n\t\t\t\t<div class=\"elementor-element elementor-element-ef3d498 elementor-widget__width-initial elementor-widget elementor-widget-text-editor\" data-id=\"ef3d498\" data-element_type=\"widget\" data-e-type=\"widget\" data-widget_type=\"text-editor.default\">\n\t\t\t\t\t\t\t\t\t<p>&quot;Sports and culture develop people and society. It gives us good values and teaches us to work together. We at Niemi Bil are proud and humbled to be able to contribute to fantastic organizations like Lule\u00e5 Hockey, Lule\u00e5 Basket and VildaKidz. They create a richer Lule\u00e5 and Norr- and V\u00e4sterbotten.&quot;<\/p>\t\t\t\t\t\t\t\t<\/div>\n\t\t\t\t<div class=\"elementor-element elementor-element-432b4284 elementor-widget elementor-widget-heading\" data-id=\"432b4284\" data-element_type=\"widget\" data-e-type=\"widget\" data-widget_type=\"heading.default\">\n\t\t\t\t\t<h3 class=\"elementor-heading-title elementor-size-default\">A bigger heart<\/h3>\t\t\t\t<\/div>\n\t\t\t\t<div class=\"elementor-element elementor-element-6fa1cff4 elementor-widget__width-initial elementor-widget elementor-widget-text-editor\" data-id=\"6fa1cff4\" data-element_type=\"widget\" data-e-type=\"widget\" data-widget_type=\"text-editor.default\">\n\t\t\t\t\t\t\t\t\t<p>Niemi Bil wants to be a positive force in society. We support sports, culture and youth. It is our way of giving back to the areas that have shaped us, and ultimately contribute to building an even better tomorrow.<\/p>\t\t\t\t\t\t\t\t<\/div>\n\t\t\t\t\t<\/div>\n\t\t<\/div>\n\t\t\t\t\t<\/div>\n\t\t<\/section>\n\t\t\t\t<section class=\"elementor-section elementor-inner-section elementor-element elementor-element-697174 elementor-section-boxed elementor-section-height-default elementor-section-height-default\" data-id=\"697174\" data-element_type=\"section\" data-e-type=\"section\">\n\t\t\t\t\t\t<div class=\"elementor-container elementor-column-gap-default\">\n\t\t\t\t\t<div class=\"elementor-column elementor-col-25 elementor-inner-column elementor-element elementor-element-26975f46\" data-id=\"26975f46\" data-element_type=\"column\" data-e-type=\"column\">\n\t\t\t<div class=\"elementor-widget-wrap elementor-element-populated\">\n\t\t\t\t\t\t<div class=\"elementor-element elementor-element-60e90179 elementor-widget elementor-widget-image\" data-id=\"60e90179\" data-element_type=\"widget\" data-e-type=\"widget\" data-widget_type=\"image.default\">\n\t\t\t\t\t\t\t\t\t\t\t\t\t\t\t<img loading=\"lazy\" decoding=\"async\" width=\"640\" height=\"640\" src=\"https:\/\/www.niemibil.se\/wp-content\/uploads\/2020\/09\/niemiheart.png\" class=\"attachment-large size-large wp-image-2296\" alt=\"\" srcset=\"https:\/\/www.niemibil.se\/wp-content\/uploads\/2020\/09\/niemiheart.png 640w, https:\/\/www.niemibil.se\/wp-content\/uploads\/2020\/09\/niemiheart-300x300.png 300w, https:\/\/www.niemibil.se\/wp-content\/uploads\/2020\/09\/niemiheart-150x150.png 150w\" sizes=\"auto, (max-width: 640px) 100vw, 640px\">\t\t\t\t\t\t\t\t\t\t\t\t\t\t\t<\/div>\n\t\t\t\t<div class=\"elementor-element elementor-element-49f9ef97 elementor-widget elementor-widget-heading\" data-id=\"49f9ef97\" data-element_type=\"widget\" data-e-type=\"widget\" data-widget_type=\"heading.default\">\n\t\t\t\t\t<h4 class=\"elementor-heading-title elementor-size-default\">Hard work<\/h4>\t\t\t\t<\/div>\n\t\t\t\t<div class=\"elementor-element elementor-element-1641f972 elementor-widget elementor-widget-text-editor\" data-id=\"1641f972\" data-element_type=\"widget\" data-e-type=\"widget\" data-widget_type=\"text-editor.default\">\n\t\t\t\t\t\t\t\t\t<p>We want to make our customers happy and we know that it takes one hundred percent commitment in every situation to keep that promise.<\/p>\t\t\t\t\t\t\t\t<\/div>\n\t\t\t\t\t<\/div>\n\t\t<\/div>\n\t\t\t\t<div class=\"elementor-column elementor-col-25 elementor-inner-column elementor-element elementor-element-4a887c52\" data-id=\"4a887c52\" data-element_type=\"column\" data-e-type=\"column\">\n\t\t\t<div class=\"elementor-widget-wrap elementor-element-populated\">\n\t\t\t\t\t\t<div class=\"elementor-element elementor-element-3ae30a7c elementor-widget elementor-widget-image\" data-id=\"3ae30a7c\" data-element_type=\"widget\" data-e-type=\"widget\" data-widget_type=\"image.default\">\n\t\t\t\t\t\t\t\t\t\t\t\t\t\t\t<img loading=\"lazy\" decoding=\"async\" width=\"640\" height=\"640\" src=\"https:\/\/www.niemibil.se\/wp-content\/uploads\/2020\/09\/niemiheart.png\" class=\"attachment-large size-large wp-image-2296\" alt=\"\" srcset=\"https:\/\/www.niemibil.se\/wp-content\/uploads\/2020\/09\/niemiheart.png 640w, https:\/\/www.niemibil.se\/wp-content\/uploads\/2020\/09\/niemiheart-300x300.png 300w, https:\/\/www.niemibil.se\/wp-content\/uploads\/2020\/09\/niemiheart-150x150.png 150w\" sizes=\"auto, (max-width: 640px) 100vw, 640px\">\t\t\t\t\t\t\t\t\t\t\t\t\t\t\t<\/div>\n\t\t\t\t<div class=\"elementor-element elementor-element-25a5c3d5 elementor-widget elementor-widget-heading\" data-id=\"25a5c3d5\" data-element_type=\"widget\" data-e-type=\"widget\" data-widget_type=\"heading.default\">\n\t\t\t\t\t<h4 class=\"elementor-heading-title elementor-size-default\">Honesty<\/h4>\t\t\t\t<\/div>\n\t\t\t\t<div class=\"elementor-element elementor-element-5f155e17 elementor-widget elementor-widget-text-editor\" data-id=\"5f155e17\" data-element_type=\"widget\" data-e-type=\"widget\" data-widget_type=\"text-editor.default\">\n\t\t\t\t\t\t\t\t\t<p>We are a transparent company that maintains an open dialogue with every person who enters both the car showroom and the workshop.<\/p>\t\t\t\t\t\t\t\t<\/div>\n\t\t\t\t\t<\/div>\n\t\t<\/div>\n\t\t\t\t<div class=\"elementor-column elementor-col-25 elementor-inner-column elementor-element elementor-element-34561db3\" data-id=\"34561db3\" data-element_type=\"column\" data-e-type=\"column\">\n\t\t\t<div class=\"elementor-widget-wrap elementor-element-populated\">\n\t\t\t\t\t\t<div class=\"elementor-element elementor-element-200a5c63 elementor-widget elementor-widget-image\" data-id=\"200a5c63\" data-element_type=\"widget\" data-e-type=\"widget\" data-widget_type=\"image.default\">\n\t\t\t\t\t\t\t\t\t\t\t\t\t\t\t<img loading=\"lazy\" decoding=\"async\" width=\"640\" height=\"640\" src=\"https:\/\/www.niemibil.se\/wp-content\/uploads\/2020\/09\/niemiheart.png\" class=\"attachment-large size-large wp-image-2296\" alt=\"\" srcset=\"https:\/\/www.niemibil.se\/wp-content\/uploads\/2020\/09\/niemiheart.png 640w, https:\/\/www.niemibil.se\/wp-content\/uploads\/2020\/09\/niemiheart-300x300.png 300w, https:\/\/www.niemibil.se\/wp-content\/uploads\/2020\/09\/niemiheart-150x150.png 150w\" sizes=\"auto, (max-width: 640px) 100vw, 640px\">\t\t\t\t\t\t\t\t\t\t\t\t\t\t\t<\/div>\n\t\t\t\t<div class=\"elementor-element elementor-element-6f0abb54 elementor-widget elementor-widget-heading\" data-id=\"6f0abb54\" data-element_type=\"widget\" data-e-type=\"widget\" data-widget_type=\"heading.default\">\n\t\t\t\t\t<h4 class=\"elementor-heading-title elementor-size-default\">Consideration<\/h4>\t\t\t\t<\/div>\n\t\t\t\t<div class=\"elementor-element elementor-element-46d9b3b8 elementor-widget elementor-widget-text-editor\" data-id=\"46d9b3b8\" data-element_type=\"widget\" data-e-type=\"widget\" data-widget_type=\"text-editor.default\">\n\t\t\t\t\t\t\t\t\t<p>Care goes a long way. We care about our employees, customers and the Norrland region.<\/p>\t\t\t\t\t\t\t\t<\/div>\n\t\t\t\t\t<\/div>\n\t\t<\/div>\n\t\t\t\t<div class=\"elementor-column elementor-col-25 elementor-inner-column elementor-element elementor-element-7781ee25\" data-id=\"7781ee25\" data-element_type=\"column\" data-e-type=\"column\">\n\t\t\t<div class=\"elementor-widget-wrap elementor-element-populated\">\n\t\t\t\t\t\t<div class=\"elementor-element elementor-element-2c3d630c elementor-widget elementor-widget-image\" data-id=\"2c3d630c\" data-element_type=\"widget\" data-e-type=\"widget\" data-widget_type=\"image.default\">\n\t\t\t\t\t\t\t\t\t\t\t\t\t\t\t<img loading=\"lazy\" decoding=\"async\" width=\"640\" height=\"640\" src=\"https:\/\/www.niemibil.se\/wp-content\/uploads\/2020\/09\/niemiheart.png\" class=\"attachment-large size-large wp-image-2296\" alt=\"\" srcset=\"https:\/\/www.niemibil.se\/wp-content\/uploads\/2020\/09\/niemiheart.png 640w, https:\/\/www.niemibil.se\/wp-content\/uploads\/2020\/09\/niemiheart-300x300.png 300w, https:\/\/www.niemibil.se\/wp-content\/uploads\/2020\/09\/niemiheart-150x150.png 150w\" sizes=\"auto, (max-width: 640px) 100vw, 640px\">\t\t\t\t\t\t\t\t\t\t\t\t\t\t\t<\/div>\n\t\t\t\t<div class=\"elementor-element elementor-element-30712f20 elementor-widget elementor-widget-heading\" data-id=\"30712f20\" data-element_type=\"widget\" data-e-type=\"widget\" data-widget_type=\"heading.default\">\n\t\t\t\t\t<h4 class=\"elementor-heading-title elementor-size-default\">Pride<\/h4>\t\t\t\t<\/div>\n\t\t\t\t<div class=\"elementor-element elementor-element-313b426b elementor-widget elementor-widget-text-editor\" data-id=\"313b426b\" data-element_type=\"widget\" data-e-type=\"widget\" data-widget_type=\"text-editor.default\">\n\t\t\t\t\t\t\t\t\t<p>We are proud that customers have chosen us as one of Norrland&#039;s best car dealers and workshops. We humbly thank you for that.<\/p>\t\t\t\t\t\t\t\t<\/div>\n\t\t\t\t\t<\/div>\n\t\t<\/div>\n\t\t\t\t\t<\/div>\n\t\t<\/section>\n\t\t\t\t<section class=\"elementor-section elementor-top-section elementor-element elementor-element-18d262e7 elementor-section-full_width elementor-section-height-default elementor-section-height-default\" data-id=\"18d262e7\" data-element_type=\"section\" data-e-type=\"section\">\n\t\t\t\t\t\t<div class=\"elementor-container elementor-column-gap-no\">\n\t\t\t\t\t<div class=\"elementor-column elementor-col-100 elementor-top-column elementor-element elementor-element-19c174e4\" data-id=\"19c174e4\" data-element_type=\"column\" data-e-type=\"column\">\n\t\t\t<div class=\"elementor-widget-wrap elementor-element-populated\">\n\t\t\t\t\t\t<div class=\"elementor-element elementor-element-ddf4b38 elementor-widget elementor-widget-image\" data-id=\"ddf4b38\" data-element_type=\"widget\" data-e-type=\"widget\" data-widget_type=\"image.default\">\n\t\t\t\t\t\t\t\t\t\t\t\t\t\t\t<img loading=\"lazy\" decoding=\"async\" width=\"1920\" height=\"1080\" src=\"https:\/\/www.niemibil.se\/wp-content\/uploads\/2026\/01\/Namnlos-design.webp\" class=\"attachment-2048x2048 size-2048x2048 wp-image-2638007\" alt=\"\" srcset=\"https:\/\/www.niemibil.se\/wp-content\/uploads\/2026\/01\/Namnlos-design.webp 1920w, https:\/\/www.niemibil.se\/wp-content\/uploads\/2026\/01\/Namnlos-design-300x169.webp 300w, https:\/\/www.niemibil.se\/wp-content\/uploads\/2026\/01\/Namnlos-design-1024x576.webp 1024w, https:\/\/www.niemibil.se\/wp-content\/uploads\/2026\/01\/Namnlos-design-768x432.webp 768w, https:\/\/www.niemibil.se\/wp-content\/uploads\/2026\/01\/Namnlos-design-1536x864.webp 1536w, https:\/\/www.niemibil.se\/wp-content\/uploads\/2026\/01\/Namnlos-design-18x10.webp 18w\" sizes=\"auto, (max-width: 1920px) 100vw, 1920px\">\t\t\t\t\t\t\t\t\t\t\t\t\t\t\t<\/div>\n\t\t\t\t\t<\/div>\n\t\t<\/div>\n\t\t\t\t\t<\/div>\n\t\t<\/section>\n\t\t\t\t<section class=\"elementor-section elementor-inner-section elementor-element elementor-element-17017b8d elementor-section-boxed elementor-section-height-default elementor-section-height-default\" data-id=\"17017b8d\" data-element_type=\"section\" data-e-type=\"section\">\n\t\t\t\t\t\t<div class=\"elementor-container elementor-column-gap-wider\">\n\t\t\t\t\t<div class=\"elementor-column elementor-col-50 elementor-inner-column elementor-element elementor-element-1143c16a\" data-id=\"1143c16a\" data-element_type=\"column\" data-e-type=\"column\">\n\t\t\t<div class=\"elementor-widget-wrap elementor-element-populated\">\n\t\t\t\t\t\t<div class=\"elementor-element elementor-element-3cbdb95e elementor-widget elementor-widget-heading\" data-id=\"3cbdb95e\" data-element_type=\"widget\" data-e-type=\"widget\" data-widget_type=\"heading.default\">\n\t\t\t\t\t<h2 class=\"elementor-heading-title elementor-size-default\">\u201cWe only do it if we can do it really well\u201d<\/h2>\t\t\t\t<\/div>\n\t\t\t\t<div class=\"elementor-element elementor-element-1d990a26 elementor-widget elementor-widget-text-editor\" data-id=\"1d990a26\" data-element_type=\"widget\" data-e-type=\"widget\" data-widget_type=\"text-editor.default\">\n\t\t\t\t\t\t\t\t\t<p><span style=\"font-weight: 400;\">There has always been a special mentality that has driven us at Niemi Bil. Ever since the beginning in 2006 when the doors to the then small garage workshop were opened, and Roger Niemi decided to do things differently. Do things better.<\/span><\/p>\t\t\t\t\t\t\t\t<\/div>\n\t\t\t\t<div class=\"elementor-element elementor-element-27ce1be4 elementor-widget elementor-widget-heading\" data-id=\"27ce1be4\" data-element_type=\"widget\" data-e-type=\"widget\" data-widget_type=\"heading.default\">\n\t\t\t\t\t<h6 class=\"elementor-heading-title elementor-size-default\"><a href=\"https:\/\/www.niemibil.se\/en\/history\/\">READ ABOUT OUR HISTORY \u203a\u203a<\/a><\/h6>\t\t\t\t<\/div>\n\t\t\t\t\t<\/div>\n\t\t<\/div>\n\t\t\t\t<div class=\"elementor-column elementor-col-50 elementor-inner-column elementor-element elementor-element-6e04464d\" data-id=\"6e04464d\" data-element_type=\"column\" data-e-type=\"column\">\n\t\t\t<div class=\"elementor-widget-wrap elementor-element-populated\">\n\t\t\t\t\t\t<div class=\"elementor-element elementor-element-28e0cc62 elementor-widget elementor-widget-image\" data-id=\"28e0cc62\" data-element_type=\"widget\" data-e-type=\"widget\" data-widget_type=\"image.default\">\n\t\t\t\t\t\t\t\t\t\t\t\t\t\t\t<img loading=\"lazy\" decoding=\"async\" width=\"1024\" height=\"683\" src=\"https:\/\/www.niemibil.se\/wp-content\/uploads\/2020\/10\/mazda6bro-1024x683.jpg\" class=\"attachment-large size-large wp-image-2952\" alt=\"\" srcset=\"https:\/\/www.niemibil.se\/wp-content\/uploads\/2020\/10\/mazda6bro-1024x683.jpg 1024w, https:\/\/www.niemibil.se\/wp-content\/uploads\/2020\/10\/mazda6bro-300x200.jpg 300w, https:\/\/www.niemibil.se\/wp-content\/uploads\/2020\/10\/mazda6bro-768x512.jpg 768w, https:\/\/www.niemibil.se\/wp-content\/uploads\/2020\/10\/mazda6bro-1536x1024.jpg 1536w, https:\/\/www.niemibil.se\/wp-content\/uploads\/2020\/10\/mazda6bro-2048x1366.jpg 2048w, https:\/\/www.niemibil.se\/wp-content\/uploads\/2020\/10\/mazda6bro.jpg 1920w\" sizes=\"auto, (max-width: 1024px) 100vw, 1024px\">\t\t\t\t\t\t\t\t\t\t\t\t\t\t\t<\/div>\n\t\t\t\t\t<\/div>\n\t\t<\/div>\n\t\t\t\t\t<\/div>\n\t\t<\/section>\n\t\t\t\t<section class=\"elementor-section elementor-top-section elementor-element elementor-element-6e14a8b7 elementor-section-boxed elementor-section-height-default elementor-section-height-default\" data-id=\"6e14a8b7\" data-element_type=\"section\" data-e-type=\"section\" data-settings=\"{&quot;background_background&quot;:&quot;classic&quot;}\">\n\t\t\t\t\t\t\t<div class=\"elementor-background-overlay\"><\/div>\n\t\t\t\t\t\t\t<div class=\"elementor-container elementor-column-gap-default\">\n\t\t\t\t\t<div class=\"elementor-column elementor-col-100 elementor-top-column elementor-element elementor-element-6f690eac\" data-id=\"6f690eac\" data-element_type=\"column\" data-e-type=\"column\">\n\t\t\t<div class=\"elementor-widget-wrap elementor-element-populated\">\n\t\t\t\t\t\t<div class=\"elementor-element elementor-element-64c29417 elementor-widget elementor-widget-heading\" data-id=\"64c29417\" data-element_type=\"widget\" data-e-type=\"widget\" data-widget_type=\"heading.default\">\n\t\t\t\t\t<h2 class=\"elementor-heading-title elementor-size-default\">Do you have what it takes?<\/h2>\t\t\t\t<\/div>\n\t\t\t\t<div class=\"elementor-element elementor-element-59608a42 elementor-widget elementor-widget-text-editor\" data-id=\"59608a42\" data-element_type=\"widget\" data-e-type=\"widget\" data-widget_type=\"text-editor.default\">\n\t\t\t\t\t\t\t\t\t<p>At Niemi Bil we work together to create satisfied customers and good results. This also means that we are not looking for just anyone, but you who stand up for your peers and want to be the best at what you do.<\/p>\t\t\t\t\t\t\t\t<\/div>\n\t\t\t\t<div class=\"elementor-element elementor-element-3e9c1767 elementor-align-center elementor-widget elementor-widget-button\" data-id=\"3e9c1767\" data-element_type=\"widget\" data-e-type=\"widget\" data-widget_type=\"button.default\">\n\t\t\t\t\t\t\t\t\t\t<a class=\"elementor-button elementor-button-link elementor-size-sm\" href=\"https:\/\/www.niemibil.se\/en\/career\/\">\n\t\t\t\t\t\t<span class=\"elementor-button-content-wrapper\">\n\t\t\t\t\t\t\t\t\t<span class=\"elementor-button-text\">Read more about working with us<\/span>\n\t\t\t\t\t<\/span>\n\t\t\t\t\t<\/a>\n\t\t\t\t\t\t\t\t<\/div>\n\t\t\t\t\t<\/div>\n\t\t<\/div>\n\t\t\t\t\t<\/div>\n\t\t<\/section>\n\t\t\t\t<\/div>","protected":false},"excerpt":{"rendered":"<p>Ett familjef\u00f6retag som str\u00e4var efter Sveriges n\u00f6jdaste kunder Niemi Bil \u00e4lskar att hj\u00e4lpa m\u00e4nniskor och g\u00f6ra dem glada. Du \u00e4r v\u00e5r drivkraft i arbetet, precis som vi \u00e4r din drivkraft p\u00e5 v\u00e4garna. L\u00e4s mer om att jobba hos oss Vi vill ge dig det b\u00e4sta bil\u00e4gandet H\u00e4r m\u00f6ter du passionerade personer som bryr sig om [&hellip;]<\/p>\n","protected":false},"author":1,"featured_media":0,"parent":0,"menu_order":0,"comment_status":"closed","ping_status":"closed","template":"","meta":{"_acf_changed":false,"footnotes":""},"class_list":["post-2186","page","type-page","status-publish","hentry"],"acf":[],"_links":{"self":[{"href":"https:\/\/www.niemibil.se\/en\/wp-json\/wp\/v2\/pages\/2186","targetHints":{"allow":["GET"]}}],"collection":[{"href":"https:\/\/www.niemibil.se\/en\/wp-json\/wp\/v2\/pages"}],"about":[{"href":"https:\/\/www.niemibil.se\/en\/wp-json\/wp\/v2\/types\/page"}],"author":[{"embeddable":true,"href":"https:\/\/www.niemibil.se\/en\/wp-json\/wp\/v2\/users\/1"}],"replies":[{"embeddable":true,"href":"https:\/\/www.niemibil.se\/en\/wp-json\/wp\/v2\/comments?post=2186"}],"version-history":[{"count":10,"href":"https:\/\/www.niemibil.se\/en\/wp-json\/wp\/v2\/pages\/2186\/revisions"}],"predecessor-version":[{"id":2638010,"href":"https:\/\/www.niemibil.se\/en\/wp-json\/wp\/v2\/pages\/2186\/revisions\/2638010"}],"wp:attachment":[{"href":"https:\/\/www.niemibil.se\/en\/wp-json\/wp\/v2\/media?parent=2186"}],"curies":[{"name":"wp","href":"https:\/\/api.w.org\/{rel}","templated":true}]}}