{"id":2170,"date":"2020-10-01T07:58:41","date_gmt":"2020-10-01T07:58:41","guid":{"rendered":"https:\/\/www.niemibil.se\/?page_id=2170"},"modified":"2026-02-07T08:04:18","modified_gmt":"2026-02-07T07:04:18","slug":"car-insurance","status":"publish","type":"page","link":"https:\/\/www.niemibil.se\/en\/car-insurance\/","title":{"rendered":"Car insurance"},"content":{"rendered":"<div data-elementor-type=\"wp-page\" data-elementor-id=\"2170\" class=\"elementor elementor-2170\" data-elementor-post-type=\"page\">\n\t\t\t\t\t\t<section class=\"elementor-section elementor-top-section elementor-element elementor-element-449afe36 elementor-section-height-min-height elementor-section-boxed elementor-section-height-default elementor-section-items-middle\" data-id=\"449afe36\" data-element_type=\"section\" data-e-type=\"section\" data-settings=\"{&quot;background_background&quot;:&quot;classic&quot;}\">\n\t\t\t\t\t\t\t<div class=\"elementor-background-overlay\"><\/div>\n\t\t\t\t\t\t\t<div class=\"elementor-container elementor-column-gap-default\">\n\t\t\t\t\t<div class=\"elementor-column elementor-col-100 elementor-top-column elementor-element elementor-element-283a9151\" data-id=\"283a9151\" data-element_type=\"column\" data-e-type=\"column\">\n\t\t\t<div class=\"elementor-widget-wrap elementor-element-populated\">\n\t\t\t\t\t\t<div class=\"elementor-element elementor-element-156dbf79 elementor-widget elementor-widget-heading\" data-id=\"156dbf79\" data-element_type=\"widget\" data-e-type=\"widget\" data-widget_type=\"heading.default\">\n\t\t\t\t\t<h1 class=\"elementor-heading-title elementor-size-default\">Car insurance<\/h1>\t\t\t\t<\/div>\n\t\t\t\t<div class=\"elementor-element elementor-element-57758ab8 elementor-widget elementor-widget-text-editor\" data-id=\"57758ab8\" data-element_type=\"widget\" data-e-type=\"widget\" data-widget_type=\"text-editor.default\">\n\t\t\t\t\t\t\t\t\t<p>Whether you are buying a new car or a used car, you need reliable car insurance. At Niemi Bil we help you find the right insurance for your car. As an authorized Mazda repair shop and dealer, we also offer their affordable brand insurance.<\/p>\t\t\t\t\t\t\t\t<\/div>\n\t\t\t\t<div class=\"elementor-element elementor-element-1e7b2206 elementor-align-center button-320 elementor-widget elementor-widget-button\" data-id=\"1e7b2206\" data-element_type=\"widget\" data-e-type=\"widget\" data-widget_type=\"button.default\">\n\t\t\t\t\t\t\t\t\t\t<a class=\"elementor-button elementor-button-link elementor-size-sm\" href=\"https:\/\/www.niemibil.se\/en\/contact\/\">\n\t\t\t\t\t\t<span class=\"elementor-button-content-wrapper\">\n\t\t\t\t\t\t\t\t\t<span class=\"elementor-button-text\">Contact us<\/span>\n\t\t\t\t\t<\/span>\n\t\t\t\t\t<\/a>\n\t\t\t\t\t\t\t\t<\/div>\n\t\t\t\t\t<\/div>\n\t\t<\/div>\n\t\t\t\t\t<\/div>\n\t\t<\/section>\n\t\t\t\t<section class=\"elementor-section elementor-top-section elementor-element elementor-element-e2bc7e0 elementor-section-boxed elementor-section-height-default elementor-section-height-default\" data-id=\"e2bc7e0\" data-element_type=\"section\" data-e-type=\"section\">\n\t\t\t\t\t\t<div class=\"elementor-container elementor-column-gap-default\">\n\t\t\t\t\t<div class=\"elementor-column elementor-col-100 elementor-top-column elementor-element elementor-element-6249688\" data-id=\"6249688\" data-element_type=\"column\" data-e-type=\"column\">\n\t\t\t<div class=\"elementor-widget-wrap elementor-element-populated\">\n\t\t\t\t\t\t<div class=\"elementor-element elementor-element-677cbace elementor-widget elementor-widget-heading\" data-id=\"677cbace\" data-element_type=\"widget\" data-e-type=\"widget\" data-widget_type=\"heading.default\">\n\t\t\t\t\t<h2 class=\"elementor-heading-title elementor-size-default\">Different types of insurance<\/h2>\t\t\t\t<\/div>\n\t\t\t\t\t<\/div>\n\t\t<\/div>\n\t\t\t\t\t<\/div>\n\t\t<\/section>\n\t\t\t\t<section class=\"elementor-section elementor-top-section elementor-element elementor-element-7145244a elementor-section-full_width elementor-section-height-default elementor-section-height-default\" data-id=\"7145244a\" data-element_type=\"section\" data-e-type=\"section\">\n\t\t\t\t\t\t<div class=\"elementor-container elementor-column-gap-no\">\n\t\t\t\t\t<div class=\"elementor-column elementor-col-100 elementor-top-column elementor-element elementor-element-3744c75a\" data-id=\"3744c75a\" data-element_type=\"column\" data-e-type=\"column\">\n\t\t\t<div class=\"elementor-widget-wrap elementor-element-populated\">\n\t\t\t\t\t\t\t<\/div>\n\t\t<\/div>\n\t\t\t\t\t<\/div>\n\t\t<\/section>\n\t\t\t\t<section class=\"elementor-section elementor-top-section elementor-element elementor-element-34500d8f elementor-section-boxed elementor-section-height-default elementor-section-height-default\" data-id=\"34500d8f\" data-element_type=\"section\" data-e-type=\"section\">\n\t\t\t\t\t\t<div class=\"elementor-container elementor-column-gap-default\">\n\t\t\t\t\t<div class=\"elementor-column elementor-col-100 elementor-top-column elementor-element elementor-element-47dab016\" data-id=\"47dab016\" data-element_type=\"column\" data-e-type=\"column\">\n\t\t\t<div class=\"elementor-widget-wrap elementor-element-populated\">\n\t\t\t\t\t\t<section class=\"elementor-section elementor-inner-section elementor-element elementor-element-6051069f elementor-section-boxed elementor-section-height-default elementor-section-height-default\" data-id=\"6051069f\" data-element_type=\"section\" data-e-type=\"section\">\n\t\t\t\t\t\t<div class=\"elementor-container elementor-column-gap-wider\">\n\t\t\t\t\t<div class=\"elementor-column elementor-col-50 elementor-inner-column elementor-element elementor-element-1e7d869a\" data-id=\"1e7d869a\" data-element_type=\"column\" data-e-type=\"column\">\n\t\t\t<div class=\"elementor-widget-wrap elementor-element-populated\">\n\t\t\t\t\t\t<div class=\"elementor-element elementor-element-36b907da elementor-widget elementor-widget-heading\" data-id=\"36b907da\" data-element_type=\"widget\" data-e-type=\"widget\" data-widget_type=\"heading.default\">\n\t\t\t\t\t<h3 class=\"elementor-heading-title elementor-size-default\">The right insurance for your new car<\/h3>\t\t\t\t<\/div>\n\t\t\t\t<div class=\"elementor-element elementor-element-5b8e82d0 elementor-widget elementor-widget-text-editor\" data-id=\"5b8e82d0\" data-element_type=\"widget\" data-e-type=\"widget\" data-widget_type=\"text-editor.default\">\n\t\t\t\t\t\t\t\t\t<p>Vi p\u00e5 Niemi Bil hj\u00e4lper dig med att f\u00f6rs\u00e4kra ditt n\u00e4sta bilk\u00f6p, vare sig det \u00e4r en ny bil eller begagnad bil. F\u00f6r att det ska k\u00e4nnas tryggt f\u00f6r dig som kund har vi valt att samarbeta med marknadens b\u00e4sta akt\u00f6rer enligt oss \u2013 Gjensidige F\u00f6rs\u00e4kring, L\u00e4nsf\u00f6rs\u00e4kringar och Folksam<\/p><h4>Motor vehicle insurance<\/h4><p>It is a requirement that all cars and light trucks on the roads need at least a traffic insurance policy. The insurance pays compensation to drivers, passengers and others who are injured in an accident. It also compensates for damage you cause to another vehicle. You yourself cannot receive compensation for your damaged property.\u00a0<\/p><h4>Semi-insurance<\/h4><p>Semi-insurance protects your car against, among other things:<span style=\"font-size: 1rem;\">\u00a0fire, glass and theft damage or burglary. You can also receive compensation for engine and electronics failures and have legal expenses and rescue insurance.<\/span><\/p><h4>Comprehensive insurance<\/h4><p><span style=\"font-size: 1rem;\">A comprehensive insurance policy includes the coverage in the semi-insurance policy and also gives you vehicle damage insurance. It protects you against damage that occurs to your own car, for example in traffic accidents, vandalism and parking damage. Vehicle damage insurance covers sheet metal and paint damage to the car&#039;s body and chassis.<\/span><\/p><p><span style=\"font-size: 1rem;\">If you have borrowed to purchase your car, you are usually also required to take out comprehensive insurance.<\/span><\/p>\t\t\t\t\t\t\t\t<\/div>\n\t\t\t\t\t<\/div>\n\t\t<\/div>\n\t\t\t\t<div class=\"elementor-column elementor-col-50 elementor-inner-column elementor-element elementor-element-2f22b776\" data-id=\"2f22b776\" data-element_type=\"column\" data-e-type=\"column\">\n\t\t\t<div class=\"elementor-widget-wrap elementor-element-populated\">\n\t\t\t\t\t\t<div class=\"elementor-element elementor-element-44a32fc elementor-widget elementor-widget-image\" data-id=\"44a32fc\" data-element_type=\"widget\" data-e-type=\"widget\" data-widget_type=\"image.default\">\n\t\t\t\t\t\t\t\t\t\t\t\t\t\t\t<img loading=\"lazy\" decoding=\"async\" width=\"1024\" height=\"683\" src=\"https:\/\/www.niemibil.se\/wp-content\/uploads\/2026\/02\/gjensidige-niemi-bil-1024x683.webp\" class=\"attachment-large size-large wp-image-2641475\" alt=\"\" srcset=\"https:\/\/www.niemibil.se\/wp-content\/uploads\/2026\/02\/gjensidige-niemi-bil-1024x683.webp 1024w, https:\/\/www.niemibil.se\/wp-content\/uploads\/2026\/02\/gjensidige-niemi-bil-300x200.webp 300w, https:\/\/www.niemibil.se\/wp-content\/uploads\/2026\/02\/gjensidige-niemi-bil-768x512.webp 768w, https:\/\/www.niemibil.se\/wp-content\/uploads\/2026\/02\/gjensidige-niemi-bil-18x12.webp 18w, https:\/\/www.niemibil.se\/wp-content\/uploads\/2026\/02\/gjensidige-niemi-bil.webp 1200w\" sizes=\"auto, (max-width: 1024px) 100vw, 1024px\">\t\t\t\t\t\t\t\t\t\t\t\t\t\t\t<\/div>\n\t\t\t\t<div class=\"elementor-element elementor-element-a77deaf elementor-widget elementor-widget-heading\" data-id=\"a77deaf\" data-element_type=\"widget\" data-e-type=\"widget\" data-widget_type=\"heading.default\">\n\t\t\t\t\t<h3 class=\"elementor-heading-title elementor-size-default\">Prova p\u00e5-f\u00f6rs\u00e4kring i 14 dagar ing\u00e5r med Gjensidige n\u00e4r du k\u00f6per bil hos Niemi Bil<\/h3>\t\t\t\t<\/div>\n\t\t\t\t<div class=\"elementor-element elementor-element-228f1f7 elementor-widget elementor-widget-text-editor\" data-id=\"228f1f7\" data-element_type=\"widget\" data-e-type=\"widget\" data-widget_type=\"text-editor.default\">\n\t\t\t\t\t\t\t\t\t<p>Gjensidige F\u00f6rs\u00e4kring \u00e4r Niemi Bils f\u00f6rs\u00e4kringspartner n\u00e4r det kommer till begagnade bilar. De \u00e4r Nordens tredje st\u00f6rsta f\u00f6rs\u00e4kringsbolag och f\u00f6rs\u00e4krar 2,5 miljoner bilar runtom i Norden.<\/p><p>F\u00f6r dig som Niemi Bil-kund finns ett s\u00e4rskilt erbjudande d\u00e4r du som k\u00f6per bil erbjuds en prova p\u00e5-f\u00f6rs\u00e4kring de f\u00f6rsta 14 dagarna \u2013 helt utan extra kostnad. D\u00e4refter kan du sj\u00e4lv v\u00e4lja om du vill teckna en fortsatt f\u00f6rs\u00e4kring.<\/p><p>Erbjudandet kommer inte att l\u00f6pa vidare ifall du inte v\u00e4ljer det.<\/p><p><strong>Extra f\u00f6rm\u00e5ner<\/strong><\/p><p>Gjensidige och Niemi Bil vill att du ska k\u00e4nna dig trygg p\u00e5 v\u00e4garna! Som Niemi Bil-kund ing\u00e5r till\u00e4gg f\u00f6r hyrbil, ett ut\u00f6kat skydd vid djurkollision och allriskf\u00f6rs\u00e4kring i prova p\u00e5-f\u00f6rs\u00e4kringen. L\u00e4s g\u00e4rna mer om erbjudandet h\u00e4r! <span style=\"text-decoration: underline;\"><strong><a href=\"https:\/\/www.gjensidige.se\/partners\/niemi\" rel=\"nofollow noopener\" target=\"_blank\">Bilf\u00f6rs\u00e4kring i samarbete med Niemi Bil | Gjensidige<\/a><\/strong><\/span><\/p>\t\t\t\t\t\t\t\t<\/div>\n\t\t\t\t<div class=\"elementor-element elementor-element-67e4f44e elementor-widget elementor-widget-heading\" data-id=\"67e4f44e\" data-element_type=\"widget\" data-e-type=\"widget\" data-widget_type=\"heading.default\">\n\t\t\t\t\t<h3 class=\"elementor-heading-title elementor-size-default\">Mazda insurance via Folksam<\/h3>\t\t\t\t<\/div>\n\t\t\t\t<div class=\"elementor-element elementor-element-10fb2f34 elementor-widget elementor-widget-text-editor\" data-id=\"10fb2f34\" data-element_type=\"widget\" data-e-type=\"widget\" data-widget_type=\"text-editor.default\">\n\t\t\t\t\t\t\t\t\t<p>Your Mazda deserves really good insurance. That&#039;s why we recommend Mazda Insurance at Folksam, which is a stable company with long experience. The insurance can also give you a rental car if your own car is damaged.<\/p><p><span style=\"text-decoration: underline;\"><a href=\"https:\/\/www.folksam.se\/forsakringar\/bilforsakring\/mazda-bilforsakring?_ga=2.25686398.2134031876.1603899495-167664093.1603455249\" rel=\"nofollow noopener\" target=\"_blank\">Read more about Mazda&#039;s insurance<\/a><\/span><\/p><p><a href=\"https:\/\/www.niemibil.se\/en\/app\/uploads\/2021\/11\/Information-om-anknuten-sidoverksam-fo\u0308rsa\u0308kringsfo\u0308rmedling.pdf\/\"><u>Information about affiliated secondary insurance brokerage<\/u><\/a><\/p><h4>Authorized Mazda workshop<\/h4><p>As an authorized Mazda workshop, we always give you 1 year of free assistance insurance when we service your Mazda in our workshop. This means that as a Mazda owner, you can leave your car for service with us and be assured that you will receive quality service performed by specialists.<\/p>\t\t\t\t\t\t\t\t<\/div>\n\t\t\t\t\t<\/div>\n\t\t<\/div>\n\t\t\t\t\t<\/div>\n\t\t<\/section>\n\t\t\t\t\t<\/div>\n\t\t<\/div>\n\t\t\t\t\t<\/div>\n\t\t<\/section>\n\t\t\t\t<section class=\"elementor-section elementor-top-section elementor-element elementor-element-38104d45 elementor-section-boxed elementor-section-height-default elementor-section-height-default\" data-id=\"38104d45\" data-element_type=\"section\" data-e-type=\"section\">\n\t\t\t\t\t\t<div class=\"elementor-container elementor-column-gap-default\">\n\t\t\t\t\t<div class=\"elementor-column elementor-col-100 elementor-top-column elementor-element elementor-element-329bf571\" data-id=\"329bf571\" data-element_type=\"column\" data-e-type=\"column\">\n\t\t\t<div class=\"elementor-widget-wrap elementor-element-populated\">\n\t\t\t\t\t\t<div class=\"elementor-element elementor-element-3544e0de elementor-widget elementor-widget-heading\" data-id=\"3544e0de\" data-element_type=\"widget\" data-e-type=\"widget\" data-widget_type=\"heading.default\">\n\t\t\t\t\t<h3 class=\"elementor-heading-title elementor-size-default\">Help and insurance advice\n<\/h3>\t\t\t\t<\/div>\n\t\t\t\t<div class=\"elementor-element elementor-element-3e3efa51 elementor-widget__width-initial elementor-widget elementor-widget-text-editor\" data-id=\"3e3efa51\" data-element_type=\"widget\" data-e-type=\"widget\" data-widget_type=\"text-editor.default\">\n\t\t\t\t\t\t\t\t\t<p>For those of you who are choosing insurance and want independent advice, we recommend the Consumer Insurance Agency, the Swedish Consumer Agency or consumer advisors. They offer impartial advice and guidance among insurance companies, completely free of charge.<\/p><p>Consumers&#039; Insurance Agency: <strong><a href=\"https:\/\/www.konsumenternas.se\/\" target=\"_blank\" rel=\"nofollow noopener\">consumers.se<\/a><\/strong> or phone 0200-22 58 00<\/p><p>The Swedish Consumer Agency: <strong><a href=\"https:\/\/www.hallakonsument.se\/\" target=\"_blank\" rel=\"nofollow noopener\">helloconsumer.se<\/a><\/strong><\/p>\t\t\t\t\t\t\t\t<\/div>\n\t\t\t\t\t<\/div>\n\t\t<\/div>\n\t\t\t\t\t<\/div>\n\t\t<\/section>\n\t\t\t\t<\/div>","protected":false},"excerpt":{"rendered":"<p>Bilf\u00f6rs\u00e4kring Oavsett om du k\u00f6per ny bil eller begagnad bil, s\u00e5 beh\u00f6ver du en p\u00e5litlig bilf\u00f6rs\u00e4kring. P\u00e5 Niemi Bil hj\u00e4lper vi dig att hitta r\u00e4tt f\u00f6rs\u00e4kring f\u00f6r din bil. Som auktoriserad m\u00e4rkesverkstad och \u00e5terf\u00f6rs\u00e4ljare av Mazda erbjuder vi \u00e4ven deras f\u00f6rm\u00e5nliga m\u00e4rkesf\u00f6rs\u00e4kring. Kontakta oss Olika typer av f\u00f6rs\u00e4kringar R\u00e4tt f\u00f6rs\u00e4kring f\u00f6r din nya bil Vi [&hellip;]<\/p>\n","protected":false},"author":1,"featured_media":5590,"parent":0,"menu_order":0,"comment_status":"closed","ping_status":"closed","template":"","meta":{"_acf_changed":false,"footnotes":""},"class_list":["post-2170","page","type-page","status-publish","has-post-thumbnail","hentry"],"acf":[],"_links":{"self":[{"href":"https:\/\/www.niemibil.se\/en\/wp-json\/wp\/v2\/pages\/2170","targetHints":{"allow":["GET"]}}],"collection":[{"href":"https:\/\/www.niemibil.se\/en\/wp-json\/wp\/v2\/pages"}],"about":[{"href":"https:\/\/www.niemibil.se\/en\/wp-json\/wp\/v2\/types\/page"}],"author":[{"embeddable":true,"href":"https:\/\/www.niemibil.se\/en\/wp-json\/wp\/v2\/users\/1"}],"replies":[{"embeddable":true,"href":"https:\/\/www.niemibil.se\/en\/wp-json\/wp\/v2\/comments?post=2170"}],"version-history":[{"count":9,"href":"https:\/\/www.niemibil.se\/en\/wp-json\/wp\/v2\/pages\/2170\/revisions"}],"predecessor-version":[{"id":2641884,"href":"https:\/\/www.niemibil.se\/en\/wp-json\/wp\/v2\/pages\/2170\/revisions\/2641884"}],"wp:featuredmedia":[{"embeddable":true,"href":"https:\/\/www.niemibil.se\/en\/wp-json\/wp\/v2\/media\/5590"}],"wp:attachment":[{"href":"https:\/\/www.niemibil.se\/en\/wp-json\/wp\/v2\/media?parent=2170"}],"curies":[{"name":"wp","href":"https:\/\/api.w.org\/{rel}","templated":true}]}}