{"id":2168,"date":"2020-10-01T07:58:32","date_gmt":"2020-10-01T07:58:32","guid":{"rendered":"https:\/\/www.niemibil.se\/?page_id=2168"},"modified":"2025-04-09T09:51:54","modified_gmt":"2025-04-09T07:51:54","slug":"car-financing","status":"publish","type":"page","link":"https:\/\/www.niemibil.se\/en\/car-financing\/","title":{"rendered":"Car financing"},"content":{"rendered":"<div data-elementor-type=\"wp-page\" data-elementor-id=\"2168\" class=\"elementor elementor-2168\" data-elementor-post-type=\"page\">\n\t\t\t\t\t\t<section class=\"elementor-section elementor-top-section elementor-element elementor-element-75930a61 elementor-section-height-min-height elementor-section-boxed elementor-section-height-default elementor-section-items-middle\" data-id=\"75930a61\" data-element_type=\"section\" data-e-type=\"section\" data-settings=\"{&quot;background_background&quot;:&quot;classic&quot;}\">\n\t\t\t\t\t\t\t<div class=\"elementor-background-overlay\"><\/div>\n\t\t\t\t\t\t\t<div class=\"elementor-container elementor-column-gap-default\">\n\t\t\t\t\t<div class=\"elementor-column elementor-col-100 elementor-top-column elementor-element elementor-element-65b444af\" data-id=\"65b444af\" data-element_type=\"column\" data-e-type=\"column\">\n\t\t\t<div class=\"elementor-widget-wrap elementor-element-populated\">\n\t\t\t\t\t\t<div class=\"elementor-element elementor-element-4b499c41 elementor-widget elementor-widget-heading\" data-id=\"4b499c41\" data-element_type=\"widget\" data-e-type=\"widget\" data-widget_type=\"heading.default\">\n\t\t\t\t\t<h1 class=\"elementor-heading-title elementor-size-default\">Car financing<\/h1>\t\t\t\t<\/div>\n\t\t\t\t<div class=\"elementor-element elementor-element-4191be5f elementor-widget elementor-widget-text-editor\" data-id=\"4191be5f\" data-element_type=\"widget\" data-e-type=\"widget\" data-widget_type=\"text-editor.default\">\n\t\t\t\t\t\t\t\t\t<p>We at Niemi Bil collaborate with DNB Finans to be able to offer you secure financing for your next car purchase, whether you are buying a new car or a used car. We offer a flexible arrangement where you as a customer have control throughout the duration of the contract.<\/p>\t\t\t\t\t\t\t\t<\/div>\n\t\t\t\t<div class=\"elementor-element elementor-element-1275e32 elementor-align-center button-320 elementor-widget elementor-widget-button\" data-id=\"1275e32\" data-element_type=\"widget\" data-e-type=\"widget\" data-widget_type=\"button.default\">\n\t\t\t\t\t\t\t\t\t\t<a class=\"elementor-button elementor-button-link elementor-size-sm\" href=\"https:\/\/www.niemibil.se\/en\/contact\/\">\n\t\t\t\t\t\t<span class=\"elementor-button-content-wrapper\">\n\t\t\t\t\t\t\t\t\t<span class=\"elementor-button-text\">Contact us<\/span>\n\t\t\t\t\t<\/span>\n\t\t\t\t\t<\/a>\n\t\t\t\t\t\t\t\t<\/div>\n\t\t\t\t\t<\/div>\n\t\t<\/div>\n\t\t\t\t\t<\/div>\n\t\t<\/section>\n\t\t\t\t<section class=\"elementor-section elementor-top-section elementor-element elementor-element-f330f75 elementor-section-boxed elementor-section-height-default elementor-section-height-default\" data-id=\"f330f75\" data-element_type=\"section\" data-e-type=\"section\">\n\t\t\t\t\t\t<div class=\"elementor-container elementor-column-gap-default\">\n\t\t\t\t\t<div class=\"elementor-column elementor-col-100 elementor-top-column elementor-element elementor-element-86b6dc1\" data-id=\"86b6dc1\" data-element_type=\"column\" data-e-type=\"column\">\n\t\t\t<div class=\"elementor-widget-wrap elementor-element-populated\">\n\t\t\t\t\t\t<div class=\"elementor-element elementor-element-56451b93 elementor-widget elementor-widget-heading\" data-id=\"56451b93\" data-element_type=\"widget\" data-e-type=\"widget\" data-widget_type=\"heading.default\">\n\t\t\t\t\t<h2 class=\"elementor-heading-title elementor-size-default\">Smart car financing with Niemi Bil<\/h2>\t\t\t\t<\/div>\n\t\t\t\t\t<\/div>\n\t\t<\/div>\n\t\t\t\t\t<\/div>\n\t\t<\/section>\n\t\t\t\t<section class=\"elementor-section elementor-top-section elementor-element elementor-element-ada0a15 elementor-section-full_width elementor-section-height-default elementor-section-height-default\" data-id=\"ada0a15\" data-element_type=\"section\" data-e-type=\"section\">\n\t\t\t\t\t\t<div class=\"elementor-container elementor-column-gap-no\">\n\t\t\t\t\t<div class=\"elementor-column elementor-col-100 elementor-top-column elementor-element elementor-element-27cc2d4\" data-id=\"27cc2d4\" data-element_type=\"column\" data-e-type=\"column\">\n\t\t\t<div class=\"elementor-widget-wrap elementor-element-populated\">\n\t\t\t\t\t\t\t<\/div>\n\t\t<\/div>\n\t\t\t\t\t<\/div>\n\t\t<\/section>\n\t\t\t\t<section class=\"elementor-section elementor-top-section elementor-element elementor-element-52d50120 elementor-section-boxed elementor-section-height-default elementor-section-height-default\" data-id=\"52d50120\" data-element_type=\"section\" data-e-type=\"section\" data-settings=\"{&quot;background_background&quot;:&quot;classic&quot;}\">\n\t\t\t\t\t\t<div class=\"elementor-container elementor-column-gap-default\">\n\t\t\t\t\t<div class=\"elementor-column elementor-col-100 elementor-top-column elementor-element elementor-element-5a043d54\" data-id=\"5a043d54\" data-element_type=\"column\" data-e-type=\"column\">\n\t\t\t<div class=\"elementor-widget-wrap elementor-element-populated\">\n\t\t\t\t\t\t<section class=\"elementor-section elementor-inner-section elementor-element elementor-element-112588a5 elementor-section-boxed elementor-section-height-default elementor-section-height-default\" data-id=\"112588a5\" data-element_type=\"section\" data-e-type=\"section\">\n\t\t\t\t\t\t<div class=\"elementor-container elementor-column-gap-wider\">\n\t\t\t\t\t<div class=\"elementor-column elementor-col-50 elementor-inner-column elementor-element elementor-element-63bf0997\" data-id=\"63bf0997\" data-element_type=\"column\" data-e-type=\"column\">\n\t\t\t<div class=\"elementor-widget-wrap elementor-element-populated\">\n\t\t\t\t\t\t<div class=\"elementor-element elementor-element-558fe85 elementor-widget elementor-widget-heading\" data-id=\"558fe85\" data-element_type=\"widget\" data-e-type=\"widget\" data-widget_type=\"heading.default\">\n\t\t\t\t\t<h3 class=\"elementor-heading-title elementor-size-default\">Count on your car purchase \n<\/h3>\t\t\t\t<\/div>\n\t\t\t\t<div class=\"elementor-element elementor-element-4155ee08 elementor-widget elementor-widget-text-editor\" data-id=\"4155ee08\" data-element_type=\"widget\" data-e-type=\"widget\" data-widget_type=\"text-editor.default\">\n\t\t\t\t\t\t\t\t\t<p>There are many different ways to finance a car purchase. At Niemi Bil, we collaborate with DNB Finans to offer our customers a secure purchase and secure payments with fair terms. We offer financing to both companies and individuals, and both when buying a new car and a used car.\u00a0<\/p><p>The majority of our financing arrangements are based on the interest deduction, which in practice means 30% lower interest costs for you as a private individual.<\/p><p>Together with our partners, we are experts. Every car shop is unique and therefore we always come up with the plan that suits you and your situation best.<\/p><h4>Which payment suits you?\u00a0<\/h4><p>By clicking on the car you are interested in, you can make a quick overview of a potential financing plan. Review the relationship between cash deposit, monthly payment and residual value. The advantage of splitting your payment is that you don&#039;t have to lock your own savings into your new car. We help you calculate a potential resale value. Remember that full insurance is required to take out a car loan. We help you with both <a href=\"https:\/\/www.niemibil.se\/en\/car-insurance\/\"><span style=\"text-decoration: underline;\">car insurance<\/span><\/a> and change of ownership when you buy a car from us!<\/p><h4>Cash contribution, installment and residual value<\/h4><p>Cash deposit is the amount of the car&#039;s price that you pay directly. The installment period determines how many months you want to pay off the remaining cost over. The residual value is the expected value of the car after you pay it off. A higher percentage of residual value results in a lower monthly payment.<\/p>\t\t\t\t\t\t\t\t<\/div>\n\t\t\t\t\t<\/div>\n\t\t<\/div>\n\t\t\t\t<div class=\"elementor-column elementor-col-50 elementor-inner-column elementor-element elementor-element-140e6f6a\" data-id=\"140e6f6a\" data-element_type=\"column\" data-e-type=\"column\">\n\t\t\t<div class=\"elementor-widget-wrap elementor-element-populated\">\n\t\t\t\t\t\t<div class=\"elementor-element elementor-element-7de676d elementor-widget elementor-widget-heading\" data-id=\"7de676d\" data-element_type=\"widget\" data-e-type=\"widget\" data-widget_type=\"heading.default\">\n\t\t\t\t\t<h3 class=\"elementor-heading-title elementor-size-default\">Finance your car purchase<\/h3>\t\t\t\t<\/div>\n\t\t\t\t<div class=\"elementor-element elementor-element-4268e50f elementor-widget elementor-widget-text-editor\" data-id=\"4268e50f\" data-element_type=\"widget\" data-e-type=\"widget\" data-widget_type=\"text-editor.default\">\n\t\t\t\t\t\t\t\t\t<p>The vast majority of people who buy a new car or a used car also choose one <a href=\"https:\/\/www.niemibil.se\/en\/car-financing\/\"><span style=\"text-decoration: underline;\">car financing<\/span><\/a>. As a rule of thumb, you need to pay 20% of the car&#039;s price in cash. You have the option of financing the remaining amount on favorable terms via Niemi Bil.<\/p>\n<h4>Take out a car loan with residual value<\/h4>\n<p>As a buyer, you can either take out a personal loan through a bank or through a <a href=\"https:\/\/www.niemibil.se\/en\/car-financing\/\"><span style=\"text-decoration: underline;\">car financing<\/span><\/a> as DNB Finans. Together, we offer you financing with a residual value where you do not amortize the entire loan during the payment period. When your installment is over, part of the debt remains, usually this is as large as the car&#039;s own value. The advantage is that you can use the car as collateral for the loan, while at the same time you can pay the loan and amortization faster with extra payments. The residual value can also be used as a cash purchase for the next car purchase.&nbsp;<\/p>\n<p><u><a href=\"https:\/\/www.dnb.se\/se\/sv\/finansiering\/bilfinansiering.html\" target=\"_blank\" rel=\"noopener nofollow\">Read more about DNB Finans<\/a><\/u><\/p>\n<h4>Car financing for company car<\/h4>\n<p>Regardless of whether it is leasing, installments or some other form of financing that suits you and your company best, we have the skills and expertise to tailor the optimal arrangement for you and your company - regardless of size and the situation you are in. We help you to simplify and streamline your company&#039;s car ownership when you get a company car or company car.<\/p>\t\t\t\t\t\t\t\t<\/div>\n\t\t\t\t\t<\/div>\n\t\t<\/div>\n\t\t\t\t\t<\/div>\n\t\t<\/section>\n\t\t\t\t\t<\/div>\n\t\t<\/div>\n\t\t\t\t\t<\/div>\n\t\t<\/section>\n\t\t\t\t<section class=\"elementor-section elementor-top-section elementor-element elementor-element-12940701 elementor-section-boxed elementor-section-height-default elementor-section-height-default\" data-id=\"12940701\" data-element_type=\"section\" data-e-type=\"section\">\n\t\t\t\t\t\t<div class=\"elementor-container elementor-column-gap-default\">\n\t\t\t\t\t<div class=\"elementor-column elementor-col-100 elementor-top-column elementor-element elementor-element-26c296ea\" data-id=\"26c296ea\" data-element_type=\"column\" data-e-type=\"column\">\n\t\t\t<div class=\"elementor-widget-wrap elementor-element-populated\">\n\t\t\t\t\t\t<div class=\"elementor-element elementor-element-566e7a70 elementor-widget elementor-widget-heading\" data-id=\"566e7a70\" data-element_type=\"widget\" data-e-type=\"widget\" data-widget_type=\"heading.default\">\n\t\t\t\t\t<h3 class=\"elementor-heading-title elementor-size-default\">Choose the right car<\/h3>\t\t\t\t<\/div>\n\t\t\t\t<div class=\"elementor-element elementor-element-1eb4d13 elementor-widget__width-initial elementor-widget elementor-widget-text-editor\" data-id=\"1eb4d13\" data-element_type=\"widget\" data-e-type=\"widget\" data-widget_type=\"text-editor.default\">\n\t\t\t\t\t\t\t\t\t<p>The car should give you what you need. Space for family and friends, safety, comfort and mobility in everyday life. No matter what the car means to you, Niemi Bil helps you find the right one - from new models and used cars to service and repair.<\/p>\t\t\t\t\t\t\t\t<\/div>\n\t\t\t\t\t<\/div>\n\t\t<\/div>\n\t\t\t\t\t<\/div>\n\t\t<\/section>\n\t\t<div class=\"elementor-element elementor-element-00a4a34 e-flex e-con-boxed e-con e-parent\" data-id=\"00a4a34\" data-element_type=\"container\" data-e-type=\"container\">\n\t\t\t\t\t<div class=\"e-con-inner\">\n\t\t<div class=\"elementor-element elementor-element-ae1a87b e-con-full e-flex e-con e-child\" data-id=\"ae1a87b\" data-element_type=\"container\" data-e-type=\"container\">\n\t\t<div class=\"elementor-element elementor-element-69d8276 e-con-full e-flex e-con e-child\" data-id=\"69d8276\" data-element_type=\"container\" data-e-type=\"container\">\n\t\t<div class=\"elementor-element elementor-element-bd311ef e-con-full e-flex e-con e-child\" data-id=\"bd311ef\" data-element_type=\"container\" data-e-type=\"container\">\n\t\t<div class=\"elementor-element elementor-element-b84a738 e-con-full e-flex e-con e-child\" data-id=\"b84a738\" data-element_type=\"container\" data-e-type=\"container\">\n\t\t\t\t<div class=\"elementor-element elementor-element-e6f2c6c elementor-widget elementor-widget-menu-anchor\" data-id=\"e6f2c6c\" data-element_type=\"widget\" data-e-type=\"widget\" data-widget_type=\"menu-anchor.default\">\n\t\t\t\t\t\t\t<div class=\"elementor-menu-anchor\" id=\"kreditinfo\"><\/div>\n\t\t\t\t\t\t<\/div>\n\t\t\t\t<div class=\"elementor-element elementor-element-f2f6865 elementor-widget elementor-widget-heading\" data-id=\"f2f6865\" data-element_type=\"widget\" data-e-type=\"widget\" data-widget_type=\"heading.default\">\n\t\t\t\t\t<h4 class=\"elementor-heading-title elementor-size-default\">Information about loans and credits<\/h4>\t\t\t\t<\/div>\n\t\t\t\t<\/div>\n\t\t<div class=\"elementor-element elementor-element-01f1ea2 e-con-full e-flex e-con e-child\" data-id=\"01f1ea2\" data-element_type=\"container\" data-e-type=\"container\">\n\t\t<div class=\"elementor-element elementor-element-43fdc36 e-con-full e-flex e-con e-child\" data-id=\"43fdc36\" data-element_type=\"container\" data-e-type=\"container\">\n\t\t\t\t<div class=\"elementor-element elementor-element-c972911 elementor-widget-mobile__width-inherit elementor-widget elementor-widget-image\" data-id=\"c972911\" data-element_type=\"widget\" data-e-type=\"widget\" data-widget_type=\"image.default\">\n\t\t\t\t\t\t\t\t\t\t\t\t\t\t\t<img loading=\"lazy\" decoding=\"async\" width=\"250\" height=\"250\" src=\"https:\/\/www.niemibil.se\/wp-content\/uploads\/2025\/02\/symbol_250px.webp\" class=\"attachment-medium size-medium wp-image-2196881\" alt=\"\" srcset=\"https:\/\/www.niemibil.se\/wp-content\/uploads\/2025\/02\/symbol_250px.webp 250w, https:\/\/www.niemibil.se\/wp-content\/uploads\/2025\/02\/symbol_250px-150x150.webp 150w, https:\/\/www.niemibil.se\/wp-content\/uploads\/2025\/02\/symbol_250px-12x12.webp 12w\" sizes=\"auto, (max-width: 250px) 100vw, 250px\">\t\t\t\t\t\t\t\t\t\t\t\t\t\t\t<\/div>\n\t\t\t\t<div class=\"elementor-element elementor-element-abd44a4 elementor-widget elementor-widget-text-editor\" data-id=\"abd44a4\" data-element_type=\"widget\" data-e-type=\"widget\" data-widget_type=\"text-editor.default\">\n\t\t\t\t\t\t\t\t\t<p class=\"slider-section-with-features__header__subtitle\" style=\"text-align: left;\"><strong>Borrowing costs money!<\/strong><br \/>If you cannot repay the debt on time, you risk a payment notice. This can lead to difficulties in renting a home, taking out subscriptions and getting new loans. For support, contact the budget and debt counseling service in your municipality. Contact details can be found at konsumentverket.se.<\/p>\t\t\t\t\t\t\t\t<\/div>\n\t\t\t\t<\/div>\n\t\t\t\t<\/div>\n\t\t\t\t<\/div>\n\t\t\t\t<\/div>\n\t\t\t\t<\/div>\n\t\t\t\t\t<\/div>\n\t\t\t\t<\/div>\n\t\t\t\t<\/div>","protected":false},"excerpt":{"rendered":"<p>Bilfinansiering Vi p\u00e5 Niemi Bil samarbetar med DNB Finans f\u00f6r att kunna erbjuda dig en trygg finansiering vid ditt n\u00e4sta bilk\u00f6p, vare sig du ska k\u00f6pa en ny bil eller en begagnad bil. Vi erbjuder ett flexibelt uppl\u00e4gg d\u00e4r du som kund har kontroll under hela avtalstiden. Kontakta oss Smarta bilfinansieringar med Niemi Bil R\u00e4kna [&hellip;]<\/p>\n","protected":false},"author":1,"featured_media":5588,"parent":0,"menu_order":0,"comment_status":"closed","ping_status":"closed","template":"","meta":{"_acf_changed":false,"footnotes":""},"class_list":["post-2168","page","type-page","status-publish","has-post-thumbnail","hentry"],"acf":[],"_links":{"self":[{"href":"https:\/\/www.niemibil.se\/en\/wp-json\/wp\/v2\/pages\/2168","targetHints":{"allow":["GET"]}}],"collection":[{"href":"https:\/\/www.niemibil.se\/en\/wp-json\/wp\/v2\/pages"}],"about":[{"href":"https:\/\/www.niemibil.se\/en\/wp-json\/wp\/v2\/types\/page"}],"author":[{"embeddable":true,"href":"https:\/\/www.niemibil.se\/en\/wp-json\/wp\/v2\/users\/1"}],"replies":[{"embeddable":true,"href":"https:\/\/www.niemibil.se\/en\/wp-json\/wp\/v2\/comments?post=2168"}],"version-history":[{"count":10,"href":"https:\/\/www.niemibil.se\/en\/wp-json\/wp\/v2\/pages\/2168\/revisions"}],"predecessor-version":[{"id":2202116,"href":"https:\/\/www.niemibil.se\/en\/wp-json\/wp\/v2\/pages\/2168\/revisions\/2202116"}],"wp:featuredmedia":[{"embeddable":true,"href":"https:\/\/www.niemibil.se\/en\/wp-json\/wp\/v2\/media\/5588"}],"wp:attachment":[{"href":"https:\/\/www.niemibil.se\/en\/wp-json\/wp\/v2\/media?parent=2168"}],"curies":[{"name":"wp","href":"https:\/\/api.w.org\/{rel}","templated":true}]}}